{"id":109,"date":"2020-05-02T07:58:59","date_gmt":"2020-05-02T07:58:59","guid":{"rendered":"http:\/\/bruchsal-bergfried.de\/?page_id=109"},"modified":"2020-05-06T07:02:20","modified_gmt":"2020-05-06T07:02:20","slug":"lieder-der-freiheit","status":"publish","type":"page","link":"https:\/\/demokratiegeschichte-bruchsal.de\/?page_id=109","title":{"rendered":"Lieder der Freiheit"},"content":{"rendered":"\n<p>Auf dieser Seite wollen wir m\u00f6glichst viele traditionelle und aktuelle Liedtexte sammeln und ver\u00f6ffentlichen, die sich mit dem Themenkreis Entwicklung von Freiheit und Demokratie in Deutschland befassen. In den Jahren 2023\/24 wollen wir viele dieser Lieder im Freilichttheater am Bergfried erklingen lassen.<br>Ihre Beitr\u00e4ge und Vorschl\u00e4ge richten Sie bitte an: <a href=\"mailto:\/\/liederderfreiheit@bruchsal-bergfried.de\">liederderfreiheit@bruchsal-bergfried.de<\/a>.<\/p>\n\n\n\n<p><\/p>\n\n\n\n<p><strong>Badisches Wiegenlied<\/strong><br>Ein Lied des Dichters Ludwig Pfau, in dem eine Kriegerwitwe den Tod des Vaters ihres Kindes beklagt, geschrieben 1849 nach der Niederschlagung der Badischen Revolution durch preu\u00dfische Truppen.<\/p>\n\n\n\n<p>1. Schlaf\u2019, mein Kind, schlaf leis\u2019,<br>\nDort drau\u00dfen geht der Preu\u00df\u2019,<br>\nDeinen Vater hat er umgebracht,<br>\nDeine Mutter hat er arm gemacht,<br>\nUnd wer nicht schl\u00e4ft in guter Ruh\u2019,<br>\nDem dr\u00fcckt der Preu\u00df\u2019 die Augen zu.<br>\nSchlaf\u2019, mein Kind, schlaf leis\u2019,<br>\nDort drau\u00dfen geht der Preu\u00df\u2019,<br>\n<br>\n2. Schlaf\u2019, mein Kind, schlaf leis\u2019, <br>\nDort drau\u00dfen geht der Preu\u00df\u2019, <br>\nDer Preu\u00df&#8216; hat eine blut\u2019ge Hand, <br>\nDie streckt er \u00fcber\u2019s badische Land, <br>\nUnd alle m\u00fcssen stille sein <br>\nAls wie dein Vater unterm Stein<br>\nSchlaf\u2019, mein Kind, schlaf leis\u2019, <br>\nDort drau\u00dfen geht der Preu\u00df\u2019, <br>\n<br>\n3. Schlaf\u2019, mein Kind, schlaf leis\u2019, <br>\nDort drau\u00dfen geht der Preu\u00df\u2019, <br>\nZu Rastatt auf der Schanz\u2019, <br>\nDa spielt er auf zum Tanz, <br>\nDa spielt er auf mit Pulver und Blei, <br>\nSo macht er alle Badener frei.<br>\nSchlaf\u2019, mein Kind, schlaf leis\u2019, <br>\nDort drau\u00dfen geht der Preu\u00df\u2019, <br>\n<br>\n4. Schlaf\u2019, mein Kind, schlaf leis&#8216;, <br>\nDort drau\u00dfen geht der Preu\u00df\u2019, <br>\nGott aber wei\u00df, wie lang er geht, <br>\nBis da\u00df die Freiheit aufersteht, <br>\nUnd wo dein Vater liegt, mein Schatz, <br>\nDa hat noch mancher Preu\u00dfe Platz. <br>\nSchrei, mein Kindlein, schrei\u2019s:<br>\nDort drau\u00dfen liegt der Preu\u00df!\n<\/p>\n\n\n\n<p><strong>Die Gedanken sind frei<\/strong><br>Die Gedanken sind frei, wer kann sie erraten? <br>Sie fliegen vorbei, wie n\u00e4chtliche Schatten <br>Kein Mensch kann sie wissen, kein J\u00e4ger erschie\u00dfen <br>Es bleibet dabei: Die Gedanken sind Frei! <\/p>\n\n\n\n<p>Und sperrt man mich ein in finstere Kerker <br>das alles sind nur vergebliche Werke.<br>Denn meine Gedanken zerreissen die Schranken <br>Und Mauern entzwei: Die Gedanken sind frei!  <\/p>\n\n\n\n<p>Ich denke, was ich will und was mich begl\u00fccket <br>Alles in der Still&#8216;, und wie es sich schicket. <br>Mein Wunsch mein Begehren, kann niemand verwehren <br>Denn es bleibet dabei: Die Gedanken sind Frei!<\/p>\n\n\n\n<p><em>Zusatzstrophe von Romuald Kernbei\u00dfer:<\/em><br>Ich denke, was ich will und was mich begl\u00fccket.<br>Doch gar nicht in der Still, nicht wie es sich schicket.<br>Halt nicht meinen Schnabel. Halt nich meinen Schnabel.<br>Es bleibet dabei: <strong>Auch die Rede ist frei!<\/strong><br><\/p>\n\n\n\n<p><strong>Badisches B\u00fcrgerlied<\/strong><br>Ob wir rote, gelbe Kragen, Helme oder H\u00fcte tragen,<br>Stiefel tragen oder Schuh;<br>Oder ob wir R\u00f6cke n\u00e4hen und zu Schuhen Dr\u00e4hte drehen:<br>Das tut, das tut nichts dazu.<\/p>\n\n\n\n<p>Ob wir k\u00f6nnen pr\u00e4sidieren oder m\u00fcssen Akten schmieren<br>Ohne Rast und ohne Ruh;<br>Ob wir just Collegia lesen oder aber binden Besen:<br>Das tut, das tut nichts dazu.<\/p>\n\n\n\n<p>Ob wir stolz zu Rosse reiten, oder ob zu Fu\u00df wir schreiten<br>F\u00fcrbass uns`rem Ziele zu;<br>Ob uns Kreuze vorne schm\u00fccken oder Kreuze hinten dr\u00fccken:<br>Das tut, das tut nichts dazu.<\/p>\n\n\n\n<p>Aber ob wir Neues bauen oder Altes nur verdauen,<br>Wie das Gras verdaut die Kuh;<br>Ob wir in der Welt was schaffen oder nur die Welt begaffen:<br>Das tut, das tut was dazu.<\/p>\n\n\n\n<p>Ob im Kopfe etwas Gr\u00fctze und im Herzen Licht und Hitze;<br>Dass es brennt in einem Nu;<br>Oder ob wir hinter Mauern stets im Dunkeln tr\u00e4ge kauern:<br>Das tut, das tut was dazu.<\/p>\n\n\n\n<p>Ob wir r\u00fcstig und gesch\u00e4ftig, wo es gilt, zu wirken kr\u00e4ftig,<br>Immer tapfer greifen zu;<br>Oder ob wir schl\u00e4frig denken: Gott wird`s schon im Schlafe schenken:<br>Das tut, das tu was dazu.<\/p>\n\n\n\n<p><strong>Drum Ihr B\u00fcrger, drum Ihr Br\u00fcder, alle eines Bundes Glieder,<br>Was auch jeder von uns tu;<br>Alle, die die Lied gesungen, so die Alten wie die Jungen:<br>Tun wir, tun wir was dazu.<\/strong><\/p>\n","protected":false},"excerpt":{"rendered":"<p>Auf dieser Seite wollen wir m\u00f6glichst viele traditionelle und aktuelle Liedtexte sammeln und ver\u00f6ffentlichen, die sich mit dem Themenkreis Entwicklung von Freiheit und Demokratie in Deutschland befassen. In den Jahren 2023\/24 wollen wir viele dieser Lieder im Freilichttheater am Bergfried erklingen lassen.Ihre Beitr\u00e4ge und Vorschl\u00e4ge richten Sie bitte an: liederderfreiheit@bruchsal-bergfried.de. Badisches WiegenliedEin Lied des Dichters &hellip;<\/p>\n<p class=\"read-more\"> <a class=\"\" href=\"https:\/\/demokratiegeschichte-bruchsal.de\/?page_id=109\"> <span class=\"screen-reader-text\">Lieder der Freiheit<\/span> Weiterlesen &raquo;<\/a><\/p>\n","protected":false},"author":2,"featured_media":0,"parent":0,"menu_order":0,"comment_status":"open","ping_status":"closed","template":"","meta":[],"_links":{"self":[{"href":"https:\/\/demokratiegeschichte-bruchsal.de\/index.php?rest_route=\/wp\/v2\/pages\/109"}],"collection":[{"href":"https:\/\/demokratiegeschichte-bruchsal.de\/index.php?rest_route=\/wp\/v2\/pages"}],"about":[{"href":"https:\/\/demokratiegeschichte-bruchsal.de\/index.php?rest_route=\/wp\/v2\/types\/page"}],"author":[{"embeddable":true,"href":"https:\/\/demokratiegeschichte-bruchsal.de\/index.php?rest_route=\/wp\/v2\/users\/2"}],"replies":[{"embeddable":true,"href":"https:\/\/demokratiegeschichte-bruchsal.de\/index.php?rest_route=%2Fwp%2Fv2%2Fcomments&post=109"}],"version-history":[{"count":6,"href":"https:\/\/demokratiegeschichte-bruchsal.de\/index.php?rest_route=\/wp\/v2\/pages\/109\/revisions"}],"predecessor-version":[{"id":160,"href":"https:\/\/demokratiegeschichte-bruchsal.de\/index.php?rest_route=\/wp\/v2\/pages\/109\/revisions\/160"}],"wp:attachment":[{"href":"https:\/\/demokratiegeschichte-bruchsal.de\/index.php?rest_route=%2Fwp%2Fv2%2Fmedia&parent=109"}],"curies":[{"name":"wp","href":"https:\/\/api.w.org\/{rel}","templated":true}]}}