{"id":121,"date":"2020-05-02T10:31:29","date_gmt":"2020-05-02T10:31:29","guid":{"rendered":"http:\/\/bruchsal-bergfried.de\/?page_id=121"},"modified":"2021-03-01T18:47:59","modified_gmt":"2021-03-01T17:47:59","slug":"gedenktermine","status":"publish","type":"page","link":"https:\/\/demokratiegeschichte-bruchsal.de\/?page_id=121","title":{"rendered":"Gedenktermine"},"content":{"rendered":"\n<p>Hier wollen wir ab sofort m\u00f6glichst viele Gedenktermine, die mit unserem Anliegen zu tun haben, auff\u00fchren. Und zwar Monat f\u00fcr Monat und keinesfalls mit dem Anspruch auf Vollst\u00e4ndigkeit. Wenn Sie weitere Termine haben, k\u00f6nnen die jederzeit unter der Kommentarfunktion eingespeist werden. Oder Sie schicken eine mail an: <a href=\"mailto:\/\/lernort-freiheit@bruchsal-bergfried.de\">lernort-freiheit@bruchsal-bergfried.de<\/a><\/p>\n\n\n\n<p><\/p>\n","protected":false},"excerpt":{"rendered":"<p>Hier wollen wir ab sofort m\u00f6glichst viele Gedenktermine, die mit unserem Anliegen zu tun haben, auff\u00fchren. Und zwar Monat f\u00fcr Monat und keinesfalls mit dem Anspruch auf Vollst\u00e4ndigkeit. Wenn Sie weitere Termine haben, k\u00f6nnen die jederzeit unter der Kommentarfunktion eingespeist werden. Oder Sie schicken eine mail an: lernort-freiheit@bruchsal-bergfried.de<\/p>\n","protected":false},"author":2,"featured_media":0,"parent":0,"menu_order":0,"comment_status":"open","ping_status":"closed","template":"","meta":[],"_links":{"self":[{"href":"https:\/\/demokratiegeschichte-bruchsal.de\/index.php?rest_route=\/wp\/v2\/pages\/121"}],"collection":[{"href":"https:\/\/demokratiegeschichte-bruchsal.de\/index.php?rest_route=\/wp\/v2\/pages"}],"about":[{"href":"https:\/\/demokratiegeschichte-bruchsal.de\/index.php?rest_route=\/wp\/v2\/types\/page"}],"author":[{"embeddable":true,"href":"https:\/\/demokratiegeschichte-bruchsal.de\/index.php?rest_route=\/wp\/v2\/users\/2"}],"replies":[{"embeddable":true,"href":"https:\/\/demokratiegeschichte-bruchsal.de\/index.php?rest_route=%2Fwp%2Fv2%2Fcomments&post=121"}],"version-history":[{"count":4,"href":"https:\/\/demokratiegeschichte-bruchsal.de\/index.php?rest_route=\/wp\/v2\/pages\/121\/revisions"}],"predecessor-version":[{"id":286,"href":"https:\/\/demokratiegeschichte-bruchsal.de\/index.php?rest_route=\/wp\/v2\/pages\/121\/revisions\/286"}],"wp:attachment":[{"href":"https:\/\/demokratiegeschichte-bruchsal.de\/index.php?rest_route=%2Fwp%2Fv2%2Fmedia&parent=121"}],"curies":[{"name":"wp","href":"https:\/\/api.w.org\/{rel}","templated":true}]}}