{"id":172,"date":"2020-06-14T15:54:35","date_gmt":"2020-06-14T13:54:35","guid":{"rendered":"http:\/\/bruchsal-bergfried.de\/?page_id=172"},"modified":"2021-03-01T18:41:12","modified_gmt":"2021-03-01T17:41:12","slug":"gedenktermine-juni","status":"publish","type":"page","link":"https:\/\/demokratiegeschichte-bruchsal.de\/?page_id=172","title":{"rendered":"Gedenktermine Juni"},"content":{"rendered":"\n<p><strong>17. Juni 1953<br>Volksaufstand in der DDR<\/strong>    <\/p>\n\n\n\n<p><\/p>\n\n\n\n<p><strong>22. Juni 1944<\/strong><br><strong>Erste Hinrichtung in der Bruchsaler Richtst\u00e4tte der NS-Justiz in der Psycha auf dem Gel\u00e4nde des heutigen B\u00fcrgerparks. <\/strong><br>Hingerichtet wurden im Dreiminuten-Takt: Andreas Glock, Emilie Glock, Franz Roth, Hermann H\u00e4fele, Eugen L\u00e4mmel, Karl Weber<\/p>\n","protected":false},"excerpt":{"rendered":"<p>17. Juni 1953Volksaufstand in der DDR 22. Juni 1944Erste Hinrichtung in der Bruchsaler Richtst\u00e4tte der NS-Justiz in der Psycha auf dem Gel\u00e4nde des heutigen B\u00fcrgerparks. Hingerichtet wurden im Dreiminuten-Takt: Andreas Glock, Emilie Glock, Franz Roth, Hermann H\u00e4fele, Eugen L\u00e4mmel, Karl Weber<\/p>\n","protected":false},"author":2,"featured_media":0,"parent":0,"menu_order":0,"comment_status":"closed","ping_status":"closed","template":"","meta":[],"_links":{"self":[{"href":"https:\/\/demokratiegeschichte-bruchsal.de\/index.php?rest_route=\/wp\/v2\/pages\/172"}],"collection":[{"href":"https:\/\/demokratiegeschichte-bruchsal.de\/index.php?rest_route=\/wp\/v2\/pages"}],"about":[{"href":"https:\/\/demokratiegeschichte-bruchsal.de\/index.php?rest_route=\/wp\/v2\/types\/page"}],"author":[{"embeddable":true,"href":"https:\/\/demokratiegeschichte-bruchsal.de\/index.php?rest_route=\/wp\/v2\/users\/2"}],"replies":[{"embeddable":true,"href":"https:\/\/demokratiegeschichte-bruchsal.de\/index.php?rest_route=%2Fwp%2Fv2%2Fcomments&post=172"}],"version-history":[{"count":4,"href":"https:\/\/demokratiegeschichte-bruchsal.de\/index.php?rest_route=\/wp\/v2\/pages\/172\/revisions"}],"predecessor-version":[{"id":279,"href":"https:\/\/demokratiegeschichte-bruchsal.de\/index.php?rest_route=\/wp\/v2\/pages\/172\/revisions\/279"}],"wp:attachment":[{"href":"https:\/\/demokratiegeschichte-bruchsal.de\/index.php?rest_route=%2Fwp%2Fv2%2Fmedia&parent=172"}],"curies":[{"name":"wp","href":"https:\/\/api.w.org\/{rel}","templated":true}]}}