{"id":19,"date":"2020-05-01T11:51:59","date_gmt":"2020-05-01T11:51:59","guid":{"rendered":"http:\/\/bruchsal-bergfried.de\/?page_id=19"},"modified":"2020-05-03T09:08:05","modified_gmt":"2020-05-03T09:08:05","slug":"jubilaeumsjahre-2023-24","status":"publish","type":"page","link":"https:\/\/demokratiegeschichte-bruchsal.de\/?page_id=19","title":{"rendered":"Jubil\u00e4umsjahre 2023\/24"},"content":{"rendered":"\n<p>Zum 175-j\u00e4hrigen Jubil\u00e4um der B\u00fcrgerlichen Revolution in Baden und Deutschland planen wir eine Veranstaltungsreihe. <\/p>\n\n\n\n<p>Hier k\u00f6nnen Sie Ihre Ideen einbringen. <\/p>\n\n\n\n<p>Schreiben Sie an: <a href=\"mailto:\/\/lernort-freiheit@bruchsal-bergfried.de\">lernort-freiheit@bruchsal-bergfried.de<\/a><\/p>\n\n\n\n<p><strong>Hier die ersten Vorschl\u00e4ge und Ideen:<\/strong><br><strong>Lieder der Freiheit <\/strong>&#8211; Wir gr\u00fcnden noch in diesem Jahr eine Songgruppe, die sich um das Liedgut der Bauernkriege, der B\u00fcrgerlichen Revolution und nat\u00fcrlich auch der Entwicklung einer freiheitlich-demokratischen Gesellschaft bis heute k\u00fcmmert. Diese Gruppe kann dann in den Jubil\u00e4umsjahren 2023\/24 mehrere Veranstaltungen anbieten. Wer will mitmachen? Bitte melden unter: <a href=\"mailto:\/\/liederderfreiheit@bruchsal-bergfried.de\">liederderfreiheit@bruchsal-bergfried.de <\/a>Ein Archiv mit Liedertexten starten wir in K\u00fcrze auf dieser Webseite.<\/p>\n\n\n\n<p><strong>Theaterst\u00fccke: <\/strong>Es wurden zu diesem Themen in den letzten Jahrzehnten in Bruchsal einige Theaterst\u00fccke aufgef\u00fchrt, unter anderen:<br>&#8211; Bauernoper von Yak Karsunke<br>&#8211; Alleweil Freiheit (BLB-Auftragsarbeit zur Revolution 1848\/49)<br>&#8211; Koralle-St\u00fcck von Franz Csiky<br>&#8211; Heimatkunde von Paul Schrag (BLB)<br>&#8211; Die Geschichte vom Herrn Rat (Paul Schrag\/BLB)<br>&#8211; Unsch\u00e4dlichmachungen (BLB)<br>Aus diesen St\u00fccken und auch anderen Vorlagen lie\u00dfe sich entweder eine tolle Revue zusammenstellen oder vielleicht sogar eine ganze Reihe von Neu-Inszenierungen, vielleicht durch die Theatergruppen der Bruchsaler Schulen.<\/p>\n\n\n\n<p>Auf viele weiteren Ideen und Vorschl\u00e4ge sind wir gespannt.<\/p>\n\n\n\n<p><br><\/p>\n","protected":false},"excerpt":{"rendered":"<p>Zum 175-j\u00e4hrigen Jubil\u00e4um der B\u00fcrgerlichen Revolution in Baden und Deutschland planen wir eine Veranstaltungsreihe. Hier k\u00f6nnen Sie Ihre Ideen einbringen. Schreiben Sie an: lernort-freiheit@bruchsal-bergfried.de Hier die ersten Vorschl\u00e4ge und Ideen:Lieder der Freiheit &#8211; Wir gr\u00fcnden noch in diesem Jahr eine Songgruppe, die sich um das Liedgut der Bauernkriege, der B\u00fcrgerlichen Revolution und nat\u00fcrlich auch der &hellip;<\/p>\n<p class=\"read-more\"> <a class=\"\" href=\"https:\/\/demokratiegeschichte-bruchsal.de\/?page_id=19\"> <span class=\"screen-reader-text\">Jubil\u00e4umsjahre 2023\/24<\/span> Weiterlesen &raquo;<\/a><\/p>\n","protected":false},"author":2,"featured_media":0,"parent":0,"menu_order":0,"comment_status":"open","ping_status":"closed","template":"","meta":[],"_links":{"self":[{"href":"https:\/\/demokratiegeschichte-bruchsal.de\/index.php?rest_route=\/wp\/v2\/pages\/19"}],"collection":[{"href":"https:\/\/demokratiegeschichte-bruchsal.de\/index.php?rest_route=\/wp\/v2\/pages"}],"about":[{"href":"https:\/\/demokratiegeschichte-bruchsal.de\/index.php?rest_route=\/wp\/v2\/types\/page"}],"author":[{"embeddable":true,"href":"https:\/\/demokratiegeschichte-bruchsal.de\/index.php?rest_route=\/wp\/v2\/users\/2"}],"replies":[{"embeddable":true,"href":"https:\/\/demokratiegeschichte-bruchsal.de\/index.php?rest_route=%2Fwp%2Fv2%2Fcomments&post=19"}],"version-history":[{"count":7,"href":"https:\/\/demokratiegeschichte-bruchsal.de\/index.php?rest_route=\/wp\/v2\/pages\/19\/revisions"}],"predecessor-version":[{"id":143,"href":"https:\/\/demokratiegeschichte-bruchsal.de\/index.php?rest_route=\/wp\/v2\/pages\/19\/revisions\/143"}],"wp:attachment":[{"href":"https:\/\/demokratiegeschichte-bruchsal.de\/index.php?rest_route=%2Fwp%2Fv2%2Fmedia&parent=19"}],"curies":[{"name":"wp","href":"https:\/\/api.w.org\/{rel}","templated":true}]}}