{"id":22,"date":"2020-05-01T12:07:10","date_gmt":"2020-05-01T12:07:10","guid":{"rendered":"http:\/\/bruchsal-bergfried.de\/?page_id=22"},"modified":"2026-01-28T10:07:45","modified_gmt":"2026-01-28T09:07:45","slug":"impressum","status":"publish","type":"page","link":"https:\/\/demokratiegeschichte-bruchsal.de\/?page_id=22","title":{"rendered":"Impressum"},"content":{"rendered":"\n<p><br> Inhaltlich Verantwortlicher gem\u00e4\u00df \u00a7 10 Absatz 3 MDStV:<\/p>\n\n\n\n<p><\/p>\n\n\n\n<p>F\u00f6rderverein Demokratiegeschichte Bruchsal e.V.<br>Rainer Kaufmann  1. Vorsitzender<br>Robert-Stolz-Str. 23 a<br>76646 Bruchsal<br> E-mail: <a href=\"mailto:vorstand@demokratiegschichte-bruchsal.de\" data-type=\"mailto\" data-id=\"mailto:vorstand@demokratiegschichte-bruchsal.de\">vorstand@demokratiegeschichte-bruchsal.de<\/a><\/p>\n\n\n\n<p>Discloser:<\/p>\n\n\n\n<hr class=\"wp-block-separator\"\/>\n\n\n\n<h3>\n<a>Haftungsausschluss<\/a>\n<\/h3>\n\n\n\n<p>Mit dem Urteil vom 12. Mai 1998 hat das Landgericht Hamburg  entschieden, dass man durch die Ausbringung eines Links die Inhalte der  gelinkten Seite ggf. mit zu verantworten hat. Dies kann \u2013 so das LG \u2013  nur dadurch verhindert werden, dass man sich ausdr\u00fccklich von diesen  Inhalte distanziert. Der Betreiber der Internet-Pr\u00e4senz bruchsal-bergfried.de  m\u00f6chte deshalb ausdr\u00fccklich betonen, dass er keinerlei Einfluss auf die  Gestaltung und die Inhalte der gelinkten Seiten hat. Er distanziert sich  deshalb ausdr\u00fccklich von allen Inhalten aller gelinkten Seiten auf  dieser Website und macht sich die Inhalte nicht zu eigen. Diese  Erkl\u00e4rung gilt f\u00fcr alle auf der Website ausgebrachten Links.<\/p>\n\n\n\n<p><strong>1. Inhalt des Onlineangebotes<\/strong> <br>Der Autor \u00fcbernimmt keinerlei Gew\u00e4hr f\u00fcr die Aktualit\u00e4t, Korrektheit,  Vollst\u00e4ndigkeit oder Qualit\u00e4t der bereitgestellten Informationen.  Haftungsanspr\u00fcche gegen den Autor, welche sich auf Sch\u00e4den materieller oder ideeller Art  beziehen, die durch die Nutzung oder Nichtnutzung der dargebotenen  Informationen bzw. durch die Nutzung fehlerhafter und unvollst\u00e4ndiger  Informationen verursacht wurden, sind grunds\u00e4tzlich ausgeschlossen,  sofern seitens des Autors kein nachweislich vors\u00e4tzliches oder grob fahrl\u00e4ssiges  Verschulden vorliegt. <br>Alle Angebote sind freibleibend und unverbindlich. Der Autor beh\u00e4lt  es sich ausdr\u00fccklich vor, Teile der Seiten oder das gesamte Angebot ohne gesonderte Ank\u00fcndigung zu  ver\u00e4ndern, zu erg\u00e4nzen, zu l\u00f6schen oder die Ver\u00f6ffentlichung zeitweise  oder endg\u00fcltig einzustellen. <\/p>\n\n\n\n<p><strong>2. Verweise und Links<\/strong> <br>Bei direkten oder indirekten Verweisen auf fremde Webseiten  (&#8222;Hyperlinks&#8220;), die au\u00dferhalb des Verantwortungsbereiches des Autors liegen, w\u00fcrde eine Haftungsverpflichtung ausschlie\u00dflich in  dem Fall in Kraft treten, in dem der Autor von den Inhalten Kenntnis hat und es  ihm technisch m\u00f6glich und zumutbar w\u00e4re, die Nutzung im Falle  rechtswidriger Inhalte zu verhindern. <br> Der Autor erkl\u00e4rt hiermit ausdr\u00fccklich, dass zum Zeitpunkt der  Linksetzung keine illegalen Inhalte auf den zu verlinkenden Seiten  erkennbar waren. Auf die aktuelle und zuk\u00fcnftige Gestaltung, die Inhalte oder die Urheberschaft der  verlinkten\/verkn\u00fcpften Seiten hat der Autor keinerlei Einfluss. Deshalb  distanziert er sich hiermit ausdr\u00fccklich von allen Inhalten aller  verlinkten \/verkn\u00fcpften Seiten, die nach der Linksetzung ver\u00e4ndert wurden. Diese  Feststellung gilt f\u00fcr alle innerhalb des eigenen Internetangebotes  gesetzten Links und Verweise sowie f\u00fcr Fremdeintr\u00e4ge in vom Autor  eingerichteten G\u00e4steb\u00fcchern, Diskussionsforen, Linkverzeichnissen,  Mailinglisten und in allen anderen Formen von Datenbanken, auf deren  Inhalt externe Schreibzugriffe m\u00f6glich sind. F\u00fcr illegale, fehlerhafte  oder unvollst\u00e4ndige Inhalte und insbesondere f\u00fcr Sch\u00e4den, die aus der  Nutzung oder Nichtnutzung solcherart dargebotener Informationen  entstehen, haftet allein der Anbieter der Seite, auf welche verwiesen  wurde, nicht derjenige, der \u00fcber Links auf die jeweilige  Ver\u00f6ffentlichung lediglich verweist. <\/p>\n\n\n\n<p><strong>3. Urheber- und Kennzeichenrecht<\/strong> <br>Der Autor ist bestrebt, in allen Publikationen die Urheberrechte der  verwendeten Bilder, Grafiken, Tondokumente, Videosequenzen und Texte zu beachten, von ihm selbst erstellte Bilder, Grafiken, Tondokumente,  Videosequenzen und Texte zu nutzen oder auf lizenzfreie Grafiken,  Tondokumente, Videosequenzen und Texte zur\u00fcckzugreifen.  <br>Alle innerhalb des Internetangebotes genannten und ggf. durch Dritte  gesch\u00fctzten Marken- und Warenzeichen unterliegen uneingeschr\u00e4nkt den  Bestimmungen des jeweils g\u00fcltigen Kennzeichenrechts und den  Besitzrechten der jeweiligen eingetragenen Eigent\u00fcmer. Allein aufgrund  der blo\u00dfen Nennung ist nicht der Schluss zu ziehen, dass Markenzeichen  nicht durch Rechte Dritter gesch\u00fctzt sind! <br>Das Copyright f\u00fcr ver\u00f6ffentlichte, vom Autor selbst erstellte Objekte  bleibt allein beim Autor der Seiten.  Eine Vervielf\u00e4ltigung oder Verwendung solcher Grafiken, Tondokumente,  Videosequenzen und Texte in anderen elektronischen oder gedruckten  Publikationen ist ohne ausdr\u00fcckliche Zustimmung des Autors nicht  gestattet. <\/p>\n\n\n\n<p><strong>4. Datenschutz<\/strong> <br>Sofern innerhalb des Internetangebotes die M\u00f6glichkeit zur Eingabe  pers\u00f6nlicher oder gesch\u00e4ftlicher Daten (Emailadressen, Namen,  Anschriften) besteht, so erfolgt die Preisgabe dieser Daten seitens des  Nutzers auf ausdr\u00fccklich freiwilliger Basis. Die Inanspruchnahme und  Bezahlung aller angebotenen Dienste ist &#8211; soweit technisch m\u00f6glich und  zumutbar &#8211; auch ohne Angabe solcher Daten bzw. unter Angabe  anonymisierter Daten oder eines Pseudonyms gestattet. Die Nutzung der im Rahmen des Impressums oder vergleichbarer Angaben  ver\u00f6ffentlichten Kontaktdaten wie Postanschriften, Telefon- und  Faxnummern sowie Emailadressen durch Dritte zur \u00dcbersendung von nicht  ausdr\u00fccklich angeforderten Informationen ist nicht gestattet. Rechtliche  Schritte gegen die Versender von sogenannten Spam-Mails bei Verst\u00f6ssen  gegen dieses Verbot sind ausdr\u00fccklich vorbehalten. <\/p>\n\n\n\n<p><strong>5. Rechtswirksamkeit dieses Haftungsausschlusses<\/strong> <br>Dieser Haftungsausschluss ist als Teil des Internetangebotes zu  betrachten, von dem aus auf diese Seite verwiesen wurde. Sofern Teile  oder einzelne Formulierungen dieses Textes der geltenden Rechtslage  nicht, nicht mehr oder nicht vollst\u00e4ndig entsprechen sollten, bleiben  die \u00fcbrigen Teile des Dokumentes in ihrem Inhalt und ihrer G\u00fcltigkeit  davon unber\u00fchrt. <\/p>\n\n\n\n<p><\/p>\n\n\n\n<p><\/p>\n\n\n\n<p><\/p>\n\n\n\n<p>Quelle: <a href=\"http:\/\/www.disclaimer.de\/disclaimer.htm?farbe=E5E5FF\/000088\/1111FF\/1111FF\">www.disclaimer.de<\/a><\/p>\n","protected":false},"excerpt":{"rendered":"<p>Inhaltlich Verantwortlicher gem\u00e4\u00df \u00a7 10 Absatz 3 MDStV: F\u00f6rderverein Demokratiegeschichte Bruchsal e.V.Rainer Kaufmann 1. VorsitzenderRobert-Stolz-Str. 23 a76646 Bruchsal E-mail: vorstand@demokratiegeschichte-bruchsal.de Discloser: Haftungsausschluss Mit dem Urteil vom 12. Mai 1998 hat das Landgericht Hamburg entschieden, dass man durch die Ausbringung eines Links die Inhalte der gelinkten Seite ggf. mit zu verantworten hat. Dies kann \u2013 so &hellip;<\/p>\n<p class=\"read-more\"> <a class=\"\" href=\"https:\/\/demokratiegeschichte-bruchsal.de\/?page_id=22\"> <span class=\"screen-reader-text\">Impressum<\/span> Weiterlesen &raquo;<\/a><\/p>\n","protected":false},"author":1,"featured_media":0,"parent":0,"menu_order":0,"comment_status":"closed","ping_status":"closed","template":"","meta":[],"_links":{"self":[{"href":"https:\/\/demokratiegeschichte-bruchsal.de\/index.php?rest_route=\/wp\/v2\/pages\/22"}],"collection":[{"href":"https:\/\/demokratiegeschichte-bruchsal.de\/index.php?rest_route=\/wp\/v2\/pages"}],"about":[{"href":"https:\/\/demokratiegeschichte-bruchsal.de\/index.php?rest_route=\/wp\/v2\/types\/page"}],"author":[{"embeddable":true,"href":"https:\/\/demokratiegeschichte-bruchsal.de\/index.php?rest_route=\/wp\/v2\/users\/1"}],"replies":[{"embeddable":true,"href":"https:\/\/demokratiegeschichte-bruchsal.de\/index.php?rest_route=%2Fwp%2Fv2%2Fcomments&post=22"}],"version-history":[{"count":9,"href":"https:\/\/demokratiegeschichte-bruchsal.de\/index.php?rest_route=\/wp\/v2\/pages\/22\/revisions"}],"predecessor-version":[{"id":886,"href":"https:\/\/demokratiegeschichte-bruchsal.de\/index.php?rest_route=\/wp\/v2\/pages\/22\/revisions\/886"}],"wp:attachment":[{"href":"https:\/\/demokratiegeschichte-bruchsal.de\/index.php?rest_route=%2Fwp%2Fv2%2Fmedia&parent=22"}],"curies":[{"name":"wp","href":"https:\/\/api.w.org\/{rel}","templated":true}]}}