{"id":224,"date":"2020-09-17T17:56:17","date_gmt":"2020-09-17T15:56:17","guid":{"rendered":"http:\/\/bruchsal-bergfried.de\/?page_id=224"},"modified":"2020-09-17T17:56:18","modified_gmt":"2020-09-17T15:56:18","slug":"in-baden-geaechtet-in-amerika-geachtet","status":"publish","type":"page","link":"https:\/\/demokratiegeschichte-bruchsal.de\/?page_id=224","title":{"rendered":"In Baden ge\u00e4chtet &#8211; in Amerika geachtet"},"content":{"rendered":"<p><br \/><!--StartFragment--><\/p>\n\n\n<div class=\"wp-block-media-text alignwide\" style=\"grid-template-columns:43% auto\"><figure class=\"wp-block-media-text__media\"><img loading=\"lazy\" width=\"4500\" height=\"6685\" src=\"http:\/\/bruchsal-bergfried.de\/wp-content\/uploads\/2020\/09\/bergfried_2_bearbeitet_brentano.jpg\" alt=\"\" class=\"wp-image-205\"\/><\/figure><div class=\"wp-block-media-text__content\">\n<p style=\"font-size:28px\">Zum Todestag des badischen liberalen Politikers Lorenz Brentano<\/p>\n\n\n\n<p>Von Dr. J\u00fcrgen Dick<\/p>\n\n\n\n<p><strong>Lorenz Brentano (1813-1891)<\/strong><\/p>\n<\/div><\/div>\n\n\n\n<p>Am\n17. September 1891, also heute vor 129 Jahren, starb in Chicago\/USA der\nbadische Politiker und demokratische Revolutionsf\u00fchrer von 1849 Lorenz\nBrentano. Der am 4. November 1813 in Mannheim geborene Rechtsanwalt setzte sich\nbereits als Abgeordneter der 2. Badischen St\u00e4ndekammer in den 1840er Jahren f\u00fcr\ndemokratische Grundrechte, die politische Mitbestimmung des Volkes und die\nEmanzipation der Juden ein. Als sich 1846 die liberale Kammeropposition in\ngem\u00e4\u00dfigte Liberale und entschiedene Demokraten spaltete, schloss er sich den\nDemokraten an. <\/p>\n\n\n\n<p>1847 erhielt er eine Stelle als Advokat am Hofgericht in Bruchsal und wohnte in der Huttenstra\u00dfe, bevor er 1848 aufgrund seiner hervorragenden juristischen Qualifikation zum Advokaten und Prokurator am Oberhofgericht in Mannheim avancierte. In der badischen \u00d6ffentlichkeit weithin bekannt und popul\u00e4r wurde Brentano, als er nach den ersten Aufst\u00e4nden von 1848 die Verteidigung der Revolution\u00e4re Gustav Struve und Karl Blind \u00fcbernahm. Er wurde in die Nationalversammlung der Frankfurter Paulskirche gew\u00e4hlt und stand an der Spitze des Landesausschusses der demokratischen Volksvereine in Baden. In dieser Funktion gelang es ihm, zusammen mit seinem Stellvertreter Amand Goegg das Netz dieser Vereine und damit den Einfluss der Demokraten in Baden erheblich zu erweitern, was letztendlich zum anf\u00e4nglichen Erfolg der Mairevolution von 1849 entscheidend beitrug und zur Flucht des Gro\u00dfherzogs f\u00fchrte. <\/p>\n\n\n\n<p>Als\nVorsitzender der provisorischen Regierung, sah er sich vor die schwierige\nAufgabe gestellt, <\/p>\n\n\n\n<p>die\nneu errungenen demokratischen Freiheitsrechte gegen\u00fcber der drohenden Invasion\npreu\u00dfisch dominierter Reichstruppen zu verteidigen. Seine Gegner im\nradikaldemokratischen Lager, allen voran Gustav Struve, die offen f\u00fcr die\nAusrufung einer Republik pl\u00e4dierten, w\u00e4hrend sich Brentano zun\u00e4chst auf die\nVerteidigung der Reichsverfassung konzentrieren wollte, warfen ihm mangelnde\nrevolution\u00e4re Dynamik vor, beachteten allerdings nicht, dass er die Mehrheit\nder neuen, frei gew\u00e4hlten Verfassungsgebenden Versammlung hinter sich hatte. Seine\nVersuche einer ausgleichenden Politik konnten den Einmarsch der\nInterventionstruppen, gegen deren \u00dcbermacht die badisch-pf\u00e4lzische\nRevolutionsarmee trotz tapferer Gegenwehr keine Chance hatte, nicht verhindern.\nAls keine Aussicht auf Erfolg mehr bestand, floh Brentano zusammen mit anderen\nRevolutionsf\u00fchrern und den Resten der Armee in die Schweiz und entging so den\nbadisch-preu\u00dfischen Standgerichten.&nbsp; <\/p>\n\n\n\n<p>Brentano\nemigrierte in die USA, wo er als Zeitungsherausgeber, zeitweise als Farmer und\n\u00fcberwiegend als Journalist t\u00e4tig war, bevor er in Chicago eine zweite\npolitische Karriere startete.&nbsp; Er schloss\nsich wie viele andere Revolutionsteilnehmer von 1849\/49 der neu gegr\u00fcndeten\nRepublikanischen Partei Abraham Lincolns an. Da die Republikaner damals die\nliberalere der beiden gro\u00dfen amerikanischen Parteien waren und vor allem f\u00fcr\ndie Abschaffung der Sklaverei eintraten, war dies f\u00fcr Brentano ein konsequenter\nSchritt, der im Einklang stand mit seinen freiheitlichen Grund\u00fcberzeugungen,\ndie er aus der alten Heimat mitgebracht hatte. Sein politisches Talent zahlte\nsich jetzt in einem Umfeld der freien Meinungs\u00e4u\u00dferung aus. \u00dcber die\nZwischenstationen als Abgeordneter des Staatsparlamentes von Illinois und als\nKonsul der Vereinigten Staaten in Dresden, schaffte er es schlie\u00dflich 1877 als\nrepublikanischer Abgeordneter ins US-Repr\u00e4sentantenhaus.<\/p>\n\n\n\n<p>Er\nstarb als hochgeachteter amerikanischer Staatsb\u00fcrger.<\/p>\n\n\n<p><!--EndFragment--><br \/><br \/><\/p>","protected":false},"excerpt":{"rendered":"<p>Zum Todestag des badischen liberalen Politikers Lorenz Brentano Von Dr. J\u00fcrgen Dick Lorenz Brentano (1813-1891) Am 17. September 1891, also heute vor 129 Jahren, starb in Chicago\/USA der badische Politiker und demokratische Revolutionsf\u00fchrer von 1849 Lorenz Brentano. Der am 4. November 1813 in Mannheim geborene Rechtsanwalt setzte sich bereits als Abgeordneter der 2. Badischen St\u00e4ndekammer &hellip;<\/p>\n<p class=\"read-more\"> <a class=\"\" href=\"https:\/\/demokratiegeschichte-bruchsal.de\/?page_id=224\"> <span class=\"screen-reader-text\">In Baden ge\u00e4chtet &#8211; in Amerika geachtet<\/span> Weiterlesen &raquo;<\/a><\/p>\n","protected":false},"author":2,"featured_media":0,"parent":0,"menu_order":0,"comment_status":"closed","ping_status":"closed","template":"","meta":[],"_links":{"self":[{"href":"https:\/\/demokratiegeschichte-bruchsal.de\/index.php?rest_route=\/wp\/v2\/pages\/224"}],"collection":[{"href":"https:\/\/demokratiegeschichte-bruchsal.de\/index.php?rest_route=\/wp\/v2\/pages"}],"about":[{"href":"https:\/\/demokratiegeschichte-bruchsal.de\/index.php?rest_route=\/wp\/v2\/types\/page"}],"author":[{"embeddable":true,"href":"https:\/\/demokratiegeschichte-bruchsal.de\/index.php?rest_route=\/wp\/v2\/users\/2"}],"replies":[{"embeddable":true,"href":"https:\/\/demokratiegeschichte-bruchsal.de\/index.php?rest_route=%2Fwp%2Fv2%2Fcomments&post=224"}],"version-history":[{"count":1,"href":"https:\/\/demokratiegeschichte-bruchsal.de\/index.php?rest_route=\/wp\/v2\/pages\/224\/revisions"}],"predecessor-version":[{"id":225,"href":"https:\/\/demokratiegeschichte-bruchsal.de\/index.php?rest_route=\/wp\/v2\/pages\/224\/revisions\/225"}],"wp:attachment":[{"href":"https:\/\/demokratiegeschichte-bruchsal.de\/index.php?rest_route=%2Fwp%2Fv2%2Fmedia&parent=224"}],"curies":[{"name":"wp","href":"https:\/\/api.w.org\/{rel}","templated":true}]}}