{"id":229,"date":"2020-09-17T18:00:43","date_gmt":"2020-09-17T16:00:43","guid":{"rendered":"http:\/\/bruchsal-bergfried.de\/?page_id=229"},"modified":"2020-09-17T18:01:27","modified_gmt":"2020-09-17T16:01:27","slug":"gruendung-des-foerderverein","status":"publish","type":"page","link":"https:\/\/demokratiegeschichte-bruchsal.de\/?page_id=229","title":{"rendered":"Gr\u00fcndung des F\u00f6rderverein"},"content":{"rendered":"\n<p class=\"has-medium-font-size\">24. August 2020<strong><br>Gr\u00fcndung des F\u00f6rdervereins Lernort Bergfried Bruchsal<br>Freiheit, B\u00fcrgerrechte und Demokratie<\/strong><br>Am Mittwoch 19. August hat sich im Atrium am Bergfried der F\u00f6rderverein gegr\u00fcndet, der unser Anliegen k\u00fcnftig in Politik und Gesellschaft nachhaltig positionieren soll. Anwesend waren zehn Gr\u00fcndungsmitglieder. In den Vorstand wurden gew\u00e4hlt: Rainer Kaufmann (1. Vorsitzender), Eberhard Schneider (2. Vorsitzender) und \u00d6zg\u00fcr Sahin (Schriftf\u00fchrer). <\/p>\n\n\n\n<p>Der Verein wird so schnell als m\u00f6glich registriert werden, au\u00dferdem wird die Gemeinn\u00fctzigkeit beantragt. Wer Mitglied werden will im Verein, kann per email einen Aufnahmeantrag und eine Kopie der Satzung anfordern: lernort-freiheit@bruchsal-bergfried.de.<\/p>\n\n\n\n<p>Wir freuen uns auf jeden, der unser Ziel, in der Stadtmitte von Bruchsal einen Lernort der demkratischen Geschichte unseres Landes zu etablieren, mit unterst\u00fctzt. Nach der Registrierung wird der Verein mit entsprechender \u00d6ffentlichkeitsarbeit und &#8211; sofern m\u00f6glich &#8211; auch mit ersten Veranstaltungen beginnen.<br>Dabei erinnern wir erneut an die Rede des damaligen Bundestagspr\u00e4sidenten  Norbert Lammert bei der Er\u00f6ffnung der 16. Bundesversammlung am 12.  Februar 2017, auf der Frank-Walter Steinmeier zum Bundespr\u00e4sidenten  gew\u00e4hlt wurde. Lammert erkl\u00e4rte: <strong><em>&#8222;Tats\u00e4chlich hat das erstaunliche Ansehen, das Deutschland heute in der Welt genie\u00dft, wesentlich mit unserem verantwortungsvollen Umgang mit der eigenen Geschichte zu tun. (&#8230;) Zum historischen Werden Deutschlands geh\u00f6rt im \u00dcbrigen auch seine zwar wechselvolle, aber beachtliche Freiheits- und Demokratiegeschichte. Ihr angemessen und w\u00fcrdig zu gedenken, ist ebenso unverzichtbar wie konstruktiv f\u00fcr das Selbstverst\u00e4ndnis unserer Nation.&#8220;<\/em><\/strong> <br>Und wir erinnern auch daran, dass der damalige OB Bernd Doll bei der Einweihung des &#8222;B\u00fcrger&#8220;-Zentrums erkl\u00e4rte, dies sei <em><strong>&#8222;der Ort der Kritik an denjenigen, denen vom Volk ein St\u00fcck Macht in die H\u00e4nde gegeben wurde.&#8220;<\/strong><\/em> Bis zu dieser demokratischen Seligsprechung war die Stadtmitte von Bruchsal eher der Ort der Obrigkeit, die hier immer wieder aufkommenden Unmut seitens der Bev\u00f6lkerung unterdr\u00fcckte. Diese Geschichte wollen wir, ganz im Sinne von Norbert Lammert, im <strong><em>&#8222;B\u00fcrger&#8220;<\/em><\/strong>-Park, im <em><strong>&#8222;B\u00fcrger&#8220;<\/strong><\/em>-Zentrum und vor allem im <strong><em>Bergfried<\/em><\/strong>, dem \u00e4ltesten erhaltenen Geb\u00e4uder der Stadt attraktiv aufbereitet und dokumentiert wissen. Und damit wollen wir Bruchsal eine M\u00f6glichkeit erarbeiten, in der Stadtmitte einen neuen Anziehungspunkt zu schaffen, der weit \u00fcber die Grenzen Bruchsals hinaus die Erz\u00e4hlungen der Stadt vom Barockschloss und dem Spargel um einen neuen Schwerpunkt bereichert. Ein Schwerpunkt, der f\u00fcr das Selbstverst\u00e4ndnis unserer Nation <em><strong>&#8222;ebenso unverzichtbar wie konstruktiv&#8220;<\/strong><\/em> ist.<\/p>\n\n\n\n<p>Unser Motto ist das B\u00fcrgerlied der Revolution von 1848\/49:<br><em>Drum Ihr B\u00fcrger, drum Ihr Br\u00fcder<br>Was auch jeder von uns tu.<br>Alle, die dies Lied gesungen,<br>So die alten wie die jungen:<\/em><br><strong><em>TUN WIR, TUN WIR WAS DAZU.<\/em><\/strong><\/p>\n\n\n<p><!--EndFragment--><\/p>","protected":false},"excerpt":{"rendered":"<p>24. August 2020Gr\u00fcndung des F\u00f6rdervereins Lernort Bergfried BruchsalFreiheit, B\u00fcrgerrechte und DemokratieAm Mittwoch 19. August hat sich im Atrium am Bergfried der F\u00f6rderverein gegr\u00fcndet, der unser Anliegen k\u00fcnftig in Politik und Gesellschaft nachhaltig positionieren soll. Anwesend waren zehn Gr\u00fcndungsmitglieder. In den Vorstand wurden gew\u00e4hlt: Rainer Kaufmann (1. Vorsitzender), Eberhard Schneider (2. Vorsitzender) und \u00d6zg\u00fcr Sahin (Schriftf\u00fchrer). &hellip;<\/p>\n<p class=\"read-more\"> <a class=\"\" href=\"https:\/\/demokratiegeschichte-bruchsal.de\/?page_id=229\"> <span class=\"screen-reader-text\">Gr\u00fcndung des F\u00f6rderverein<\/span> Weiterlesen &raquo;<\/a><\/p>\n","protected":false},"author":2,"featured_media":0,"parent":0,"menu_order":0,"comment_status":"closed","ping_status":"closed","template":"","meta":[],"_links":{"self":[{"href":"https:\/\/demokratiegeschichte-bruchsal.de\/index.php?rest_route=\/wp\/v2\/pages\/229"}],"collection":[{"href":"https:\/\/demokratiegeschichte-bruchsal.de\/index.php?rest_route=\/wp\/v2\/pages"}],"about":[{"href":"https:\/\/demokratiegeschichte-bruchsal.de\/index.php?rest_route=\/wp\/v2\/types\/page"}],"author":[{"embeddable":true,"href":"https:\/\/demokratiegeschichte-bruchsal.de\/index.php?rest_route=\/wp\/v2\/users\/2"}],"replies":[{"embeddable":true,"href":"https:\/\/demokratiegeschichte-bruchsal.de\/index.php?rest_route=%2Fwp%2Fv2%2Fcomments&post=229"}],"version-history":[{"count":2,"href":"https:\/\/demokratiegeschichte-bruchsal.de\/index.php?rest_route=\/wp\/v2\/pages\/229\/revisions"}],"predecessor-version":[{"id":231,"href":"https:\/\/demokratiegeschichte-bruchsal.de\/index.php?rest_route=\/wp\/v2\/pages\/229\/revisions\/231"}],"wp:attachment":[{"href":"https:\/\/demokratiegeschichte-bruchsal.de\/index.php?rest_route=%2Fwp%2Fv2%2Fmedia&parent=229"}],"curies":[{"name":"wp","href":"https:\/\/api.w.org\/{rel}","templated":true}]}}