{"id":240,"date":"2020-09-17T18:29:45","date_gmt":"2020-09-17T16:29:45","guid":{"rendered":"http:\/\/bruchsal-bergfried.de\/?page_id=240"},"modified":"2020-09-17T18:29:45","modified_gmt":"2020-09-17T16:29:45","slug":"unsere-lesung-im-bruchsaler-kultursommer-26-juli-2020","status":"publish","type":"page","link":"https:\/\/demokratiegeschichte-bruchsal.de\/?page_id=240","title":{"rendered":"Unsere Lesung im Bruchsaler Kultursommer 26. Juli 2020"},"content":{"rendered":"<p><br>\n<!--StartFragment--><\/p>\n\n\n<p>Mitte August 2020<br>Am Sonntag, 26. Juli um 19:00 Uhr bieten wir im Rahmen des Bruchsaler Kultursommers eine einst\u00fcndige Lesung mit dem Titel: Bergfried Bruchsal &#8211; Lernort Freiheit und Demokratie&#8220;. <strong>Nach dem sch\u00f6nen Erfolg unserer Lesung im Bruchsaler Kultursommer gilt es nun, das Projekt &#8222;Lernort Freiheit &#8211; Bergfried Bruchsal&#8220; konkret anzugehen. Dazu wollen wir in K\u00fcrze einen F\u00f6rderverein gr\u00fcnden. <\/strong>Nat\u00fcrlich w\u00fcnschen wir uns viele Mitglieder, die unser Anliegen unterst\u00fctzen. Wer Interesse hat, darf sich gerne melden unter: lernort-freiheit@bruchsal-bergfried.de. Wir schicken dann sofort alle notwendigen Informationen. Hier noch der Bericht aus der Bruchsaler Rundschau:<\/p>\n\n\n\n<figure class=\"wp-block-image is-resized\"><img loading=\"lazy\" src=\"http:\/\/bruchsal-bergfried.de\/wp-content\/uploads\/2020\/08\/atrium_bnn_kritik-1024x643.jpg\" alt=\"\" class=\"wp-image-191\" width=\"987\" height=\"619\" srcset=\"https:\/\/demokratiegeschichte-bruchsal.de\/wp-content\/uploads\/2020\/08\/atrium_bnn_kritik-1024x643.jpg 1024w, https:\/\/demokratiegeschichte-bruchsal.de\/wp-content\/uploads\/2020\/08\/atrium_bnn_kritik-150x94.jpg 150w, https:\/\/demokratiegeschichte-bruchsal.de\/wp-content\/uploads\/2020\/08\/atrium_bnn_kritik-300x188.jpg 300w, https:\/\/demokratiegeschichte-bruchsal.de\/wp-content\/uploads\/2020\/08\/atrium_bnn_kritik-768x482.jpg 768w\" sizes=\"(max-width: 987px) 100vw, 987px\" \/><\/figure>\n\n\n\n<p>Hier der Link zum Bericht im Kraichtalboten (Seite 4): <a href=\"https:\/\/www.lokalmatador.de\/epaper\/ausgabe\/kraichtalbote-31-2020\/?fbclid=IwAR1CqPqS-1hTMST5PlHy9nCbHJPfhVXA-h--JajJZ7ervXcbV7uToo5PpVs\">https:\/\/www.lokalmatador.de\/<\/a><\/p>\n\n\n\n<p>Hier der Link zu Kraichgau-TV: <a href=\"https:\/\/landfunker.de\/kultursommer-am-bergfried-brentano-statt-bismarck\/\">https:\/\/landfunker.de\/kultursommer-am-bergfried-brentano-statt-bismarck\/ <\/a><\/p>\n\n\n\n<p>Dies ist die Webseite &#8222;Lernort Freiheit Bergfried Bruchsal&#8220;. Die Initiatoren laden alle an diesem Thema Interessierten ein, sich aktiv an der Aufarbeitung der Bruchsaler Stadtgeschichte zu engagieren. Dabei erinnern wir an die Rede des damaligen Bundestagspr\u00e4sidenten Norbert Lammert bei der Er\u00f6ffnung der 16. Bundesversammlung am 12. Februar 2017, auf der Frank-Walter Steinmeier zum Bundespr\u00e4sidenten gew\u00e4hlt wurde. Lammert erkl\u00e4rte:<\/p>\n\n\n\n<p style=\"text-align:right\"><em><strong>&#8222;Tats\u00e4chlich hat das erstaunliche Ansehen, das Deutschland heute in der Welt genie\u00dft, wesentlich mit unserem verantwortungsvollen Umgang mit der eigenen Geschichte zu tun. (&#8230;) Zum historischen Werden Deutschlands geh\u00f6rt im \u00dcbrigen auch seine zwar wechselvolle, aber beachtliche Freiheits- und Demokratiegeschichte. Ihr angemessen und w\u00fcrdig zu gedenken, ist ebenso unverzichtbar wie konstruktiv f\u00fcr das Selbstverst\u00e4ndnis unserer Nation.&#8220;<\/strong><\/em><\/p>\n\n\n\n<p>Wir f\u00fchlen uns dieser Stellungnahme Lammerts verpflichtet, denn in der Bruchsaler Stadtmitte, nur wenige Hundert Meter rund um den Bergfried, hat sich nahezu jede Phase dieser deutschen Freiheits- und Demokratiegeschichte abgespielt. Diese aufzuarbeiten und angemessen zu dokumentieren, ist unser Ziel. Dabei ist vor allem daran gedacht, in den Jahren 2023\/24 das 175-j\u00e4hrige Jubil\u00e4um der B\u00fcrgerlichen Revolution in Baden und ganz Deutschland mit einer Reihe von Veranstaltungen w\u00fcrdig zu begehen. In diesem Zusammenhang: Am 23. Mai 2024 wird das Grundgesetz der Bundesrepublik Deutschland 75 Jahre alt. Ein Jubil\u00e4um, das durchaus mit den beiden anderen Jubil\u00e4en in Verbindung zu bringen ist.<\/p>\n\n\n\n<p>Indem wir das tun, f\u00fchlen wir uns auch dem Badischen B\u00fcrgerlied aus jenen Tagen verpflichtet, in den dessen letzter Strophe es hei\u00dft:<\/p>\n\n\n\n<p><strong>Drum Ihr B\u00fcrger, drum Ihr Br\u00fcder, alle eines Bundes Glieder,<br>was auch jeder von uns tu.<br>Alle, die dies Lied gesungen, so die Alten wie die Jungen,<\/strong><br><strong>tun wir, tun wir was dazu.<\/strong><\/p>\n\n\n\n<p>Sobald wieder \u00f6ffentliche Veranstaltungen erlaubt werden, laden wir zu einer ausf\u00fchrlichen Pr\u00e4sentation und Diskussion in einem \u00f6ffentlichen Forum ein, auf dem dann das weitere Vorgehen besprochen werden kann.<\/p>\n\n\n\n<p>Diese Webseite ist auf eine breite Kommunikation angelegt, auf Interaktion. Jeder kann und soll sich beteiligen. Eine breite Meinungsvielfalt ist erw\u00fcnscht. So kann im Laufe der Zeit auf dieser Seite auch ein interessantes Archiv an Dokumenten, Ideen und Meinungen entstehen, das von vielen Interessierten aufgebaut wird.<\/p>\n\n\n\n<p>Kommentare und Beitr\u00e4ge werden nur dann bearbeitet, wenn schwerwiegende Gr\u00fcnde dies erfordern, zum Beispiel etwaige juristische Konsequenzen f\u00fcr die Verantwortlichen der Webseite. <\/p>\n\n\n\n<p>Die Initiatoren dieser Webseite<br><em>Rainer Kaufmann<br>Rolf Schmitt<\/em><br><\/p>\n\n\n<p><!--EndFragment--><br \/><br \/><\/p>","protected":false},"excerpt":{"rendered":"<p>Mitte August 2020Am Sonntag, 26. Juli um 19:00 Uhr bieten wir im Rahmen des Bruchsaler Kultursommers eine einst\u00fcndige Lesung mit dem Titel: Bergfried Bruchsal &#8211; Lernort Freiheit und Demokratie&#8220;. Nach dem sch\u00f6nen Erfolg unserer Lesung im Bruchsaler Kultursommer gilt es nun, das Projekt &#8222;Lernort Freiheit &#8211; Bergfried Bruchsal&#8220; konkret anzugehen. Dazu wollen wir in K\u00fcrze &hellip;<\/p>\n<p class=\"read-more\"> <a class=\"\" href=\"https:\/\/demokratiegeschichte-bruchsal.de\/?page_id=240\"> <span class=\"screen-reader-text\">Unsere Lesung im Bruchsaler Kultursommer 26. Juli 2020<\/span> Weiterlesen &raquo;<\/a><\/p>\n","protected":false},"author":1,"featured_media":0,"parent":0,"menu_order":0,"comment_status":"closed","ping_status":"closed","template":"","meta":[],"_links":{"self":[{"href":"https:\/\/demokratiegeschichte-bruchsal.de\/index.php?rest_route=\/wp\/v2\/pages\/240"}],"collection":[{"href":"https:\/\/demokratiegeschichte-bruchsal.de\/index.php?rest_route=\/wp\/v2\/pages"}],"about":[{"href":"https:\/\/demokratiegeschichte-bruchsal.de\/index.php?rest_route=\/wp\/v2\/types\/page"}],"author":[{"embeddable":true,"href":"https:\/\/demokratiegeschichte-bruchsal.de\/index.php?rest_route=\/wp\/v2\/users\/1"}],"replies":[{"embeddable":true,"href":"https:\/\/demokratiegeschichte-bruchsal.de\/index.php?rest_route=%2Fwp%2Fv2%2Fcomments&post=240"}],"version-history":[{"count":1,"href":"https:\/\/demokratiegeschichte-bruchsal.de\/index.php?rest_route=\/wp\/v2\/pages\/240\/revisions"}],"predecessor-version":[{"id":241,"href":"https:\/\/demokratiegeschichte-bruchsal.de\/index.php?rest_route=\/wp\/v2\/pages\/240\/revisions\/241"}],"wp:attachment":[{"href":"https:\/\/demokratiegeschichte-bruchsal.de\/index.php?rest_route=%2Fwp%2Fv2%2Fmedia&parent=240"}],"curies":[{"name":"wp","href":"https:\/\/api.w.org\/{rel}","templated":true}]}}