{"id":305,"date":"2021-03-01T20:16:29","date_gmt":"2021-03-01T19:16:29","guid":{"rendered":"http:\/\/bruchsal-bergfried.de\/?page_id=305"},"modified":"2022-03-29T10:12:25","modified_gmt":"2022-03-29T08:12:25","slug":"brentano-und-der-1-maerz-2","status":"publish","type":"page","link":"https:\/\/demokratiegeschichte-bruchsal.de\/?page_id=305","title":{"rendered":"Brentano und der 1. M\u00e4rz"},"content":{"rendered":"\n<p><strong>Antwort des Historikers J\u00fcrgen Dick zur Stellungnahme <\/strong><\/p>\n\n\n\n<p>Die Zust\u00e4nde im Gro\u00dfherzogtum Baden waren vor Ausbruch der Revolution l\u00e4ngst nicht so rosig, wie in Ihrer Stellungnahme dargestellt. Daher einige Klarstellungen:<br>(Grundlage: Hrsg. Landeszentrale f\u00fcr Politische Bildung: badische Geschichte. Vom Gro\u00dfherzog bis zur Gegenwart, 2. Aufl. Stuttgart 1987, dort Artikel: Lothar Gall, Gr\u00fcndung und politische Entwicklung des Gro\u00dfherzogtums bis 1848, S. 11-36 und Franz X. Vollmer, Die 48er Revolution in Baden.)<\/p>\n\n\n\n<p>1. Die Gr\u00fcndung des Gro\u00dfherzogtums Baden in Folge des Reichsdeputationshauptschlusses von 1803 war in der Tat das Werk des Freiherrn Sigismund von Reitzenstein und \u201evon Napoleons Gnaden\u201c. Sie bedeutete eine erste Modernisierung der absoluten Monarchie im Sinne eines \u201eaufgekl\u00e4rten Absolutismus\u201c. Der Preis war &#8211; das ist die Kehrseite der Medaille \u2013 u.a. die Abstellung von 7000 badischen Untertanen f\u00fcr den Russlandfeldzug, von dem die wenigsten zur\u00fcckkamen.<br>Da der neue Staat bei der Bev\u00f6lkerung unpopul\u00e4r war, wurde unter Finanzrat Karl Friedrich Nebenius eine Verfassung geschaffen, die f\u00fcr die damalige Zeit als fortschrittlich galt und dem deutschen Fr\u00fchkonstitutionalismus zuzurechnen ist. Ihr Ziel war aber in erster Linie \u201edie Sicherung der Macht des Staates in seiner bestehenden Form, nicht etwa die Idee fortschreitender Selbstbestimmung seiner Untertanen im Interesse politischer M\u00fcndigkeit\u201c. (vgl. Gall, s.o. S. 29).<\/p>\n\n\n\n<p>2. Zwischen\nVerfassung und Verfassungswirklichkeit gab es einerseits Differenzen,\nanderseits waren weitgehendere liberale Forderungen noch nicht erf\u00fcllt. Und es\ngab zunehmend soziale Probleme. Im Einzelnen:<\/p>\n\n\n\n<ul><li>Die\nin Aussicht gestellte Pressefreiheit wurde nicht gew\u00e4hrt. Stattdessen herrschte\nbis zum Ausbruch der M\u00e4rzrevolution von 1848 eine konsequente Pressezensur.\nAndere Grundrechte wie Meinungs-, Versammlungsfreiheit etc. waren noch nicht\ngarantiert.<\/li><li>Auf\ndem Lande herrschten in einigen Regionen noch sp\u00e4tfeudale Zust\u00e4nde. Die\nendg\u00fcltige Abschaffung erfolgte erst durch den Druck der M\u00e4rzrevolution von\n1848. Der z.T. bereits erfolgte Loskauf von den alten Verpflichtungen hatte zur\nmassenweisen Verarmung von kleinen Grundbesitzern gef\u00fchrt.<\/li><li>Es\ngab noch keine konsequente Gewaltenteilung, was Lorenz Brentano als Abgeordneter\nder zweiten Kammer der St\u00e4ndeversammlung zum Anlass nahm, einen Gesetzesantrag\nzur richterlichen Unabh\u00e4ngigkeit zu stellen. <\/li><li>Die\nvon Ihnen erw\u00e4hnte Hungerkrise von 1846\/47 hatte tats\u00e4chlich erhebliche Unruhen\nzur Folge. Die sog. Brotkrawalle wurden z.T. von Milit\u00e4r unterdr\u00fcckt. Diese\nKrise trug zu einer wesentlichen Destabilisierung des gesellschaftlichen und\npolitischen Lebens bei. Au\u00dferdem f\u00fchrte sie zu einer ersten Auswanderungswelle\nnach \u00dcbersee.<\/li><li>Auch\ndie Juden waren l\u00e4ngst nicht so frei, wie von Ihnen behauptet. Noch Anfang 1848\ngab es Judenverfolgungen, auch in Bruchsal, was von Brentano in der politischen\nDiskussion kritisiert wurde.<\/li><\/ul>\n\n\n\n<p>3.Dass die Demokraten in der Bev\u00f6lkerung Badens breiten Zuspruch hatten, zeigt das Ergebnis der Wahl zur Frankfurter Nationalversammlung von 1848, bei der die radikalen Demokraten in Baden eine deutliche Mehrheit bekamen. Insbesondere die Handwerker, vor allem die vielen arbeitslosen Gesellen, radikalisierten sich und liefen im Jahre 1849 massenweise zu den Demokraten \u00fcber.<\/p>\n\n\n\n<p>4. Es trifft zu, dass die ersten Aufst\u00e4nde von Hecker und Struve noch schlecht vorbereitet waren und daher von dem noch \u00fcberwiegend regierungstreuen Milit\u00e4r niedergeschlagen wurden. Das war 1849 ganz anders, als durch die Organisation von fast 500 demokratischen Volksvereinen demokratisches Gedankengut auch in die Armee hineingetragen wurde. Der Soldatenaufstand, der leider oft auf eine Verf\u00fchrung der Soldaten in den Bierh\u00e4usern reduziert wird, muss im Kontext und als Bestandteil einer tiefgreifenden Volks- und B\u00fcrgerrechtsbewegung, die hochpolitischen Charakter hatte und breite Gesellschaftsschichten erreichte, verstanden werden. <\/p>\n\n\n\n<p>Im \u00dcbrigen war\ndie von den \u201eAchtundvierzigern\u201c angestrebte Wehrverfassung keinesfalls\n\u201eorientierungslos\u201c. Das Milit\u00e4r sollte nicht mehr Machtinstrument des\nGro\u00dfherzogs und seiner Regierung sein, das vor allem zur Disziplinierung des\nVolkes eingesetzt wurde, sondern auf die Verfassung vereidigt werden.<\/p>\n\n\n\n<p>Die demokratische Bewegung in Baden wurde schlie\u00dflich durch ein Interventionsheer der reaktion\u00e4ren F\u00fcrsten niedergeschlagen. Damit wurde auch, und das war das eigentliche Ziel unseres Videos, jegliche Erinnerungskultur an die erste deutsche Demokratie- und Einheitsbewegung unterdr\u00fcckt, was bis heute noch nachwirkt. Dabei k\u00f6nnen alle demokratischen Parteien ihre Traditionswurzeln in 1848\/49 finden. <\/p>\n\n\n\n<p>5. Brentano auf einen \u201eredegewandten Sch\u00f6ngeist\u201c zu reduzieren und ihm das Logo \u201eFreiheit und Demokratie\u201c zu verweigern, muss ich meinerseits als \u201evermessen\u201c erachten. Wie Sie der auf dieser Webseite ver\u00f6ffentlichten <a href=\"http:\/\/bruchsal-bergfried.de\/?page_id=224\">Kurzbiographie<\/a>, die auch weitere Literaturangaben enth\u00e4lt, war er von seiner Studienzeit bis zu seinem Lebensende, insbesondere als Abgeordneter der Nationalversammlung der Paulskirche und als Abgeordneter des amerikanischen Repr\u00e4sentantenhauses ein Vertreter genau jener freiheitlich-demokratischen Werte.<\/p>\n\n\n\n<p>F\u00fcr weitere Diskussionen stehe ich gerne zur Verf\u00fcgung.<br>Mit freundlichem Gru\u00df<br>Dr. med. J\u00fcrgen Dick MA<\/p>\n","protected":false},"excerpt":{"rendered":"<p>Antwort des Historikers J\u00fcrgen Dick zur Stellungnahme Die Zust\u00e4nde im Gro\u00dfherzogtum Baden waren vor Ausbruch der Revolution l\u00e4ngst nicht so rosig, wie in Ihrer Stellungnahme dargestellt. Daher einige Klarstellungen:(Grundlage: Hrsg. Landeszentrale f\u00fcr Politische Bildung: badische Geschichte. Vom Gro\u00dfherzog bis zur Gegenwart, 2. Aufl. Stuttgart 1987, dort Artikel: Lothar Gall, Gr\u00fcndung und politische Entwicklung des Gro\u00dfherzogtums &hellip;<\/p>\n<p class=\"read-more\"> <a class=\"\" href=\"https:\/\/demokratiegeschichte-bruchsal.de\/?page_id=305\"> <span class=\"screen-reader-text\">Brentano und der 1. M\u00e4rz<\/span> Weiterlesen &raquo;<\/a><\/p>\n","protected":false},"author":2,"featured_media":0,"parent":0,"menu_order":0,"comment_status":"closed","ping_status":"closed","template":"","meta":[],"_links":{"self":[{"href":"https:\/\/demokratiegeschichte-bruchsal.de\/index.php?rest_route=\/wp\/v2\/pages\/305"}],"collection":[{"href":"https:\/\/demokratiegeschichte-bruchsal.de\/index.php?rest_route=\/wp\/v2\/pages"}],"about":[{"href":"https:\/\/demokratiegeschichte-bruchsal.de\/index.php?rest_route=\/wp\/v2\/types\/page"}],"author":[{"embeddable":true,"href":"https:\/\/demokratiegeschichte-bruchsal.de\/index.php?rest_route=\/wp\/v2\/users\/2"}],"replies":[{"embeddable":true,"href":"https:\/\/demokratiegeschichte-bruchsal.de\/index.php?rest_route=%2Fwp%2Fv2%2Fcomments&post=305"}],"version-history":[{"count":1,"href":"https:\/\/demokratiegeschichte-bruchsal.de\/index.php?rest_route=\/wp\/v2\/pages\/305\/revisions"}],"predecessor-version":[{"id":306,"href":"https:\/\/demokratiegeschichte-bruchsal.de\/index.php?rest_route=\/wp\/v2\/pages\/305\/revisions\/306"}],"wp:attachment":[{"href":"https:\/\/demokratiegeschichte-bruchsal.de\/index.php?rest_route=%2Fwp%2Fv2%2Fmedia&parent=305"}],"curies":[{"name":"wp","href":"https:\/\/api.w.org\/{rel}","templated":true}]}}