{"id":326,"date":"2021-03-27T13:46:46","date_gmt":"2021-03-27T12:46:46","guid":{"rendered":"http:\/\/bruchsal-bergfried.de\/?page_id=326"},"modified":"2021-03-27T13:57:12","modified_gmt":"2021-03-27T12:57:12","slug":"mutige-vision-denk-ort-fundamente","status":"publish","type":"page","link":"https:\/\/demokratiegeschichte-bruchsal.de\/?page_id=326","title":{"rendered":"Mutige Vision: Denk-Ort Fundamente"},"content":{"rendered":"\n<p><br><strong>Kommentar von Rainer Kaufmann zur Pressekonferenz &#8222;Nachnutzung des ehemaligen Synagogen-Gel\u00e4ndes&#8220;<\/strong><br><br>Keine Frage: Da hat sich die Bruchsaler Oberb\u00fcrgermeisterin Cornelia Petzold-Schick ganz weit aus dem Fenster gelehnt, indem sie das Thema Nachnutzung des fr\u00fcheren Synagogen-Gel\u00e4ndes zur ihrer Sache erkl\u00e4rt hat, zur Sache der Chefin im Bruchsaler Rathaus. Und damit wei\u00df sie ganz sicher auch, dass sie sich sp\u00e4ter an diesem Anspruch und an den Visionen, die sie aktuell damit verbunden hat, wird messen lassen m\u00fcssen. Die Messlatte hat sie selbst gelegt und sie liegt recht hoch. Das verlangt zun\u00e4chst einmal geb\u00fchrenden Respekt.<\/p>\n\n\n\n<p>Respekt verlangt auch, dass sie all denen eine klare Absage erteilt hat, die in der Verwertung des so genannten \u201eFiletgrundst\u00fccks Feuerwehrhaus\u201c nichts anderes gesehen haben als einen normalen Grundst\u00fccksdeal zwischen der Stadt und irgendeinem Investoren, f\u00fcr den einige im Bruchsaler Gemeinderat bereits Einnahmen fest eingepreist hatten. Wenn es nach der Bruchsaler Rathauschefin geht, wird die Stadt das Grundst\u00fcck nicht verkaufen, sondern es eventuellen Nutzern nur nach dem Erbbaurecht zur Verf\u00fcgung stellen. Zu schwer, so ist ihre Stellungnahme zu verstehen, zu schwer wiegt die historisch-moralische Last auf dem Grundst\u00fcck, als dass es nach den sonst \u00fcblichen finanziellen Schemata behandelt werden k\u00f6nnte. Das war Klartext.<\/p>\n\n\n\n<p>Ihre Vision anstelle einer kommerziellen Nutzung nannte sie \u201eDenkort Fundamente\u201c, eine sprachliche Neusch\u00f6pfung, die sowohl das Gedenken an die Vergangenheit als auch das Nachdenken \u00fcber die Zukunft beinhaltet. Eine mutige Vision, die der Stadt ein Narrativ er\u00f6ffnet, das einzigartig ist in ganz Baden und sicher auch dar\u00fcber hinaus.<\/p>\n\n\n\n<div class=\"wp-block-image\"><figure class=\"alignright size-large is-resized\"><img loading=\"lazy\" src=\"http:\/\/bruchsal-bergfried.de\/wp-content\/uploads\/2021\/03\/projekt-denkmal-fundamente_7-1024x790.jpg\" alt=\"\" class=\"wp-image-331\" width=\"768\" height=\"593\" srcset=\"https:\/\/demokratiegeschichte-bruchsal.de\/wp-content\/uploads\/2021\/03\/projekt-denkmal-fundamente_7-1024x790.jpg 1024w, https:\/\/demokratiegeschichte-bruchsal.de\/wp-content\/uploads\/2021\/03\/projekt-denkmal-fundamente_7-300x231.jpg 300w, https:\/\/demokratiegeschichte-bruchsal.de\/wp-content\/uploads\/2021\/03\/projekt-denkmal-fundamente_7-150x116.jpg 150w, https:\/\/demokratiegeschichte-bruchsal.de\/wp-content\/uploads\/2021\/03\/projekt-denkmal-fundamente_7-768x592.jpg 768w, https:\/\/demokratiegeschichte-bruchsal.de\/wp-content\/uploads\/2021\/03\/projekt-denkmal-fundamente_7-1536x1184.jpg 1536w, https:\/\/demokratiegeschichte-bruchsal.de\/wp-content\/uploads\/2021\/03\/projekt-denkmal-fundamente_7-2048x1579.jpg 2048w\" sizes=\"(max-width: 768px) 100vw, 768px\" \/><\/figure><\/div>\n\n\n\n<p>Dass dies auch besondere st\u00e4dteplanerische Perspektiven er\u00f6ffnet, zeigte Hartmut Ayrle, der Leiter des Planungsamtes der Stadt, auf. Das Synagogen-Areal liegt ziemlich genau in der Mitte der Strecke zwischen Schloss und Bahnhof. Hier einen Magneten zu schaffen, der Menschen von \u00fcberall anzieht, kommt ganz sicher dem langj\u00e4hrig gehegten Wunsch Bruchsals entgegen, Schloss und Innenstadt wirkungsvoll zu verbinden. Abstecher zum Otto-Oppenheimer-Denkmal und zum B\u00fcrgerpark sind bereits eingeplant.<\/p>\n\n\n\n<p>Schaut man sich die drei Komponenten dieses Denkortes genauer an, wird schnell klar, dass man sich in der Stadtverwaltung von Anfang an auch um die Finanzierung dieser Vision gek\u00fcmmert hat. So will der Landkreis Karlsruhe die Handelslehranstalt erweitern, ein Projekt, das die Stadt kaum etwas kosten wird. Der Landkreis hat daher sicher erstes Zugriffsrecht auf das Gel\u00e4nde.<br><br>Unbestritten ist offensichtlich auch das \u201eHaus des j\u00fcdischen Lebens\u201c, wobei die Namensgebung klar stellt, dass es sich nicht um eine weitere Holocaust-Gedenkst\u00e4tte handeln kann. Im Gegenteil: Es soll vielmehr der Anteil der j\u00fcdischen Bev\u00f6lkerung am wirtschaftlichen, kulturellen und gesellschaftlichen Leben in Baden aufgearbeitet und pr\u00e4sentiert werden. Mit sp\u00fcrbarer Erleichterung hat die Oberb\u00fcrgermeisterin mehrfach erl\u00e4utert, dass es f\u00fcr diese Idee in ganz Baden vielf\u00e4ltige Unterst\u00fctzung g\u00e4be. Und daraus leitet sie offensichtlich auch die Erwartung ab, Finanzquellen au\u00dferhalb von Bruchsal erschlie\u00dfen zu k\u00f6nnen. Nachdem ihr der Gemeinderat in seiner j\u00fcngsten Klausur gr\u00fcnes Licht f\u00fcr diesen Vorschlag gegeben hat, kann sie jetzt den entsprechenden Signalen, die es anscheinend gibt, nachgehen.<\/p>\n\n\n\n<div class=\"wp-block-image\"><figure class=\"alignright size-large is-resized\"><img loading=\"lazy\" src=\"http:\/\/bruchsal-bergfried.de\/wp-content\/uploads\/2021\/03\/projekt-denkmal-fundamente-1024x679.jpg\" alt=\"\" class=\"wp-image-330\" width=\"256\" height=\"170\" srcset=\"https:\/\/demokratiegeschichte-bruchsal.de\/wp-content\/uploads\/2021\/03\/projekt-denkmal-fundamente-1024x679.jpg 1024w, https:\/\/demokratiegeschichte-bruchsal.de\/wp-content\/uploads\/2021\/03\/projekt-denkmal-fundamente-300x199.jpg 300w, https:\/\/demokratiegeschichte-bruchsal.de\/wp-content\/uploads\/2021\/03\/projekt-denkmal-fundamente-150x99.jpg 150w, https:\/\/demokratiegeschichte-bruchsal.de\/wp-content\/uploads\/2021\/03\/projekt-denkmal-fundamente-768x509.jpg 768w, https:\/\/demokratiegeschichte-bruchsal.de\/wp-content\/uploads\/2021\/03\/projekt-denkmal-fundamente-1536x1018.jpg 1536w, https:\/\/demokratiegeschichte-bruchsal.de\/wp-content\/uploads\/2021\/03\/projekt-denkmal-fundamente-2048x1358.jpg 2048w\" sizes=\"(max-width: 256px) 100vw, 256px\" \/><\/figure><\/div>\n\n\n\n<p>Der dritte Pfeiler dieser Vision ist allerdings erkl\u00e4rungsbed\u00fcrftig. Schon allein der Name \u201eLernort Feuerwehr\u201c l\u00e4sst angesichts der Geschichte dieses Platzes aufhorchen. Wie soll das denn zusammenpassen? Die Idee eines \u201eStaatspolitischen Bildungsortes f\u00fcr die Feuerwehrangeh\u00f6rigen des Landes am Ort des einstigen Versagens\u201c geht wohl auf den Antisemitismus-Beauftragten des Landes Baden-W\u00fcrttemberg zur\u00fcck. Sie wurde von der Oberb\u00fcrgermeisterin wohl auch deshalb aufgegriffen, weil sich mit dem Partner Landesfeuerwehrschule, deren Tr\u00e4ger das Land Baden-W\u00fcrttemberg ist, wohl eine weitere Finanzierungsquelle f\u00fcr das Gesamtprojekt \u201eDenkort Fundamente\u201c anbietet.<\/p>\n\n\n\n<p>Die Vision \u201eLernort Feuerwehr\u201c wird die Oberb\u00fcrgermeisterin nur schwer vermitteln k\u00f6nnen, denn sie ist f\u00fcr viele, vor allem f\u00fcr Nachfahren ehemaliger Bruchsaler Juden, eigentlich ein \u201eNo go\u201c. Und ob die Konstruktion ausreicht, ausgerechnet am Ort des einstigen Versagens den bef\u00fcrchteten \u201erechten Tendenzen in hierarchisch strukturierten Institutionen wie Feuerwehr und Polizei\u201c (Zitat Hauptamtsleiter Wolfgang M\u00fcller) entgegenwirken zu k\u00f6nnen, kann durchaus bezweifelt werden. Den rechten Sumpf unserer Gesellschaft als Rechtfertigung f\u00fcr eine solche Vision heranzuziehen, birgt die Gefahr, diesen nur unn\u00f6tig aufzuwerten. Und ob sich Feuerwehr und Polizei ohne Widerspruch als Brutst\u00e4tte rechter Tendenzen bezeichnen lassen wollen, darf bezweifelt werden. Da haben die Oberb\u00fcrgermeisterin und die Stadt noch viel \u00dcberzeugungsarbeit zu leisten.<\/p>\n\n\n\n<p>Nicht ber\u00fccksichtigt wird wohl leider der Vorschlag, zumindest einen Teil des st\u00e4dtischen Museums in das Denk-Ort-Konzept auf dem ehemaligen Synagogengel\u00e4nde einzubeziehen. Vor allem die Geschichte der Demokratie-Werdung Deutschlands \u2013 Bauernkrieg (Joss Fritz), badische Revolution 1848\/49, Frankfurter Paulskirche, Einweihung des Frauenwahlrechts 1918, die Weimarer Republik und letzten Endes die Gr\u00fcndung der Bundesrepublik Deutschland &#8211; k\u00f6nnte durchaus auch mit Bruchsaler Lokal-Geschichte wirkungsvoll aufgearbeitet werden. Gerade auch mit Ereignissen der deutschen Geschichte, die auch in Bruchsal ihren Niederschlag gefunden haben. Warum dieser Aspekt in einem \u201estaatspolitischen Bildungsort\u201c nicht aufgegriffen werden kann, wird die Stadtverwaltung noch erkl\u00e4ren m\u00fcssen. Wir sollten sie da nicht aus ihrer historischen Verantwortung entlassen. Auch wenn dieser Teil der Denk-Ort-Vision, das St\u00e4dtische Museum, f\u00fcr Bruchsal vorerst nur schwer finanzierbar erscheint, muss er doch nicht g\u00e4nzlich abgeschrieben werden. Visionen k\u00f6nnen auch langfristig angelegt sein und sp\u00e4ter erst umgesetzt werden.<\/p>\n\n\n\n<p>Grafiken: Stadt Bruchsal<\/p>\n","protected":false},"excerpt":{"rendered":"<p>Kommentar von Rainer Kaufmann zur Pressekonferenz &#8222;Nachnutzung des ehemaligen Synagogen-Gel\u00e4ndes&#8220; Keine Frage: Da hat sich die Bruchsaler Oberb\u00fcrgermeisterin Cornelia Petzold-Schick ganz weit aus dem Fenster gelehnt, indem sie das Thema Nachnutzung des fr\u00fcheren Synagogen-Gel\u00e4ndes zur ihrer Sache erkl\u00e4rt hat, zur Sache der Chefin im Bruchsaler Rathaus. Und damit wei\u00df sie ganz sicher auch, dass sie &hellip;<\/p>\n<p class=\"read-more\"> <a class=\"\" href=\"https:\/\/demokratiegeschichte-bruchsal.de\/?page_id=326\"> <span class=\"screen-reader-text\">Mutige Vision: Denk-Ort Fundamente<\/span> Weiterlesen &raquo;<\/a><\/p>\n","protected":false},"author":2,"featured_media":0,"parent":0,"menu_order":0,"comment_status":"closed","ping_status":"closed","template":"","meta":[],"_links":{"self":[{"href":"https:\/\/demokratiegeschichte-bruchsal.de\/index.php?rest_route=\/wp\/v2\/pages\/326"}],"collection":[{"href":"https:\/\/demokratiegeschichte-bruchsal.de\/index.php?rest_route=\/wp\/v2\/pages"}],"about":[{"href":"https:\/\/demokratiegeschichte-bruchsal.de\/index.php?rest_route=\/wp\/v2\/types\/page"}],"author":[{"embeddable":true,"href":"https:\/\/demokratiegeschichte-bruchsal.de\/index.php?rest_route=\/wp\/v2\/users\/2"}],"replies":[{"embeddable":true,"href":"https:\/\/demokratiegeschichte-bruchsal.de\/index.php?rest_route=%2Fwp%2Fv2%2Fcomments&post=326"}],"version-history":[{"count":5,"href":"https:\/\/demokratiegeschichte-bruchsal.de\/index.php?rest_route=\/wp\/v2\/pages\/326\/revisions"}],"predecessor-version":[{"id":336,"href":"https:\/\/demokratiegeschichte-bruchsal.de\/index.php?rest_route=\/wp\/v2\/pages\/326\/revisions\/336"}],"wp:attachment":[{"href":"https:\/\/demokratiegeschichte-bruchsal.de\/index.php?rest_route=%2Fwp%2Fv2%2Fmedia&parent=326"}],"curies":[{"name":"wp","href":"https:\/\/api.w.org\/{rel}","templated":true}]}}