{"id":481,"date":"2021-11-17T23:42:50","date_gmt":"2021-11-17T22:42:50","guid":{"rendered":"http:\/\/bruchsal-bergfried.de\/?page_id=481"},"modified":"2021-11-18T00:15:34","modified_gmt":"2021-11-17T23:15:34","slug":"foerderverein-lernort-bergfried-bruchsal-ist-mitglied-in-der-arbeitsgemeinschaft-orte-der-demokratiegeschichte","status":"publish","type":"page","link":"https:\/\/demokratiegeschichte-bruchsal.de\/?page_id=481","title":{"rendered":"F\u00f6rderverein Lernort Bergfried-Bruchsal ist Mitglied in der Arbeitsgemeinschaft \u201eOrte der Demokratiegeschichte\u201c"},"content":{"rendered":"\n<div class=\"wp-block-image\"><figure class=\"alignright size-medium\"><img loading=\"lazy\" width=\"300\" height=\"160\" src=\"http:\/\/bruchsal-bergfried.de\/wp-content\/uploads\/2021\/11\/Logo_Strasse_der_Demokratie_01_oddg_RGB-300x160.png\" alt=\"\" class=\"wp-image-482\" srcset=\"https:\/\/demokratiegeschichte-bruchsal.de\/wp-content\/uploads\/2021\/11\/Logo_Strasse_der_Demokratie_01_oddg_RGB-300x160.png 300w, https:\/\/demokratiegeschichte-bruchsal.de\/wp-content\/uploads\/2021\/11\/Logo_Strasse_der_Demokratie_01_oddg_RGB-1024x545.png 1024w, https:\/\/demokratiegeschichte-bruchsal.de\/wp-content\/uploads\/2021\/11\/Logo_Strasse_der_Demokratie_01_oddg_RGB-150x80.png 150w, https:\/\/demokratiegeschichte-bruchsal.de\/wp-content\/uploads\/2021\/11\/Logo_Strasse_der_Demokratie_01_oddg_RGB-768x409.png 768w, https:\/\/demokratiegeschichte-bruchsal.de\/wp-content\/uploads\/2021\/11\/Logo_Strasse_der_Demokratie_01_oddg_RGB-250x133.png 250w, https:\/\/demokratiegeschichte-bruchsal.de\/wp-content\/uploads\/2021\/11\/Logo_Strasse_der_Demokratie_01_oddg_RGB.png 1310w\" sizes=\"(max-width: 300px) 100vw, 300px\" \/><\/figure><\/div>\n\n\n\n<p>Der F\u00f6rderverein <strong><em>Lernort Bergfried Bruchsal \u201eFreiheit &#8211; B\u00fcrgerrechte &#8211; Demokratie\u201c <\/em><\/strong>ist ab sofort Mitglied in der bundesweiten <strong><em>Arbeitsgemeinschaft<\/em><\/strong> <strong><em>\u201eOrte der Demokratiegeschichte\u201c<\/em><\/strong>. Ziel dieser Arbeitsgemeinschaft ist es, die Wahrnehmung der deutschen Demokratie- und Freiheitsgeschichte lokal, regional und deutschlandweit zu f\u00f6rdern und dar\u00fcber demokratische Teilhabe und Zivilcourage anzuregen.<\/p>\n\n\n\n<p>In der Arbeitsgemeinschaft sind derzeit mehr als 80 namhafte Museen, Stiftungen und B\u00fcrgerinitiativen aus ganz Deutschland vernetzt. Der F\u00f6rderverein Lernort Bergfried-Bruchsal versteht seine Mitgliedschaft in einer Art Vertretung f\u00fcr die Bruchsaler Stadtgesellschaft. Und dies im Zusammenhang mit den Vorbereitungen des 175-j\u00e4hrigen Jubil\u00e4ums der b\u00fcrgerlichen Revolutionen von 1848\/49 im Jahr 2024. Aber auch im Zusammenhang mit den Diskussionen um die Nachnutzung des Gel\u00e4ndes der ehemaligen Synagoge und des Feuerwehrhauses. Eine Mitgliedschaft in diesem bundesweiten Netzwerk kann und soll f\u00fcr Bruchsal und den von Stadtverwaltung und Gemeinderat angedachten <strong><em>\u201eDenkort Fundamente\u201c<\/em><\/strong> neue Perspektiven und Ideen erschlie\u00dfen. Daher wird der F\u00f6rderverein Lernort Bergfried Bruchsal in K\u00fcrze ein Format anbieten, in dem sich alle interessierten Personen und Institutionen aus Bruchsal an der Mitarbeit in der AG <strong><em>\u201eOrte der Demokratiegeschichte\u201c<\/em><\/strong> beteiligen k\u00f6nnen.<\/p>\n\n\n\n<p><a href=\"https:\/\/www.demokratie-geschichte.de\/\">Mehr Informationen \u00fcber die Arbeitsgemeinschaft hier<\/a><\/p>\n","protected":false},"excerpt":{"rendered":"<p>Der F\u00f6rderverein Lernort Bergfried Bruchsal \u201eFreiheit &#8211; B\u00fcrgerrechte &#8211; Demokratie\u201c ist ab sofort Mitglied in der bundesweiten Arbeitsgemeinschaft \u201eOrte der Demokratiegeschichte\u201c. Ziel dieser Arbeitsgemeinschaft ist es, die Wahrnehmung der deutschen Demokratie- und Freiheitsgeschichte lokal, regional und deutschlandweit zu f\u00f6rdern und dar\u00fcber demokratische Teilhabe und Zivilcourage anzuregen. In der Arbeitsgemeinschaft sind derzeit mehr als 80 namhafte &hellip;<\/p>\n<p class=\"read-more\"> <a class=\"\" href=\"https:\/\/demokratiegeschichte-bruchsal.de\/?page_id=481\"> <span class=\"screen-reader-text\">F\u00f6rderverein Lernort Bergfried-Bruchsal ist Mitglied in der Arbeitsgemeinschaft \u201eOrte der Demokratiegeschichte\u201c<\/span> Weiterlesen &raquo;<\/a><\/p>\n","protected":false},"author":1,"featured_media":0,"parent":0,"menu_order":0,"comment_status":"closed","ping_status":"closed","template":"","meta":[],"_links":{"self":[{"href":"https:\/\/demokratiegeschichte-bruchsal.de\/index.php?rest_route=\/wp\/v2\/pages\/481"}],"collection":[{"href":"https:\/\/demokratiegeschichte-bruchsal.de\/index.php?rest_route=\/wp\/v2\/pages"}],"about":[{"href":"https:\/\/demokratiegeschichte-bruchsal.de\/index.php?rest_route=\/wp\/v2\/types\/page"}],"author":[{"embeddable":true,"href":"https:\/\/demokratiegeschichte-bruchsal.de\/index.php?rest_route=\/wp\/v2\/users\/1"}],"replies":[{"embeddable":true,"href":"https:\/\/demokratiegeschichte-bruchsal.de\/index.php?rest_route=%2Fwp%2Fv2%2Fcomments&post=481"}],"version-history":[{"count":2,"href":"https:\/\/demokratiegeschichte-bruchsal.de\/index.php?rest_route=\/wp\/v2\/pages\/481\/revisions"}],"predecessor-version":[{"id":492,"href":"https:\/\/demokratiegeschichte-bruchsal.de\/index.php?rest_route=\/wp\/v2\/pages\/481\/revisions\/492"}],"wp:attachment":[{"href":"https:\/\/demokratiegeschichte-bruchsal.de\/index.php?rest_route=%2Fwp%2Fv2%2Fmedia&parent=481"}],"curies":[{"name":"wp","href":"https:\/\/api.w.org\/{rel}","templated":true}]}}