{"id":508,"date":"2022-02-10T13:35:46","date_gmt":"2022-02-10T12:35:46","guid":{"rendered":"http:\/\/bruchsal-bergfried.de\/?page_id=508"},"modified":"2022-02-10T13:49:49","modified_gmt":"2022-02-10T12:49:49","slug":"beteiligung-der-buergerschaft-in-einem-forum-denkort-fundamente","status":"publish","type":"page","link":"https:\/\/demokratiegeschichte-bruchsal.de\/?page_id=508","title":{"rendered":"Beteiligung der B\u00fcrgerschaft in einem \u201eForum Denkort Fundamente\u201c"},"content":{"rendered":"\n<p><strong>F\u00f6rderverein Lernort Bergfried schl\u00e4gt \u00f6ffentlichen Diskurs zur Nutzung des Gel\u00e4ndes ehemalige Synagoge\/Feuerwehrhaus vor <\/strong><\/p>\n\n\n\n<p>Der Bruchsaler Stadtverwaltung, den Gemeinderatsfraktionen sowie entsprechenden Institutionen liegen mittlerweile aus der B\u00fcrgerschaft drei Nutzungskonzepte vor, die von engagierten Gruppierungen der Bruchsaler Zivilgesellschaft erarbeitet wurden:<\/p>\n\n\n\n<p>&#8211; Haus der Geschichte der Juden Badens (F\u00f6rderverein Geschichtshaus der Juden Badens)<br>&#8211; Denkort Freiheit und Demokratie (Dr. J\u00fcrgen Dick vom F\u00f6rderverein Bergfried)<br>&#8211; Die neue Feuerwache (Prof. Dr. Hajo Kurzenberger)<\/p>\n\n\n\n<p>Damit wird durch b\u00fcrgerschaftliches Engagement ganz konkret fortgesetzt, was von zwei Jahren mit dem gro\u00dfen Ideen-Wettbewerb zur k\u00fcnftigen Nutzung des Gel\u00e4ndes der ehemaligen Synagoge und des Feuerwehrhauses begonnen hat. Deshalb ist es jetzt an der Zeit, die weitere Diskussion zu dem Thema aus den internen Verhandlungen zwischen verschiedenen Verwaltungsebenen in die \u00d6ffentlichkeit und damit auch in die aktive Lokalpolitik zu bef\u00f6rdern. Denn f\u00fcr eine nachhaltige Akzeptanz bedarf das Konzept vor der endg\u00fcltigen Entscheidung einer breiten Diskussion in der Bruchsaler \u00d6ffentlichkeit, wenn es wirklich einen Beitrag f\u00fcr die k\u00fcnftige Identifikation Bruchsals mit seiner Geschichte leisten soll.<\/p>\n\n\n\n<p>Deshalb schl\u00e4gt der F\u00f6rderverein \u201eLernort Bergfried\u201c vor, dass sich diese Initiativen in einer Arbeitsgemeinschaft mit dem Arbeitstitel<\/p>\n\n\n\n<p><strong>Forum Denkort Fundamente<\/strong><\/p>\n\n\n\n<p>zusammen schlie\u00dfen. Wir denken, dass sich in dieser AG verschiedene Kultur-Einrichtungen engagieren k\u00f6nnen, sie soll aber auch anderen Institutionen offen stehen, z. Bsp. Kirchen, Vereinen und weiteren Formaten wie etwa den Vertretern der Nachfahren aus der fr\u00fcheren j\u00fcdischen Bev\u00f6lkerung Bruchsals. Dieses Forum versteht sich als b\u00fcrgerschaftliches Engagement, das die Aktivit\u00e4ten von Politik und Verwaltung begleiten m\u00f6chte. Es kann nicht sein, dass so wichtige gesellschaftliche Themen wie die Nachnutzung des Synagogen-Gel\u00e4ndes oder die Zukunft der Bruchsaler Museums-Landschaft ohne Beteiligung der Stadtgesellschaft abgehandelt werden. Dabei wird es auch darum gehen, einen anderen Weg aufzuzeigen als den einer staatsb\u00fcrgerlichen Erziehungsanstalt f\u00fcr uniformierte G\u00e4ste dieser Stadt. Viel wichtiger sollte es uns erscheinen, neben dem Hauptthema, das sich aus der urspr\u00fcnglichen Nutzung des Gel\u00e4ndes als Synagoge ergibt, auch die Demokratie-Werdung Deutschlands am Beispiel unserer Stadt aufzuarbeiten, sie zu pr\u00e4sentieren und damit vor allem unserer eigenen Jugend gen\u00fcgend Anschauungsmaterial zu bieten, damit sie die demokratischen Grundwerte unserer Gesellschaft akzeptiert und verteidigt. Dies sollte unbedingt auch mit einer Neu-Konzeption der Museums-Landschaft in Bruchsal einhergehen, insbesondere, was das St\u00e4dtische Museum angeht.<\/p>\n\n\n\n<p>Der F\u00f6rderverein Lernort Bergfried ist gerne bereit, die Koordination der Gr\u00fcndung dieser Arbeitsgemeinschaft zu \u00fcbernehmen und l\u00e4dt alle interessierten Gruppen und Personen ein, sich bis Ende Februar unter der E-Mail-Adresse <a href=\"mailto:lernort-freiheit@bruchsal-bergfried.de\">lernort-freiheit@bruchsal-bergfried.de<\/a> zu melden. Gerne mit Vorschl\u00e4gen f\u00fcr weitere Mitglieder und das m\u00f6gliche Format dieser Arbeitsgemeinschaft.<\/p>\n\n\n\n<p>\u00dcbrigens: Der Begriff Forum wird in Wikipedia so erkl\u00e4rt: <strong>Forum<\/strong> oder im Plural <strong>Foren<\/strong> steht f\u00fcr: <a href=\"https:\/\/de.wikipedia.org\/wiki\/Forum_(Platz)\">Forum (Platz)<\/a>, in der r\u00f6mischen Antike der Stadt- und Marktplatz, oft der Ort f\u00fcr Gerichte oder Volksversammlungen<\/p>\n\n\n\n<p>Auf eine rege Beteiligung an dieser Arbeitsgemeinschaft freuen wir uns.<\/p>\n\n\n\n<p><strong><em>Rainer Kaufmann&nbsp;&nbsp;&nbsp;&nbsp;&nbsp;&nbsp;&nbsp;&nbsp;&nbsp;&nbsp;&nbsp; Dr. J\u00fcrgen Dick<\/em><\/strong><br>1. Vorsitzender&nbsp;&nbsp;&nbsp;&nbsp;&nbsp;&nbsp;&nbsp;&nbsp;&nbsp;&nbsp;&nbsp;&nbsp;&nbsp;&nbsp;&nbsp;&nbsp; Historiker<\/p>\n\n\n\n<p>Unser Verein ist&nbsp; Mitglied in der bundesdeutschen Arbeitsgemeinschaft \u201eOrte der Demokratiegeschichte\u201c<\/p>\n","protected":false},"excerpt":{"rendered":"<p>F\u00f6rderverein Lernort Bergfried schl\u00e4gt \u00f6ffentlichen Diskurs zur Nutzung des Gel\u00e4ndes ehemalige Synagoge\/Feuerwehrhaus vor Der Bruchsaler Stadtverwaltung, den Gemeinderatsfraktionen sowie entsprechenden Institutionen liegen mittlerweile aus der B\u00fcrgerschaft drei Nutzungskonzepte vor, die von engagierten Gruppierungen der Bruchsaler Zivilgesellschaft erarbeitet wurden: &#8211; Haus der Geschichte der Juden Badens (F\u00f6rderverein Geschichtshaus der Juden Badens)&#8211; Denkort Freiheit und Demokratie (Dr. &hellip;<\/p>\n<p class=\"read-more\"> <a class=\"\" href=\"https:\/\/demokratiegeschichte-bruchsal.de\/?page_id=508\"> <span class=\"screen-reader-text\">Beteiligung der B\u00fcrgerschaft in einem \u201eForum Denkort Fundamente\u201c<\/span> Weiterlesen &raquo;<\/a><\/p>\n","protected":false},"author":2,"featured_media":0,"parent":0,"menu_order":0,"comment_status":"closed","ping_status":"closed","template":"","meta":[],"_links":{"self":[{"href":"https:\/\/demokratiegeschichte-bruchsal.de\/index.php?rest_route=\/wp\/v2\/pages\/508"}],"collection":[{"href":"https:\/\/demokratiegeschichte-bruchsal.de\/index.php?rest_route=\/wp\/v2\/pages"}],"about":[{"href":"https:\/\/demokratiegeschichte-bruchsal.de\/index.php?rest_route=\/wp\/v2\/types\/page"}],"author":[{"embeddable":true,"href":"https:\/\/demokratiegeschichte-bruchsal.de\/index.php?rest_route=\/wp\/v2\/users\/2"}],"replies":[{"embeddable":true,"href":"https:\/\/demokratiegeschichte-bruchsal.de\/index.php?rest_route=%2Fwp%2Fv2%2Fcomments&post=508"}],"version-history":[{"count":2,"href":"https:\/\/demokratiegeschichte-bruchsal.de\/index.php?rest_route=\/wp\/v2\/pages\/508\/revisions"}],"predecessor-version":[{"id":518,"href":"https:\/\/demokratiegeschichte-bruchsal.de\/index.php?rest_route=\/wp\/v2\/pages\/508\/revisions\/518"}],"wp:attachment":[{"href":"https:\/\/demokratiegeschichte-bruchsal.de\/index.php?rest_route=%2Fwp%2Fv2%2Fmedia&parent=508"}],"curies":[{"name":"wp","href":"https:\/\/api.w.org\/{rel}","templated":true}]}}