{"id":558,"date":"2022-11-03T09:18:19","date_gmt":"2022-11-03T08:18:19","guid":{"rendered":"http:\/\/bruchsal-bergfried.de\/?page_id=558"},"modified":"2022-11-04T09:24:42","modified_gmt":"2022-11-04T08:24:42","slug":"ein-wichtiger-beitrag-zum-verstaendnis-der-badischen-revolution-von-1848-49","status":"publish","type":"page","link":"https:\/\/demokratiegeschichte-bruchsal.de\/?page_id=558","title":{"rendered":"Ein wichtiger Beitrag zum Verst\u00e4ndnis der Badischen Revolution von 1848\/49"},"content":{"rendered":"\n<p><\/p>\n\n\n\n<div class=\"wp-block-media-text alignwide is-stacked-on-mobile\"><figure class=\"wp-block-media-text__media\"><img loading=\"lazy\" width=\"1024\" height=\"742\" src=\"http:\/\/bruchsal-bergfried.de\/wp-content\/uploads\/2022\/11\/Juergen-Dick-Buchvorstellung-2-1024x742.jpg\" alt=\"\" class=\"wp-image-564 size-full\" srcset=\"https:\/\/demokratiegeschichte-bruchsal.de\/wp-content\/uploads\/2022\/11\/Juergen-Dick-Buchvorstellung-2-1024x742.jpg 1024w, https:\/\/demokratiegeschichte-bruchsal.de\/wp-content\/uploads\/2022\/11\/Juergen-Dick-Buchvorstellung-2-300x217.jpg 300w, https:\/\/demokratiegeschichte-bruchsal.de\/wp-content\/uploads\/2022\/11\/Juergen-Dick-Buchvorstellung-2-150x109.jpg 150w, https:\/\/demokratiegeschichte-bruchsal.de\/wp-content\/uploads\/2022\/11\/Juergen-Dick-Buchvorstellung-2-768x556.jpg 768w, https:\/\/demokratiegeschichte-bruchsal.de\/wp-content\/uploads\/2022\/11\/Juergen-Dick-Buchvorstellung-2-1536x1113.jpg 1536w, https:\/\/demokratiegeschichte-bruchsal.de\/wp-content\/uploads\/2022\/11\/Juergen-Dick-Buchvorstellung-2.jpg 1630w\" sizes=\"(max-width: 1024px) 100vw, 1024px\" \/><\/figure><div class=\"wp-block-media-text__content\">\n<p class=\"has-text-align-right has-medium-font-size\"><strong>Buchvorstellung<\/strong><br><strong>\u201eDIE B\u00dcRGERSOLDATEN VON RASTATT\u201c<\/strong><br><strong> von Dr. J\u00fcrgen Dick<\/strong><\/p>\n<\/div><\/div>\n\n\n\n<p>Der Bruchsaler Historiker Dr. J\u00fcrgen Dick (Mitglied der Kommission f\u00fcr Stadtgeschichte) hat im verlag regionalkultur (Ubstadt-Weiher) im Sommer diesen Jahres ein interessantes Buch zu einem besonderen Ereignis der Geschichte der Badischen Revolution herausgebracht: \u201eDIE B\u00dcRGERSOLDATEN VON RASTATT \u2013 Der badische Milit\u00e4raufstand vom Mai 1849 im Rahmen der Reichsverfassungskampagne\u201c. Vorgestellt hat er das Buch j\u00fcngst in einer Veranstaltung der \u201eErinnerungsst\u00e4tte f\u00fcr die Freiheitsbewegungen in der deutschen Geschichte\u201c in Rastatt. Dick ist Vorstandsmitglied im F\u00f6rderverein dieser Erinnerungsst\u00e4tte. Deren Direktorin Dr. Elisabeth Thalhofer w\u00fcrdigte das Werk in ihrer Begr\u00fc\u00dfung: \u201eDass dieser Aufstand viel mehr war als nur ein letztes Aufb\u00e4umen, macht J\u00fcrgen Dicks Buch eindrucksvoll deutlich, denn letztlich zeigen sich in dieser Schlussphase der Revolution die Anf\u00e4nge einer wehrhaften Demokratie. J\u00fcrgen Dick liefert mit seinem Buch einen ganz wichtigen Beitrag f\u00fcr das Verst\u00e4ndnis der Revolution von 1848\/49. Denn ihm gelingt nicht nur, die Ursachen und den Ablauf des Rastatter Soldatenaufstandes genau zu beleuchten, sondern er gibt den Akteuren auch Namen und Gesicht, indem es Lebenszusammenh\u00e4nge und Handlungsmotivation der Einzelnen deutlich macht.\u201c <\/p>\n\n\n\n<p>Dick geht es vorrangig um eine sozialhistorische Analyse der verschiedenen Gr\u00fcnde und Faktoren des Milit\u00e4raufstandes, um seine Ursachen, Anl\u00e4sse und Entstehungsformen. Vor allem aber um die Frage, inwieweit das badische Milit\u00e4r wirklich vom Geist der b\u00fcrgerlichen Revolution erfasst war oder, wie von der preu\u00dfischen Siegespropaganda sp\u00e4ter behauptet, von alkoholisierten Exzessen geleitet wurde. Diese Fragestellung ist umso wichtiger, da, so J\u00fcrgen Dick, der Erfolg einer Revolution grunds\u00e4tzlich in erheblichem Ma\u00dfe vom Verhalten des jeweiligen Milit\u00e4rs abh\u00e4ngig ist, das in den Staaten des Deutschen Bundes noch unter der Befehlsgewalt der F\u00fcrsten stand und auf diese vereidigt wurde. Ein wesentlicher Teil der Arbeit enth\u00e4lt daher eine Auswertung der biografischen Daten der in f\u00fchrender Funktion beteiligten Soldaten mit den daraus hergeleiteten R\u00fcckschl\u00fcssen \u00fcber soziale Herkunft, Motivation, Art der Beteiligung und Grad der Politisierung. Eine aufw\u00e4ndige Recherche, die es in der bisherigen Literatur zu den Revolutionsjahren so noch nicht gab.<\/p>\n\n\n\n<p>Dick kommt in dem knapp 100 Seiten starken Buch zu folgenden Ergebnissen: Zum einen habe der Grundrechtekatalog der Reichsverfassung den Milit\u00e4rs die Chance er\u00f6ffnet, an diesen Rechten als \u201eB\u00fcrgersoldaten\u201c teilzunehmen. Und: Weil es in Baden im Gegensatz zu den \u00fcbrigen L\u00e4ndern des Deutschen Bundes eine straff gef\u00fchrte Organisation von demokratischen Volksvereinen gab, die bereits den Charakter einer Volkspartei gehabt h\u00e4tten, sei es gelungen, die Soldaten des Gro\u00dfherzogs zu politisieren. Die demokratischen Volksvereine h\u00e4tten den Wettbewerb um die Herzen und K\u00f6pfe der bewaffneten Macht gewonnen und eine starke zivil-milit\u00e4rische Bindung geschaffen. Damit, so J\u00fcrgen Dick in seinem Schlusswort, sei die These von alkoholisierter Verschw\u00f6rung und Verf\u00fchrung entkr\u00e4ftet. Die Meuterei der badischen Soldaten, nicht nur in Rastatt, sondern auch in anderen St\u00e4dten, habe dann im Mai 1848 zur Flucht des Gro\u00dfherzogs und zur \u00dcbernahme der Regierungsgewalt durch den Landesausschuss der Volksvereine unter der Leitung von Lorenz Brentano gef\u00fchrt.\u00a0<\/p>\n\n\n\n<p>Auf einen interessanten Aspekt wies Dr. Elisabeth Thalhofer in ihrer Begr\u00fc\u00dfung hin: &#8222;Am Anfang der Entwicklung hin zu einer wehrhaften Demokratie war Rastatt und waren die B\u00fcrgersoldaten, die hier die Vereidigung auf die Verfassung einforderten. Erst ein Jahrhundert sp\u00e4ter wurde mit der Bundeswehr auf diese Traditionslinie zur\u00fcckgegriffen und es w\u00e4re m.E. wichtig, diese Traditionslinie noch viel st\u00e4rker sichtbar zu machen und f\u00fcr das Selbstverst\u00e4ndnis der Bundeswehr zu nutzen.&#8220; Eine historische Entwicklungslinie, die bislang unbeachtet blieb: Der &#8222;B\u00fcrgersoldat&#8220; des 19. Jahrhunderts als Vorbild f\u00fcr den heutigen &#8222;Staatsb\u00fcrger in Uniform&#8220;. <\/p>\n\n\n\n<p>Hat das vielleicht etwas mit dem beruflichen Werdegang des Autors zu tun? Dr. J\u00fcrgen Dick war nach seinem Medizinstudium in die Bundeswehr eingetreten, wo er es im Sanit\u00e4tsdienst zum Generalstabsarzt der Bundeswehr brachte mit vielen Auslandseins\u00e4tzen vor allem in Krisengebieten. Nach seiner Dienstzeit studierte er an der Fern-Universit\u00e4t Hagen Geschichte. Das Buch ist die Publikation seiner Masterarbeit. Derzeit arbeitet er an einer Dissertation zu Franz Sigel, dem aus Bruchsal stammenden General der Badischen Revolutionstruppen, der es dann nach seiner Flucht in die USA bei den Sezessionskriegen erneut zum Generalsrang auf Seiten der Union (Nordstaaten) gebracht hatte.<\/p>\n\n\n\n<p>Rainer Kaufmann<\/p>\n\n\n\n<p><\/p>\n\n\n\n<div class=\"wp-block-media-text alignwide is-stacked-on-mobile\" style=\"grid-template-columns:46% auto\"><figure class=\"wp-block-media-text__media\"><img loading=\"lazy\" width=\"1412\" height=\"2000\" src=\"http:\/\/bruchsal-bergfried.de\/wp-content\/uploads\/2022\/11\/Titel_BUeRGERSOLDATEN.jpg\" alt=\"\" class=\"wp-image-559 size-full\" srcset=\"https:\/\/demokratiegeschichte-bruchsal.de\/wp-content\/uploads\/2022\/11\/Titel_BUeRGERSOLDATEN.jpg 1412w, https:\/\/demokratiegeschichte-bruchsal.de\/wp-content\/uploads\/2022\/11\/Titel_BUeRGERSOLDATEN-212x300.jpg 212w, https:\/\/demokratiegeschichte-bruchsal.de\/wp-content\/uploads\/2022\/11\/Titel_BUeRGERSOLDATEN-723x1024.jpg 723w, https:\/\/demokratiegeschichte-bruchsal.de\/wp-content\/uploads\/2022\/11\/Titel_BUeRGERSOLDATEN-106x150.jpg 106w, https:\/\/demokratiegeschichte-bruchsal.de\/wp-content\/uploads\/2022\/11\/Titel_BUeRGERSOLDATEN-768x1088.jpg 768w, https:\/\/demokratiegeschichte-bruchsal.de\/wp-content\/uploads\/2022\/11\/Titel_BUeRGERSOLDATEN-1084x1536.jpg 1084w\" sizes=\"(max-width: 1412px) 100vw, 1412px\" \/><\/figure><div class=\"wp-block-media-text__content\">\n<p class=\"has-text-align-right has-normal-font-size\">J\u00fcrgen Dick<br><strong>DIE B\u00dcRGERSOLDATEN VON RASTATT<br>Der badische Milit\u00e4raufstand vom Mai 1849 im Rahmen der Reichsverfassungskampagne<\/strong><br>19,90 \u20ac<br>ISBN 978-3-95505-342-0<br>verlag regionalkultur Ubstadt-Weiher<\/p>\n<\/div><\/div>\n","protected":false},"excerpt":{"rendered":"<p>Buchvorstellung\u201eDIE B\u00dcRGERSOLDATEN VON RASTATT\u201c von Dr. J\u00fcrgen Dick Der Bruchsaler Historiker Dr. J\u00fcrgen Dick (Mitglied der Kommission f\u00fcr Stadtgeschichte) hat im verlag regionalkultur (Ubstadt-Weiher) im Sommer diesen Jahres ein interessantes Buch zu einem besonderen Ereignis der Geschichte der Badischen Revolution herausgebracht: \u201eDIE B\u00dcRGERSOLDATEN VON RASTATT \u2013 Der badische Milit\u00e4raufstand vom Mai 1849 im Rahmen der &hellip;<\/p>\n<p class=\"read-more\"> <a class=\"\" href=\"https:\/\/demokratiegeschichte-bruchsal.de\/?page_id=558\"> <span class=\"screen-reader-text\">Ein wichtiger Beitrag zum Verst\u00e4ndnis der Badischen Revolution von 1848\/49<\/span> Weiterlesen &raquo;<\/a><\/p>\n","protected":false},"author":2,"featured_media":0,"parent":0,"menu_order":0,"comment_status":"closed","ping_status":"closed","template":"","meta":[],"_links":{"self":[{"href":"https:\/\/demokratiegeschichte-bruchsal.de\/index.php?rest_route=\/wp\/v2\/pages\/558"}],"collection":[{"href":"https:\/\/demokratiegeschichte-bruchsal.de\/index.php?rest_route=\/wp\/v2\/pages"}],"about":[{"href":"https:\/\/demokratiegeschichte-bruchsal.de\/index.php?rest_route=\/wp\/v2\/types\/page"}],"author":[{"embeddable":true,"href":"https:\/\/demokratiegeschichte-bruchsal.de\/index.php?rest_route=\/wp\/v2\/users\/2"}],"replies":[{"embeddable":true,"href":"https:\/\/demokratiegeschichte-bruchsal.de\/index.php?rest_route=%2Fwp%2Fv2%2Fcomments&post=558"}],"version-history":[{"count":4,"href":"https:\/\/demokratiegeschichte-bruchsal.de\/index.php?rest_route=\/wp\/v2\/pages\/558\/revisions"}],"predecessor-version":[{"id":579,"href":"https:\/\/demokratiegeschichte-bruchsal.de\/index.php?rest_route=\/wp\/v2\/pages\/558\/revisions\/579"}],"wp:attachment":[{"href":"https:\/\/demokratiegeschichte-bruchsal.de\/index.php?rest_route=%2Fwp%2Fv2%2Fmedia&parent=558"}],"curies":[{"name":"wp","href":"https:\/\/api.w.org\/{rel}","templated":true}]}}