{"id":582,"date":"2022-11-27T13:09:54","date_gmt":"2022-11-27T12:09:54","guid":{"rendered":"http:\/\/bruchsal-bergfried.de\/?page_id=582"},"modified":"2022-11-27T19:56:37","modified_gmt":"2022-11-27T18:56:37","slug":"bruchsal-und-die-strasse-der-demokratie","status":"publish","type":"page","link":"https:\/\/demokratiegeschichte-bruchsal.de\/?page_id=582","title":{"rendered":"Bruchsal und die Stra\u00dfe der Demokratie"},"content":{"rendered":"\n<p><strong>Stadtf\u00fchrung von Rainer Kaufmann zur Vorbereitung des 175-j\u00e4hrigen Jubil\u00e4ums der b\u00fcrgerlich-liberalen Bewegungen der Jahre 1848\/49 <\/strong><\/p>\n\n\n\n<p>In den n\u00e4chsten beiden Jahren steht das 175-j\u00e4hrige Jubil\u00e4um der b\u00fcrgerlichen Freiheitsbewegungen der Jahre 1848\/49 an. Auch Bruchsal bereitet ein umfangreiches Jubil\u00e4umsprogramm f\u00fcr die Jahre 2023\/2024 vor. Allerdings ist in der Stadtgesellschaft wie auch in Verwaltung und Politik das Wissen um die lokalen Ereignisse dieser Zeit noch recht unterentwickelt, zumal Bruchsal vor einigen Jahren schon aus der interkommunalen badischen Arbeitsgemeinschaft <em>\u201eStra\u00dfe der Demokratie\u201c<\/em> ausgeschieden ist, der sie einmal angeh\u00f6rte. Der Bruchsaler Journalist und Stadtf\u00fchrer Rainer Kaufmann hat f\u00fcr diesen Stadtrundgang viele bisher kaum bekannten historischen Erkenntnisse zusammengestellt und zeigt seinen G\u00e4sten dabei auch die wichtigsten Pl\u00e4tze in der Stadt, an denen ein St\u00fcck Demokratiewerdung wie im Brennglas deutscher Geschichte dargestellt werden kann. Sein Fazit: Wohl kaum eine andere Stadt unserer Gr\u00f6\u00dfenordnung kann auf so viele lokalen Ereignisse und Protagonisten dieser Zeit verweisen wie Bruchsal. Eine Zeit, in der von mutigen Untertanen des damals noch herrschenden Feudalsystems vieles von dem eingefordert wurde, was in unserer heutigen demokratischen Gesellschaft als Selbstverst\u00e4ndlichkeit gilt, und das teilweise unter Gefahr f\u00fcr Leib und Leben. Rainer Kaufmann ist Mitglied der vom Gemeinderat berufenen<em> \u201eKommission f\u00fcr Stadtgeschichte\u201c <\/em>und Vorsitzender des F\u00f6rdervereins <em>\u201eLernort Bergfried: Freiheit-B\u00fcrgerrechte-Demokratie\u201c<\/em>. Der Verein ist stellvertretend f\u00fcr die Stadt Bruchsal seit kurzer Zeit auch Mitglied in der bundesweiten Arbeitsgemeinschaft <em>\u201eOrte der Demokratiegeschichte\u201c<\/em>.<\/p>\n\n\n\n<p><strong>Treffpunkt: <\/strong>Samstag, 3.Dezember, 15:00 Uhr, Damianstor<br><strong>Dauer:<\/strong> 1,5 &#8211; 2 Stunden<br><strong>Strecke:<\/strong> Damianstor, Justizvollzugsanstalt, Gasthaus \u201eZum B\u00e4ren\u201c, Schlossplatz, Huttenstra\u00dfe, Bergfried, B\u00fcrgerpark<br><strong>Veranstalter:<\/strong> BTMV (B\u00fcrgerzentrums-, Tourismus-, Marketing- und Veranstaltungs-GmbH)<br><strong>Geb\u00fchr:<\/strong> 6,&#8211; \u20ac, Anmeldung nicht erforderlich<\/p>\n","protected":false},"excerpt":{"rendered":"<p>Stadtf\u00fchrung von Rainer Kaufmann zur Vorbereitung des 175-j\u00e4hrigen Jubil\u00e4ums der b\u00fcrgerlich-liberalen Bewegungen der Jahre 1848\/49 In den n\u00e4chsten beiden Jahren steht das 175-j\u00e4hrige Jubil\u00e4um der b\u00fcrgerlichen Freiheitsbewegungen der Jahre 1848\/49 an. Auch Bruchsal bereitet ein umfangreiches Jubil\u00e4umsprogramm f\u00fcr die Jahre 2023\/2024 vor. Allerdings ist in der Stadtgesellschaft wie auch in Verwaltung und Politik das Wissen &hellip;<\/p>\n<p class=\"read-more\"> <a class=\"\" href=\"https:\/\/demokratiegeschichte-bruchsal.de\/?page_id=582\"> <span class=\"screen-reader-text\">Bruchsal und die Stra\u00dfe der Demokratie<\/span> Weiterlesen &raquo;<\/a><\/p>\n","protected":false},"author":2,"featured_media":0,"parent":0,"menu_order":0,"comment_status":"closed","ping_status":"closed","template":"","meta":[],"_links":{"self":[{"href":"https:\/\/demokratiegeschichte-bruchsal.de\/index.php?rest_route=\/wp\/v2\/pages\/582"}],"collection":[{"href":"https:\/\/demokratiegeschichte-bruchsal.de\/index.php?rest_route=\/wp\/v2\/pages"}],"about":[{"href":"https:\/\/demokratiegeschichte-bruchsal.de\/index.php?rest_route=\/wp\/v2\/types\/page"}],"author":[{"embeddable":true,"href":"https:\/\/demokratiegeschichte-bruchsal.de\/index.php?rest_route=\/wp\/v2\/users\/2"}],"replies":[{"embeddable":true,"href":"https:\/\/demokratiegeschichte-bruchsal.de\/index.php?rest_route=%2Fwp%2Fv2%2Fcomments&post=582"}],"version-history":[{"count":4,"href":"https:\/\/demokratiegeschichte-bruchsal.de\/index.php?rest_route=\/wp\/v2\/pages\/582\/revisions"}],"predecessor-version":[{"id":586,"href":"https:\/\/demokratiegeschichte-bruchsal.de\/index.php?rest_route=\/wp\/v2\/pages\/582\/revisions\/586"}],"wp:attachment":[{"href":"https:\/\/demokratiegeschichte-bruchsal.de\/index.php?rest_route=%2Fwp%2Fv2%2Fmedia&parent=582"}],"curies":[{"name":"wp","href":"https:\/\/api.w.org\/{rel}","templated":true}]}}