{"id":609,"date":"2023-05-02T09:50:16","date_gmt":"2023-05-02T07:50:16","guid":{"rendered":"http:\/\/bruchsal-bergfried.de\/?page_id=609"},"modified":"2023-05-02T11:16:41","modified_gmt":"2023-05-02T09:16:41","slug":"eine-peinliche-panne-oder-typisch-bruchsalskandaloeser-umgang-mit-den-mahnmalen-im-buergerpark-beim-mittelalter-spectaculum","status":"publish","type":"page","link":"https:\/\/demokratiegeschichte-bruchsal.de\/?page_id=609","title":{"rendered":"Eine peinliche Panne oder typisch Bruchsal?"},"content":{"rendered":"\n<p><strong>Skandal\u00f6ser Umgang mit den Mahnmalen im B\u00fcrgerpark beim Mittelalter-Spectaculum<\/strong><br>Anmerkungen von Rainer Kaufmann<\/p>\n\n\n\n<p class=\"has-small-font-size\">Es hat mehrere Jahre heftiger Auseinandersetzungen bedurft, ehe im B\u00fcrgerpark am Bergfried zwei Mahnmale errichtet wurden, die den Opfern der Gewalt vor allem in der NS-Zeit gewidmet sind. Einer Gewalt, die auch hier in der Stadtmitte von Bruchsal gew\u00fctet hat. Einmal ging es um ein allgemeines \u201eMahnmal f\u00fcr die Opfer von Krieg und Gewalt\u201c, das als Erg\u00e4nzung zur Bergfried-Gedenktafel zum 1. M\u00e4rz 1945, dem Tag der Zerst\u00f6rung Bruchsals durch einen amerikanischen Luftangriff, bei der politischen F\u00fchrung der Stadt lange Zeit umstritten war. Zum anderen ging es ganz konkret um das Gedenken an die<\/p>\n\n\n\n<figure class=\"wp-block-gallery columns-3 is-cropped\"><ul class=\"blocks-gallery-grid\"><li class=\"blocks-gallery-item\"><figure><img loading=\"lazy\" width=\"1024\" height=\"768\" src=\"http:\/\/bruchsal-bergfried.de\/wp-content\/uploads\/2023\/05\/IMG_3815-1024x768.jpg\" alt=\"\" data-id=\"611\" data-full-url=\"http:\/\/bruchsal-bergfried.de\/wp-content\/uploads\/2023\/05\/IMG_3815-scaled.jpg\" data-link=\"http:\/\/bruchsal-bergfried.de\/?attachment_id=611\" class=\"wp-image-611\" srcset=\"https:\/\/demokratiegeschichte-bruchsal.de\/wp-content\/uploads\/2023\/05\/IMG_3815-1024x768.jpg 1024w, https:\/\/demokratiegeschichte-bruchsal.de\/wp-content\/uploads\/2023\/05\/IMG_3815-300x225.jpg 300w, https:\/\/demokratiegeschichte-bruchsal.de\/wp-content\/uploads\/2023\/05\/IMG_3815-150x113.jpg 150w, https:\/\/demokratiegeschichte-bruchsal.de\/wp-content\/uploads\/2023\/05\/IMG_3815-768x576.jpg 768w, https:\/\/demokratiegeschichte-bruchsal.de\/wp-content\/uploads\/2023\/05\/IMG_3815-1536x1152.jpg 1536w, https:\/\/demokratiegeschichte-bruchsal.de\/wp-content\/uploads\/2023\/05\/IMG_3815-2048x1536.jpg 2048w\" sizes=\"(max-width: 1024px) 100vw, 1024px\" \/><\/figure><\/li><li class=\"blocks-gallery-item\"><figure><img loading=\"lazy\" width=\"1024\" height=\"768\" src=\"http:\/\/bruchsal-bergfried.de\/wp-content\/uploads\/2023\/05\/IMG_3817-1024x768.jpg\" alt=\"\" data-id=\"613\" data-full-url=\"http:\/\/bruchsal-bergfried.de\/wp-content\/uploads\/2023\/05\/IMG_3817-scaled.jpg\" data-link=\"http:\/\/bruchsal-bergfried.de\/?attachment_id=613\" class=\"wp-image-613\" srcset=\"https:\/\/demokratiegeschichte-bruchsal.de\/wp-content\/uploads\/2023\/05\/IMG_3817-1024x768.jpg 1024w, https:\/\/demokratiegeschichte-bruchsal.de\/wp-content\/uploads\/2023\/05\/IMG_3817-300x225.jpg 300w, https:\/\/demokratiegeschichte-bruchsal.de\/wp-content\/uploads\/2023\/05\/IMG_3817-150x113.jpg 150w, https:\/\/demokratiegeschichte-bruchsal.de\/wp-content\/uploads\/2023\/05\/IMG_3817-768x576.jpg 768w, https:\/\/demokratiegeschichte-bruchsal.de\/wp-content\/uploads\/2023\/05\/IMG_3817-1536x1152.jpg 1536w, https:\/\/demokratiegeschichte-bruchsal.de\/wp-content\/uploads\/2023\/05\/IMG_3817-2048x1536.jpg 2048w\" sizes=\"(max-width: 1024px) 100vw, 1024px\" \/><\/figure><\/li><li class=\"blocks-gallery-item\"><figure><img loading=\"lazy\" width=\"1024\" height=\"768\" src=\"http:\/\/bruchsal-bergfried.de\/wp-content\/uploads\/2023\/05\/IMG_3816-1024x768.jpg\" alt=\"\" data-id=\"612\" data-full-url=\"http:\/\/bruchsal-bergfried.de\/wp-content\/uploads\/2023\/05\/IMG_3816-scaled.jpg\" data-link=\"http:\/\/bruchsal-bergfried.de\/?attachment_id=612\" class=\"wp-image-612\" srcset=\"https:\/\/demokratiegeschichte-bruchsal.de\/wp-content\/uploads\/2023\/05\/IMG_3816-1024x768.jpg 1024w, https:\/\/demokratiegeschichte-bruchsal.de\/wp-content\/uploads\/2023\/05\/IMG_3816-300x225.jpg 300w, https:\/\/demokratiegeschichte-bruchsal.de\/wp-content\/uploads\/2023\/05\/IMG_3816-150x113.jpg 150w, https:\/\/demokratiegeschichte-bruchsal.de\/wp-content\/uploads\/2023\/05\/IMG_3816-768x576.jpg 768w, https:\/\/demokratiegeschichte-bruchsal.de\/wp-content\/uploads\/2023\/05\/IMG_3816-1536x1152.jpg 1536w, https:\/\/demokratiegeschichte-bruchsal.de\/wp-content\/uploads\/2023\/05\/IMG_3816-2048x1536.jpg 2048w\" sizes=\"(max-width: 1024px) 100vw, 1024px\" \/><\/figure><\/li><\/ul><\/figure>\n\n\n\n<p class=\"has-small-font-size\">Richtst\u00e4tte der NS-Terrorjustiz, auf deren Guillotine in den Jahren 1944\/45 insgesamt 55 Menschen hingerichtet wurden. Zugegeben, ein kleines, eher unscheinbares Mahnmal, das sich dem Passanten kaum richtig erschlie\u00dft. Aber immerhin, es wurde im Jahr 1991 nach langen Diskussionen realisiert, auch wenn die k\u00fcnstlerische Gestaltung bis heute h\u00f6chst umstritten ist, nachdem man, wie mir berichtet wurde, seitens der Stadt Bruchsal auf den K\u00fcnstler massiv eingewirkt hatte, die Guillotine m\u00f6glichst unauff\u00e4llig abzubilden.<\/p>\n\n\n\n<p class=\"has-small-font-size\">An den damaligen kommunalpolitischen Auseinandersetzungen war ich &nbsp;beteiligt, nicht zuletzt durch meine TV-Dokumentation \u201eSeilersbahn\u201c aus dem Jahr 1987, in der die Geschichte der Guillotine erstmals ausf\u00fchrlich dargestellt wurde. Aus diesem Grunde schaue ich immer, wenn ich im B\u00fcrgerpark bin, nach diesem Mahnmal.<\/p>\n\n\n\n<div class=\"wp-block-media-text alignwide is-stacked-on-mobile\" style=\"grid-template-columns:32% auto\"><figure class=\"wp-block-media-text__media\"><img loading=\"lazy\" width=\"1024\" height=\"768\" src=\"http:\/\/bruchsal-bergfried.de\/wp-content\/uploads\/2023\/05\/IMG_5809_02-1024x768.jpg\" alt=\"\" class=\"wp-image-647 size-full\" srcset=\"https:\/\/demokratiegeschichte-bruchsal.de\/wp-content\/uploads\/2023\/05\/IMG_5809_02-1024x768.jpg 1024w, https:\/\/demokratiegeschichte-bruchsal.de\/wp-content\/uploads\/2023\/05\/IMG_5809_02-300x225.jpg 300w, https:\/\/demokratiegeschichte-bruchsal.de\/wp-content\/uploads\/2023\/05\/IMG_5809_02-150x113.jpg 150w, https:\/\/demokratiegeschichte-bruchsal.de\/wp-content\/uploads\/2023\/05\/IMG_5809_02-768x576.jpg 768w, https:\/\/demokratiegeschichte-bruchsal.de\/wp-content\/uploads\/2023\/05\/IMG_5809_02-1536x1152.jpg 1536w, https:\/\/demokratiegeschichte-bruchsal.de\/wp-content\/uploads\/2023\/05\/IMG_5809_02-2048x1536.jpg 2048w\" sizes=\"(max-width: 1024px) 100vw, 1024px\" \/><\/figure><div class=\"wp-block-media-text__content\">\n<p class=\"has-small-font-size\">So ging ich auch am Tag vor dem \u201eBergfried-Spectaculum\u201c ganz bewusst in den B\u00fcrgerpark und ahnte schon Schlimmes, denn man hatte ausgerechnet neben dem Guillotine-Mahnmal die Versorgungsstation f\u00fcr einen gro\u00dfen Biergarten platziert, der sich auf der Wiese gegen\u00fcber befand. Dieses Foto wurde am Donnerstag um 17:30 Uhr aufgenommen.<\/p>\n<\/div><\/div>\n\n\n\n<div class=\"wp-block-media-text alignwide is-stacked-on-mobile\" style=\"grid-template-columns:32% auto\"><figure class=\"wp-block-media-text__media\"><img loading=\"lazy\" width=\"1024\" height=\"768\" src=\"http:\/\/bruchsal-bergfried.de\/wp-content\/uploads\/2023\/05\/IMG_5835-1024x768.jpg\" alt=\"\" class=\"wp-image-630 size-full\" srcset=\"https:\/\/demokratiegeschichte-bruchsal.de\/wp-content\/uploads\/2023\/05\/IMG_5835-1024x768.jpg 1024w, https:\/\/demokratiegeschichte-bruchsal.de\/wp-content\/uploads\/2023\/05\/IMG_5835-300x225.jpg 300w, https:\/\/demokratiegeschichte-bruchsal.de\/wp-content\/uploads\/2023\/05\/IMG_5835-150x113.jpg 150w, https:\/\/demokratiegeschichte-bruchsal.de\/wp-content\/uploads\/2023\/05\/IMG_5835-768x576.jpg 768w, https:\/\/demokratiegeschichte-bruchsal.de\/wp-content\/uploads\/2023\/05\/IMG_5835-1536x1152.jpg 1536w, https:\/\/demokratiegeschichte-bruchsal.de\/wp-content\/uploads\/2023\/05\/IMG_5835-2048x1536.jpg 2048w\" sizes=\"(max-width: 1024px) 100vw, 1024px\" \/><\/figure><div class=\"wp-block-media-text__content\">\n<p class=\"has-small-font-size\">Als ich dann am 1. Mai am Vormittag noch einmal vorbeischaute, um zu sehen, was daraus wurde, ergab sich dieses Bild: Das Mahnmal wurde als stabile Unterlage f\u00fcr ein Paletten-Lager gebraucht, d.h. nat\u00fcrlich missbraucht. Auf meine Fragen, antworteten mir die Mitarbeiter des Getr\u00e4nkevertriebs, auf den Paletten seien die Bierbank-Garnituren angeliefert und zwischen gelagert worden, bevor sie aufgestellt wurden. Sie w\u00fcrden dann nach dem Fest wieder gebraucht, um die Tische und B\u00e4nke zum Abtransport stapeln zu k\u00f6nnen.<\/p>\n<\/div><\/div>\n\n\n\n<div class=\"wp-block-media-text alignwide is-stacked-on-mobile\" style=\"grid-template-columns:32% auto\"><figure class=\"wp-block-media-text__media\"><img loading=\"lazy\" width=\"1024\" height=\"768\" src=\"http:\/\/bruchsal-bergfried.de\/wp-content\/uploads\/2023\/05\/IMG_5841-1024x768.jpg\" alt=\"\" class=\"wp-image-616 size-full\" srcset=\"https:\/\/demokratiegeschichte-bruchsal.de\/wp-content\/uploads\/2023\/05\/IMG_5841-1024x768.jpg 1024w, https:\/\/demokratiegeschichte-bruchsal.de\/wp-content\/uploads\/2023\/05\/IMG_5841-300x225.jpg 300w, https:\/\/demokratiegeschichte-bruchsal.de\/wp-content\/uploads\/2023\/05\/IMG_5841-150x113.jpg 150w, https:\/\/demokratiegeschichte-bruchsal.de\/wp-content\/uploads\/2023\/05\/IMG_5841-768x576.jpg 768w, https:\/\/demokratiegeschichte-bruchsal.de\/wp-content\/uploads\/2023\/05\/IMG_5841-1536x1152.jpg 1536w, https:\/\/demokratiegeschichte-bruchsal.de\/wp-content\/uploads\/2023\/05\/IMG_5841-2048x1536.jpg 2048w\" sizes=\"(max-width: 1024px) 100vw, 1024px\" \/><\/figure><div class=\"wp-block-media-text__content\">\n<p class=\"has-small-font-size\">Nachdem ich sie darauf aufmerksam gemacht hatte, was dieses Mahnmal bedeutet, haben sie sich sofort entschuldigt und die Paletten ganz schnell auf die Seite ger\u00e4umt. Immerhin, der Platz des Guillotine-Mahnmals sah dann f\u00fcr die letzten Stunden des Festivals so aus: Keinesfalls der W\u00fcrde des Platzes angemessen, aber immerhin, das Mahnmal wurde nicht mehr als Abstellfl\u00e4che f\u00fcr Transport-Paletten missbraucht.<br><\/p>\n<\/div><\/div>\n\n\n\n<p class=\"has-small-font-size\">Das ganze Ausma\u00df des Frevels zeigt dieses <a href=\"https:\/\/www.youtube.com\/watch?v=f6iGYbOwc_8\">youtube-Video<\/a>, dass ich am 1. Mai gedreht habe.<\/p>\n\n\n\n<div class=\"wp-block-media-text alignwide is-stacked-on-mobile\" style=\"grid-template-columns:33% auto\"><figure class=\"wp-block-media-text__media\"><img loading=\"lazy\" width=\"1024\" height=\"768\" src=\"http:\/\/bruchsal-bergfried.de\/wp-content\/uploads\/2023\/05\/IMG_5844-1024x768.jpg\" alt=\"\" class=\"wp-image-617 size-full\" srcset=\"https:\/\/demokratiegeschichte-bruchsal.de\/wp-content\/uploads\/2023\/05\/IMG_5844-1024x768.jpg 1024w, https:\/\/demokratiegeschichte-bruchsal.de\/wp-content\/uploads\/2023\/05\/IMG_5844-300x225.jpg 300w, https:\/\/demokratiegeschichte-bruchsal.de\/wp-content\/uploads\/2023\/05\/IMG_5844-150x113.jpg 150w, https:\/\/demokratiegeschichte-bruchsal.de\/wp-content\/uploads\/2023\/05\/IMG_5844-768x576.jpg 768w, https:\/\/demokratiegeschichte-bruchsal.de\/wp-content\/uploads\/2023\/05\/IMG_5844-1536x1152.jpg 1536w, https:\/\/demokratiegeschichte-bruchsal.de\/wp-content\/uploads\/2023\/05\/IMG_5844-2048x1536.jpg 2048w\" sizes=\"(max-width: 1024px) 100vw, 1024px\" \/><\/figure><div class=\"wp-block-media-text__content\">\n<p class=\"has-small-font-size\">Da ist doch die Frage zu stellen, warum niemand erkannt hat, auf welchem Fundament man die Paletten lagerte, einer Metallplatte n\u00e4mlich, mit der der Opfer des NS-Terrors gedacht wird. Zu fragen ist allerdings auch, warum das niemandem von den Verantwortlichen der Stadtverwaltung aufgefallen ist. Oder niemandem aus der politischen Szene der Stadt, die sich zumindest teilweise ein Stelldichein beim Mittelalter-Treiben am Bergfried gegeben hat. <\/p>\n<\/div><\/div>\n\n\n\n<p class=\"has-small-font-size\">Zumindest bei der Fester\u00f6ffnung war doch auch die Verwaltungsspitze der Stadt anwesend. Und am 1. Mai habe ich selbst gesehen, wie ein leitender Mitarbeiter der Stadt im Atrium die Holzkohle-Reste der n\u00e4chtlichen Lagerfeuer weggefegt und anschlie\u00dfend M\u00fclltonnen auf dem Gel\u00e4nde verteilt hat. Den Frevel am Guillotine-Mahnmal hatte er offensichtlich gro\u00dfz\u00fcgig \u00fcbersehen. Dabei ist die Hauptschuld an dieser Geschichte denen zuzuschreiben, die diesen Standort entweiht haben, indem sie ihn dem Getr\u00e4nkelieferanten als Lagerplatz zugewiesen haben. Den Mitarbeitern der Getr\u00e4nkefirma habe ich klar gesagt, dass ich ihnen keinen Vorwurf mache, sie h\u00e4tten je ihren Job m\u00f6glichst sauber erledigen wollen. Und da war eine feste Unterlage f\u00fcr die mit Bierb\u00e4nken doch oft wackelig best\u00fcckten Paletten mehr als willkommen. Auf der unebenen Grasfl\u00e4che daneben w\u00e4re das Abstellen der voll beladenen Paletten irgendwie riskant gewesen. Aber: Die Stadtverwaltung h\u00e4tte diesen Platz nie und nimmer f\u00fcr ein Getr\u00e4nkelager ausweisen d\u00fcrfen und sie h\u00e4tte dann wenigstens gelegentlich nachschauen m\u00fcssen, wie dieser Platz denn genutzt wurde. Mit nur einer kurzen Ansage eines f\u00fcr das Mittelalter-Treiben Verantwortlichen h\u00e4tte das sch\u00e4bige Paletten-Lager schon am ersten Tag des Spektakels abger\u00e4umt werden k\u00f6nnen.<\/p>\n\n\n\n<div class=\"wp-block-media-text alignwide is-stacked-on-mobile\" style=\"grid-template-columns:35% auto\"><figure class=\"wp-block-media-text__media\"><img loading=\"lazy\" width=\"1024\" height=\"768\" src=\"http:\/\/bruchsal-bergfried.de\/wp-content\/uploads\/2023\/05\/IMG_5845-1024x768.jpg\" alt=\"\" class=\"wp-image-618 size-full\" srcset=\"https:\/\/demokratiegeschichte-bruchsal.de\/wp-content\/uploads\/2023\/05\/IMG_5845-1024x768.jpg 1024w, https:\/\/demokratiegeschichte-bruchsal.de\/wp-content\/uploads\/2023\/05\/IMG_5845-300x225.jpg 300w, https:\/\/demokratiegeschichte-bruchsal.de\/wp-content\/uploads\/2023\/05\/IMG_5845-150x113.jpg 150w, https:\/\/demokratiegeschichte-bruchsal.de\/wp-content\/uploads\/2023\/05\/IMG_5845-768x576.jpg 768w, https:\/\/demokratiegeschichte-bruchsal.de\/wp-content\/uploads\/2023\/05\/IMG_5845-1536x1152.jpg 1536w, https:\/\/demokratiegeschichte-bruchsal.de\/wp-content\/uploads\/2023\/05\/IMG_5845-2048x1536.jpg 2048w\" sizes=\"(max-width: 1024px) 100vw, 1024px\" \/><\/figure><div class=\"wp-block-media-text__content\">\n<p class=\"has-small-font-size\">Auch beim allgemeinen \u201eMahnmal f\u00fcr die Opfer von Gewalt und Terror\u201c wurde eine nicht unbedingt w\u00fcrdige Zweitnutzung zugelassen: Einem Zelt-Restaurant wurde erlaubt, den Platz zum Betrieb einer Grillstation zu nutzen, was ebenfalls mehr als nur fragw\u00fcrdig ist. Und wieder ist es niemandem aus Politik und Verwaltung dieser Stadt aufgefallen, zumindest habe ich bisher keine kritische Anmerkung vernommen. <\/p>\n<\/div><\/div>\n\n\n\n<p class=\"has-small-font-size\">Und, das soll auch nicht vergessen werden, auch die lokalen Medien haben angesichts des attraktiven Spektakels, das sich zweifellos eines gro\u00dfen Publikums erfreute, \u00fcber solche Nebens\u00e4chlichkeiten hinweggesehen.<\/p>\n\n\n\n<p class=\"has-small-font-size\">Angesichts der Diskussion \u00fcber das offizielle Geschichtsbewusstsein dieser Stadt, die sich jetzt seit Jahrzehnten hinzieht, kann ich das nicht. F\u00fcr mich passt dieser verantwortungslose Umgang mit der Geschichte, der sich in Bruchsal wieder einmal abgespielt hat, in die Tradition der offiziellen Gedankenlosigkeit, gegen die ich seit Jahrzehnten angehe. Und daher erlaube ich mir auch, ein paar Konsequenzen aus diesem Geschehen anzuregen: Erstens sollte der Gemeinderat die Stadtverwaltung dringend auffordern, ein Regelwerk zu erlassen, das auch bei Nutzung des B\u00fcrgerparks f\u00fcr Veranstaltungen jeglicher Art sicherstellt, dass die W\u00fcrde der beiden wichtigen Gedenkorte gewahrt bleibt. Eigentlich sollte es so etwas schon geben. Zweitens: Es wird h\u00f6chste Zeit, dass in direkter N\u00e4he zu den beiden Mahnmalen mit Hinweistafeln \u00fcber den Sinn dieser Gedenkst\u00e4tten hingewiesen wird. Bis heute sind erkl\u00e4rende Informationen zu beiden Mahnmalen in die Hinweistafel am V\u00f6lkerfreundschafts-Denkmal eines japanischen K\u00fcnstlers direkt neben dem Otto-Oppenheimer-Platz integriert. Ein unhaltbarer Zustand, der seit drei Jahrzehnten immer wieder einmal kritisiert wurde. Geschehen ist bisher nichts. Vielleicht denkt man jetzt endlich einmal daran, sich mit dieser Kritik zu befassen und Abhilfe zu schaffen. Drittens: Wie w\u00e4re es, wenn die Stadt quasi zum Ausgleich f\u00fcr diese mehr als nur peinliche Gedankenlosigkeit am 22. Juni am Guillotine-Mahnmal einmal eine kleine Gedenkfeier mit Kranzniederlegung veranstalten w\u00fcrde? Am 22. Juni 1944 wurde die Richtst\u00e4tte der NS-Terrorjustiz mit sechs Enthauptungen im Drei-Minuten-Takt eingeweiht. Als Mitglied der Kommission f\u00fcr Stadtgeschichte bin ich gerne bereit, einen Textvorschlag f\u00fcr die Gedenkansprache auszuarbeiten.<\/p>\n\n\n\n<p class=\"has-small-font-size\">PS.: Den TV-Film &#8222;Seilersbahn &#8211; ein St\u00fcck Geschichte&#8220; aus dem Jahr 1987 zeigt die Badische Landesb\u00fchne in ihrer Reihe &#8222;Stadtgeschichten&#8220; noch einmal am 10. Mai 2023 im Hexagon. In diesem Film wird vor allem die Geschichte der NS-Guillotine ausf\u00fchrlich dargestellt.<\/p>\n","protected":false},"excerpt":{"rendered":"<p>Skandal\u00f6ser Umgang mit den Mahnmalen im B\u00fcrgerpark beim Mittelalter-SpectaculumAnmerkungen von Rainer Kaufmann Es hat mehrere Jahre heftiger Auseinandersetzungen bedurft, ehe im B\u00fcrgerpark am Bergfried zwei Mahnmale errichtet wurden, die den Opfern der Gewalt vor allem in der NS-Zeit gewidmet sind. Einer Gewalt, die auch hier in der Stadtmitte von Bruchsal gew\u00fctet hat. Einmal ging es &hellip;<\/p>\n<p class=\"read-more\"> <a class=\"\" href=\"https:\/\/demokratiegeschichte-bruchsal.de\/?page_id=609\"> <span class=\"screen-reader-text\">Eine peinliche Panne oder typisch Bruchsal?<\/span> Weiterlesen &raquo;<\/a><\/p>\n","protected":false},"author":2,"featured_media":0,"parent":0,"menu_order":0,"comment_status":"closed","ping_status":"closed","template":"","meta":[],"_links":{"self":[{"href":"https:\/\/demokratiegeschichte-bruchsal.de\/index.php?rest_route=\/wp\/v2\/pages\/609"}],"collection":[{"href":"https:\/\/demokratiegeschichte-bruchsal.de\/index.php?rest_route=\/wp\/v2\/pages"}],"about":[{"href":"https:\/\/demokratiegeschichte-bruchsal.de\/index.php?rest_route=\/wp\/v2\/types\/page"}],"author":[{"embeddable":true,"href":"https:\/\/demokratiegeschichte-bruchsal.de\/index.php?rest_route=\/wp\/v2\/users\/2"}],"replies":[{"embeddable":true,"href":"https:\/\/demokratiegeschichte-bruchsal.de\/index.php?rest_route=%2Fwp%2Fv2%2Fcomments&post=609"}],"version-history":[{"count":11,"href":"https:\/\/demokratiegeschichte-bruchsal.de\/index.php?rest_route=\/wp\/v2\/pages\/609\/revisions"}],"predecessor-version":[{"id":648,"href":"https:\/\/demokratiegeschichte-bruchsal.de\/index.php?rest_route=\/wp\/v2\/pages\/609\/revisions\/648"}],"wp:attachment":[{"href":"https:\/\/demokratiegeschichte-bruchsal.de\/index.php?rest_route=%2Fwp%2Fv2%2Fmedia&parent=609"}],"curies":[{"name":"wp","href":"https:\/\/api.w.org\/{rel}","templated":true}]}}