{"id":650,"date":"2023-05-08T09:23:55","date_gmt":"2023-05-08T07:23:55","guid":{"rendered":"http:\/\/bruchsal-bergfried.de\/?page_id=650"},"modified":"2023-05-08T09:37:00","modified_gmt":"2023-05-08T07:37:00","slug":"strassennamen-die-in-bruchsal-fehlen","status":"publish","type":"page","link":"https:\/\/demokratiegeschichte-bruchsal.de\/?page_id=650","title":{"rendered":"Stra\u00dfennamen, die in Bruchsal fehlen"},"content":{"rendered":"\n<p>Ausgerechnet am heutigen 8. Mai, dem Jahrestag der Befreiung vom Hitlerfaschismus, gibt es in Bruchsal einen Vortrag vom Leiter des st\u00e4dtischen Archivs, Thomas Moos, mit dem Titel: \u201eBruchsaler Stra\u00dfennamen erz\u00e4hlen: Eine Zeitreise mit vielen historischen und zeitgen\u00f6ssischen Fotos\u201c. Dabei kann man mit Sicherheit davon ausgehen, dass der Stadtarchivar kaum einen Stra\u00dfennamen findet, der mit dem historischen Datum dieses Tages etwas zu tun hat. Das ist nicht seine Schuld, er hat ja nur die Stra\u00dfennamen, die die Gemeinder\u00e4te oder die Stadtverwaltung seit Jahrzehnten und Jahrhunderten vergeben haben. Seit einigen Jahren wird immer wieder angeregt, bei der Auswahl von Namensgebern f\u00fcr Stra\u00dfen und Pl\u00e4tze endlich einmal Personen zu w\u00e4hlen, die f\u00fcr die abwechslungsreiche Geschichte der deutschen Demokratiewerdung stehen. Geschehen ist bisher nichts.<\/p>\n\n\n\n<div class=\"wp-block-media-text alignwide is-stacked-on-mobile\" style=\"grid-template-columns:39% auto\"><figure class=\"wp-block-media-text__media\"><img loading=\"lazy\" width=\"1024\" height=\"575\" src=\"http:\/\/bruchsal-bergfried.de\/wp-content\/uploads\/2021\/11\/Franz_Sigel_Str_IMG_2842-1024x575.jpg\" alt=\"\" class=\"wp-image-450 size-full\" srcset=\"https:\/\/demokratiegeschichte-bruchsal.de\/wp-content\/uploads\/2021\/11\/Franz_Sigel_Str_IMG_2842-1024x575.jpg 1024w, https:\/\/demokratiegeschichte-bruchsal.de\/wp-content\/uploads\/2021\/11\/Franz_Sigel_Str_IMG_2842-300x169.jpg 300w, https:\/\/demokratiegeschichte-bruchsal.de\/wp-content\/uploads\/2021\/11\/Franz_Sigel_Str_IMG_2842-150x84.jpg 150w, https:\/\/demokratiegeschichte-bruchsal.de\/wp-content\/uploads\/2021\/11\/Franz_Sigel_Str_IMG_2842-768x432.jpg 768w, https:\/\/demokratiegeschichte-bruchsal.de\/wp-content\/uploads\/2021\/11\/Franz_Sigel_Str_IMG_2842-1536x863.jpg 1536w, https:\/\/demokratiegeschichte-bruchsal.de\/wp-content\/uploads\/2021\/11\/Franz_Sigel_Str_IMG_2842-2048x1151.jpg 2048w\" sizes=\"(max-width: 1024px) 100vw, 1024px\" \/><\/figure><div class=\"wp-block-media-text__content\">\n<p>Lediglich die in der S\u00fcdstadt gelegene &#8222;Franz-Sigel-Stra\u00dfe&#8220; erf\u00fcllt seit den 1950er Jahren diese Forderung, sp\u00e4ter kam noch die Ludwig-Marum-Stra\u00dfe dazu. <\/p>\n<\/div><\/div>\n\n\n\n<p>Deshalb hier ein paar Personen aus der lokalen Geschichte, die es wert w\u00e4ren, mit einer Stra\u00dfe geehrt zu werden, damit ihr Wirken oder die Ergebnisse des Wirkens anderer an ihnen, nicht vergessen werden:<\/p>\n\n\n\n<p><strong>Anton Eisenhut<\/strong>, kath. Pfarrer aus Eppingen und einer der F\u00fchrer der Bauernkriege. Am 25. Mai 1525 wurde er zusammen mit ein paar Gesinnungsgenossen am Bruchsaler Bergfried von der feudalen Obrigkeit hingerichtet.<\/p>\n\n\n\n<p><strong>Lorenz Brentano<\/strong>, einer der f\u00fchrenden Politiker der Badischen Revolution von 1848\/49, der zu dieser Zeit in Bruchsal wohnte. Er war f\u00fcr kurze Zeit Vorsitzendender der provisorischen Volks-Regierung in Baden. Einer lebenslangen Haftstrafe konnte er sich nur durch Flucht \u00fcber die Schweiz in die USA entziehen, wo er als Journalist, Diplomat und Politiker die demokratische Karriere machte, die ihm in seiner deutschen Heimat versagt blieb.<\/p>\n\n\n\n<p><strong>Amalie Struve<\/strong>, die Ehefrau des Revolutionsf\u00fchrers Gustav Struve, die best\u00e4ndig an der Seite ihres Mannes war und die am 13. Mai 1849 nach Bruchsal kam, um die Befreiung ihres Ehegatten aus dem alten Weibergef\u00e4ngnis am Bergfried zu organisieren. Auch Amalie Struve musste zusammen mit ihrem Mann in die USA emigrieren, wo sie sich als Schriftstellerin einen Namen machte und in der amerikanischen Frauenbewegung aktiv war.<\/p>\n\n\n\n<p><br><strong>Heinrich Hetterich<\/strong>, Bierbrauer (\u201eHetterich`sches Bierhaus\u201c, heute \u201eGasthaus zum B\u00e4ren\u201c) und einer der Anf\u00fchrer des Bruchsaler Volksvereins. Er organisierte 1848 die Befreiung der politischen Gefangenen im damals neuen M\u00e4nnerzuchthaus in Bruchsal und wurde mit zehn Jahren Zuchthaus bestraft.<\/p>\n\n\n\n<p><strong>Peter Lacher<\/strong>, Bruchsaler Soldat und einer der Anf\u00fchrer des Soldaten-Aufstandes in Freiburg, der zur vor\u00fcbergehenden Macht\u00fcbernahme der Demokraten f\u00fchrte. Peter Lacher wurde am 28.8.1849 in Mannheim im Alter von nur 22 Jahren standrechtlich erschossen.<\/p>\n\n\n\n<p>NS-Zeit:<br>In Vertretung der Guillotine-Opfer: <strong>Johann Reinhardt, dt. Sinto<\/strong> aus Karlsruhe<\/p>\n\n\n\n<p>Nachkriegszeit:<br><strong>Sebastian Grundel<\/strong>, Friedhofsaufseher, der in seinem \u201eErinnerungen an meine Dienstzeit\u201c ausf\u00fchrlich \u00fcber die Verbrechen der NS-Terror-Justiz in Bruchsal berichtete.<\/p>\n\n\n\n<p><strong>Hans Bausch<\/strong>, 1958 -1989 Intendant des s\u00fcddeutschen Rundfunks und einer der wichtigsten Vertreter eines freien Rundfunk-Journalismus in der Nachkriegszeit. In der NS-Zeit war er Mitglied der Widerstandsgruppe \u201eChristophorus\u201c in Bruchsal.<\/p>\n\n\n\n<p>Dies ist nur eine erste Aufstellung an Personen, die es verdient h\u00e4tten, in Bruchsal besonders gew\u00fcrdigt zu werden. Weitere Vorschl\u00e4ge k\u00f6nnen \u00fcber diese Webseite gemacht werden per mail an: <a href=\"mailto:lernort-freiheit@bruchsal-bergfried.de\" target=\"_blank\" rel=\"noreferrer noopener\">lernort-freiheit@bruchsal-bergfried.de<\/a><\/p>\n\n\n\n<p>F\u00fcr den F\u00f6rderverein \u201eLernort Bergfried &#8211; Freiheit, B\u00fcrgerrechte, Demokratie\u201c<\/p>\n\n\n\n<p><strong><em>Dr. J\u00fcrgen Dick<br>Rainer Kaufmann<\/em><\/strong><\/p>\n","protected":false},"excerpt":{"rendered":"<p>Ausgerechnet am heutigen 8. Mai, dem Jahrestag der Befreiung vom Hitlerfaschismus, gibt es in Bruchsal einen Vortrag vom Leiter des st\u00e4dtischen Archivs, Thomas Moos, mit dem Titel: \u201eBruchsaler Stra\u00dfennamen erz\u00e4hlen: Eine Zeitreise mit vielen historischen und zeitgen\u00f6ssischen Fotos\u201c. Dabei kann man mit Sicherheit davon ausgehen, dass der Stadtarchivar kaum einen Stra\u00dfennamen findet, der mit dem &hellip;<\/p>\n<p class=\"read-more\"> <a class=\"\" href=\"https:\/\/demokratiegeschichte-bruchsal.de\/?page_id=650\"> <span class=\"screen-reader-text\">Stra\u00dfennamen, die in Bruchsal fehlen<\/span> Weiterlesen &raquo;<\/a><\/p>\n","protected":false},"author":2,"featured_media":0,"parent":0,"menu_order":0,"comment_status":"closed","ping_status":"closed","template":"","meta":[],"_links":{"self":[{"href":"https:\/\/demokratiegeschichte-bruchsal.de\/index.php?rest_route=\/wp\/v2\/pages\/650"}],"collection":[{"href":"https:\/\/demokratiegeschichte-bruchsal.de\/index.php?rest_route=\/wp\/v2\/pages"}],"about":[{"href":"https:\/\/demokratiegeschichte-bruchsal.de\/index.php?rest_route=\/wp\/v2\/types\/page"}],"author":[{"embeddable":true,"href":"https:\/\/demokratiegeschichte-bruchsal.de\/index.php?rest_route=\/wp\/v2\/users\/2"}],"replies":[{"embeddable":true,"href":"https:\/\/demokratiegeschichte-bruchsal.de\/index.php?rest_route=%2Fwp%2Fv2%2Fcomments&post=650"}],"version-history":[{"count":7,"href":"https:\/\/demokratiegeschichte-bruchsal.de\/index.php?rest_route=\/wp\/v2\/pages\/650\/revisions"}],"predecessor-version":[{"id":660,"href":"https:\/\/demokratiegeschichte-bruchsal.de\/index.php?rest_route=\/wp\/v2\/pages\/650\/revisions\/660"}],"wp:attachment":[{"href":"https:\/\/demokratiegeschichte-bruchsal.de\/index.php?rest_route=%2Fwp%2Fv2%2Fmedia&parent=650"}],"curies":[{"name":"wp","href":"https:\/\/api.w.org\/{rel}","templated":true}]}}