{"id":702,"date":"2023-11-07T09:24:51","date_gmt":"2023-11-07T08:24:51","guid":{"rendered":"http:\/\/bruchsal-bergfried.de\/?page_id=702"},"modified":"2023-11-07T09:34:04","modified_gmt":"2023-11-07T08:34:04","slug":"jetzt-endlich-saele-des-buergerzentrums-umbenennen","status":"publish","type":"page","link":"https:\/\/demokratiegeschichte-bruchsal.de\/?page_id=702","title":{"rendered":"Jetzt endlich: S\u00e4le des B\u00fcrgerzentrums umbenennen"},"content":{"rendered":"\n<p><strong><u>Offener Brief vom Vorsitzenden des F\u00f6rdervereins &#8222;Demokratiegeschichte Bruchsal&#8220; an die&nbsp; Mitglieder der Kommission f\u00fcr Stadtgeschichte<\/u><\/strong><\/p>\n\n\n\n<p>Liebe Kolleginnen und Kollegen,<\/p>\n\n\n\n<p>bei den Recherchen zur Premiere meiner historischen Friedhofsf\u00fchrung am 1. November bin ich auf ein interessantes Zitat gesto\u00dfen. Es stammt aus dem 88-seitigen Werk <em>\u201eGeschichte des Bruchsaler Friedhofs und seiner Grabst\u00e4tten\u201c<\/em>. Verfasser ist das Mitglied der fr\u00fcheren Historischen Kommission der Stadt Bruchsal, Werner Greder. Das Script ist im Stadtarchiv sicher vorhanden. Auf Seite 77 schreibt er unter der \u00dcberschrift <em>\u201eJuden in Bruchsal\u201c<\/em><\/p>\n\n\n\n<p class=\"has-text-align-right\"><strong><em>\u201eDie Einstellung der landesherrlichen Bisch\u00f6fe zu den Juden wurde durch den von ihnen erhofften wirtschaftlichen Nutzen bestimmt. So wurden die Juden von den Bisch\u00f6fen ersucht, ihnen finanziell beizustehen, wenn die Herren sich in Geldn\u00f6ten befanden, was der \u00d6fteren der Fall war. Auch eine Judensteuer wurde erhoben, welche die Juden zu entrichten hatten, wof\u00fcr ihnen von den Bisch\u00f6fen Schutz gew\u00e4hrt wurde.<\/em><\/strong><\/p>\n\n\n\n<p class=\"has-text-align-right\"><strong><em>Bischof Gerhard Herr von Ehrenberg (1338 \u2013 1363) erlie\u00df f\u00fcr die in seinem Herrschaftsbereich wohnenden Juden ein Zwangs-Tauf-Edikt und forderte die Juden auf, ihren `Irrglauben` abzulegen. Die Juden weigerten sich aber, worauf der Bischof anordnete, dass alle j\u00fcdischen M\u00e4nner einen gelben Fleck auf ihrem Gewand zu tragen haben und deren Frauen auf dem Kopftuch zwei blaue B\u00e4nder anbringen mussten. Au\u00dferdem befahl der Bischof, dass die Juden an christlichen Sonn- und Feiertagen sich in ihren Wohnungen einzuschlie\u00dfen haben.\u201c<\/em><\/strong><\/p>\n\n\n\n<p>Meinen Kommentar dazu auf dieser F\u00fchrung m\u00f6chte ich Ihnen nicht vorenthalten:<\/p>\n\n\n\n<p class=\"has-text-align-right\"><em>\u201eUnd dieser feine Herr ist heute noch Pate eines Saales im Bruchsaler B\u00fcrgerzentrum mit dessen Bau, so hat OB Doll bei der Einweihung des B\u00fcrgerzentrums gesagt, `man sich hineingenommen f\u00fchle in Kontinuit\u00e4t unseres Handelns vor der Geschichte unserer Stadt`, deren `Kultur man eine neue Dimension` verliehen habe. Ob er das heute noch einmal so sagen w\u00fcrde?<\/em><\/p>\n\n\n\n<p class=\"has-text-align-right\"><em>Sie erlauben mir sicher jetzt die pers\u00f6nliche Bemerkung: Seit Jahren setze ich mich f\u00fcr die Umbenennung der S\u00e4le des Bruchsaler B\u00fcrgerzentrums ein. Vielleicht wird es dann jetzt etwas, wenn wir im kommenden Jahr das 175-j\u00e4hrige Jubil\u00e4um der Badischen Revolution feiern.\u201c<\/em><em><\/em><\/p>\n\n\n\n<p>Ich denke, es wird jetzt h\u00f6chste Zeit, dass sich die Kommission f\u00fcr Stadtgeschichte mit dem Thema Umbenennung der S\u00e4le im Bruchsaler B\u00fcrgerzentrum besch\u00e4ftigt und dem Gemeinderat vorschl\u00e4gt, die S\u00e4le k\u00fcnftig nach zwei Vertretern der Demokratiegeschichte Bruchsals, Anton Eisenhut und Lorenz Brentano, zu benennen. Ich kann nach wie vor nicht verstehen, warum die Kernstadt Bruchsal nicht wenigstens in seinem <em>\u201eB\u00fcrgerzentrum\u201c<\/em> das kann, was Untergrombach schon lange hat: <strong><em>Jo\u00df-Fritz-Schule, Jo\u00df-Fritz-Stra\u00dfe, Jo\u00df-Fritz-Brunnen<\/em><\/strong>.<\/p>\n\n\n\n<p>Ich bitte die Kommission f\u00fcr Stadtgeschichte daher, sich zeitnah mit diesem Vorschlag zu besch\u00e4ftigen. Zeitnah deshalb, weil sich ein geeigneter Anlass f\u00fcr diese Umbenennung anbietet, n\u00e4mlich das Programm zur Feier des 175-j\u00e4hrigen Jubil\u00e4ums der b\u00fcrgerlichen Revolution am 10. &#8211; 12. Mai 2024. Dieses Programm wird ja gegenw\u00e4rtig von einer Arbeitsgruppe unserer Kommission unter der Leitung des Kulturamtes der Stadt gestaltet.<\/p>\n\n\n\n<p>Damit dieses Thema m\u00f6glichst rasch Gegenstand der b\u00fcrgerschaftlichen Diskussion wird, erlaube ich mir, diesen offenen Brief der Stadtverwaltung, den Fraktionen des Bruchsaler Gemeinderats, der Presse und anderen interessierten Institutionen und Vereinigungen zukommen zu lassen. Er wird auch auf der Webseite unseres F\u00f6rdervereins gepostet, auf der wir dann zu ausf\u00fchrlichen Diskussionen aufrufen.<\/p>\n\n\n\n<p>Vielleicht noch ein Link zum Thema: <a href=\"https:\/\/landfunker.de\/video-bruchsal-ein-stueck-geschichte-die-seilersbahn-1989\/\">https:\/\/landfunker.de\/video-bruchsal-ein-stueck-geschichte-die-seilersbahn-1989\/<\/a><\/p>\n\n\n\n<p>F\u00fcr das Verst\u00e4ndnis der Kommissionsmitglieder und eine offene Diskussion bedanke ich mich im Voraus.<\/p>\n\n\n\n<p>Mit freundlichen Gr\u00fc\u00dfen<br><em>Rainer Kaufmann<\/em><br>1. Vorsitzender<br><em>F\u00f6rderverein \u201eDemokratiegeschichte Bruchsal\u201c<\/em><br>Mitglied des &#8222;Kommission f\u00fcr Stadtgeschichte&#8220; der Stadt Bruchsal<\/p>\n\n\n\n<p><\/p>\n","protected":false},"excerpt":{"rendered":"<p>Offener Brief vom Vorsitzenden des F\u00f6rdervereins &#8222;Demokratiegeschichte Bruchsal&#8220; an die&nbsp; Mitglieder der Kommission f\u00fcr Stadtgeschichte Liebe Kolleginnen und Kollegen, bei den Recherchen zur Premiere meiner historischen Friedhofsf\u00fchrung am 1. November bin ich auf ein interessantes Zitat gesto\u00dfen. Es stammt aus dem 88-seitigen Werk \u201eGeschichte des Bruchsaler Friedhofs und seiner Grabst\u00e4tten\u201c. Verfasser ist das Mitglied der &hellip;<\/p>\n<p class=\"read-more\"> <a class=\"\" href=\"https:\/\/demokratiegeschichte-bruchsal.de\/?page_id=702\"> <span class=\"screen-reader-text\">Jetzt endlich: S\u00e4le des B\u00fcrgerzentrums umbenennen<\/span> Weiterlesen &raquo;<\/a><\/p>\n","protected":false},"author":2,"featured_media":0,"parent":0,"menu_order":0,"comment_status":"closed","ping_status":"closed","template":"","meta":[],"_links":{"self":[{"href":"https:\/\/demokratiegeschichte-bruchsal.de\/index.php?rest_route=\/wp\/v2\/pages\/702"}],"collection":[{"href":"https:\/\/demokratiegeschichte-bruchsal.de\/index.php?rest_route=\/wp\/v2\/pages"}],"about":[{"href":"https:\/\/demokratiegeschichte-bruchsal.de\/index.php?rest_route=\/wp\/v2\/types\/page"}],"author":[{"embeddable":true,"href":"https:\/\/demokratiegeschichte-bruchsal.de\/index.php?rest_route=\/wp\/v2\/users\/2"}],"replies":[{"embeddable":true,"href":"https:\/\/demokratiegeschichte-bruchsal.de\/index.php?rest_route=%2Fwp%2Fv2%2Fcomments&post=702"}],"version-history":[{"count":3,"href":"https:\/\/demokratiegeschichte-bruchsal.de\/index.php?rest_route=\/wp\/v2\/pages\/702\/revisions"}],"predecessor-version":[{"id":708,"href":"https:\/\/demokratiegeschichte-bruchsal.de\/index.php?rest_route=\/wp\/v2\/pages\/702\/revisions\/708"}],"wp:attachment":[{"href":"https:\/\/demokratiegeschichte-bruchsal.de\/index.php?rest_route=%2Fwp%2Fv2%2Fmedia&parent=702"}],"curies":[{"name":"wp","href":"https:\/\/api.w.org\/{rel}","templated":true}]}}