{"id":727,"date":"2024-02-01T13:23:22","date_gmt":"2024-02-01T12:23:22","guid":{"rendered":"http:\/\/bruchsal-bergfried.de\/?page_id=727"},"modified":"2024-02-04T12:31:34","modified_gmt":"2024-02-04T11:31:34","slug":"geschichts-lesungen-zu-175-jahre-badische-revolution","status":"publish","type":"page","link":"https:\/\/demokratiegeschichte-bruchsal.de\/?page_id=727","title":{"rendered":"Geschichts-Lesungen zu 175 Jahre Badische Revolution"},"content":{"rendered":"\n<p>Mit einer besonderen Serie an <strong><em>Geschichts-Lesungen<\/em><\/strong> will der F\u00f6rderverein \u201e<strong><em>Demokratiegeschichte Bruchsal\u201c<\/em><\/strong> an die Ereignisse vor 175 Jahren erinnern, bei denen auch <em>\u201eunsere sonst so ruhige Stadt\u201c<\/em> in heftigen Aufruhr geraten war, wie damals berichtet wurde. Ein Aufruhr, der sich gegen das als Unrecht empfundene System der Feudal-F\u00fcrsten richtete und damit als einer der Vorg\u00e4nger unserer heutigen Demokratie gewertet werden kann.<\/p>\n\n\n\n<div class=\"wp-block-group alignwide\"><div class=\"wp-block-group__inner-container\">\n<div class=\"wp-block-media-text alignwide is-stacked-on-mobile\" style=\"grid-template-columns:33% auto\"><figure class=\"wp-block-media-text__media\"><img loading=\"lazy\" width=\"1024\" height=\"699\" src=\"http:\/\/bruchsal-bergfried.de\/wp-content\/uploads\/2024\/02\/logo_verein_demokratiegschichte_version_3_farbig_flat-1024x699.jpg\" alt=\"\" class=\"wp-image-728 size-full\" srcset=\"https:\/\/demokratiegeschichte-bruchsal.de\/wp-content\/uploads\/2024\/02\/logo_verein_demokratiegschichte_version_3_farbig_flat-1024x699.jpg 1024w, https:\/\/demokratiegeschichte-bruchsal.de\/wp-content\/uploads\/2024\/02\/logo_verein_demokratiegschichte_version_3_farbig_flat-300x205.jpg 300w, https:\/\/demokratiegeschichte-bruchsal.de\/wp-content\/uploads\/2024\/02\/logo_verein_demokratiegschichte_version_3_farbig_flat-150x102.jpg 150w, https:\/\/demokratiegeschichte-bruchsal.de\/wp-content\/uploads\/2024\/02\/logo_verein_demokratiegschichte_version_3_farbig_flat-768x524.jpg 768w, https:\/\/demokratiegeschichte-bruchsal.de\/wp-content\/uploads\/2024\/02\/logo_verein_demokratiegschichte_version_3_farbig_flat-1536x1049.jpg 1536w, https:\/\/demokratiegeschichte-bruchsal.de\/wp-content\/uploads\/2024\/02\/logo_verein_demokratiegschichte_version_3_farbig_flat-2048x1398.jpg 2048w\" sizes=\"(max-width: 1024px) 100vw, 1024px\" \/><\/figure><div class=\"wp-block-media-text__content\">\n<p class=\"has-normal-font-size\">Die Lesungen finden jeweils am Donnerstag um 19:00 Uhr statt im<br><strong>Bistro-Caf\u00e9 \u201eBadnerstube\u201c &#8211; Bruchsal Kaiserstra\u00dfe 80<\/strong>.<\/p>\n<\/div><\/div>\n<\/div><\/div>\n\n\n\n<p><br>Das Bistro wird sich in dieser Zeit als <strong>\u201eDas Geschichts-Cafe\u201c<\/strong> pr\u00e4sentieren mit einer Ausstellung im Lokal und au\u00dferhalb zu Bruchsaler Protagonisten und Ereignissen dieser Zeit. Es ist an den Donnerstagen jeweils ab 18:00 Uhr ausschlie\u00dflich f\u00fcr die geschlossene Gesellschaft der Geschichts-Lesungen ge\u00f6ffnet. Dar\u00fcber hinaus werden im M\u00e4rz und April Speisen aus dieser Epoche serviert, Speisen der normalen B\u00fcrger und der armen Leute dieser Jahre. Ein ganz besonderes kulinarisches Begleit-Programm also, das an Wochenmarkttagen auch im Stra\u00dfenverkauf angeboten wird.<br>Hier die Themen der einzelnen Lesungen, die jeweils mit einer kurzen historischen Einordnung er\u00f6ffnet werden:<br><u>29. Februar<\/u>:<strong> Ich wei\u00df nicht, was soll es bedeuten <\/strong>&#8211; Lieder, Gedichte und Texte aus dem Vorm\u00e4rz<br><u>7. M\u00e4rz<\/u>:<strong> Deutschland, Deutschland \u00fcber alles? <\/strong>&#8211; Die andere Seite des Dichters Hoffmann von Fallersleben<br><u>14. M\u00e4rz<\/u>: <strong>Der Geist der Pfaffenherrschaft <\/strong>&#8211;<strong> <\/strong>Reden und Schriften des Bruchsaler Demokraten Lorenz Brentano<br><u>21. M\u00e4rz<\/u>: <strong>Tun wir, tun wir was dazu!<\/strong> &#8211;<strong> <\/strong>Lieder und Gedichte von 1848\/49<br><u>28. M\u00e4rz (Gr\u00fcndonnerstag): <\/u><strong>Vorw\u00e4rts ist der Ruf der Zeit <\/strong>&#8211;<strong> <\/strong>Flugbl\u00e4tter und Aufrufe von 1848\/49<br><u>4. April \u2013 Osterferien: <\/u><strong>Keine Lesung<\/strong> &#8211; Betriebsferien in der Badnerstube<br><u>11. April<\/u>: <strong>Freiheit ist das sch\u00f6nste Fest <\/strong>&#8211;<strong> <\/strong>Ludwig Pfau, der Dichter des Badischen Wiegenliedes<br><u>18. April<\/u>:<strong> Keine Lesung<\/strong> \u2013 Wir empfehlen den Besuch der Lesung \u00fcber Friedrich Hecker in der Stadtbibliothek<br><u>25. April<\/u>: <strong>Aus dem Bruchsaler Zellengef\u00e4ngnis <\/strong>&#8211;<strong> <\/strong>Otto von Corvins &#8222;Briefe aus schwerer, bewegter Zeit 1848 \u2013 1856&#8220;<br><u>2. Mai:  <\/u><strong>I goes to fight mit Sigel <\/strong>&#8211; \u00a0Bruchsal und die \u201eForty eighters\u201c in Amerika<br><u>9. Mai<\/u>: <strong>We shall overcome <\/strong>&#8211;<strong> <\/strong>Freiheitslieder aus aller Welt<\/p>\n\n\n\n<p><strong><u>Veranstalter:<\/u><\/strong><br><strong>F\u00f6rderverein <em>\u201eDemokratiegeschichte Bruchsa<\/em><\/strong><em>l\u201c<\/em> <br>Verantwortlich f\u00fcr die einzelnen Lesungen: Rainer Kaufmann, Dr. J\u00fcrgen Dick<br>Eintritt frei, Spenden werden gerne entgegengenommen<br>Platz-Reservierungen an: <a href=\"mailto:info@demokratiegeschichte-bruchsal.de\">info@demokratiegeschichte-bruchsal.de<\/a><\/p>\n\n\n\n<p><strong><u>Rahmenprogramm<\/u><\/strong><br>An den Wochenmarkttagen im M\u00e4rz und April (mit Ausnahme der Woche nach Ostern) informieren wir die Bev\u00f6lkerung an einem <strong><u>Informationsstand <\/u><\/strong>vor dem Lokal \u00fcber unsere Projekte und Ideen. Dabei wollen wir mit einer Umfrage zum Thema: \u201eFreiheit, die ich meine\u201c unseren Gespr\u00e4chspartnern die M\u00f6glichkeit bieten, sich in die weitere Diskussion zum Jubil\u00e4umsjahr direkt einzubringen. Mit Notizzetteln, die sp\u00e4ter ausgewertet werden, wollen wir erfragen, welche Vorstellung sie vom Begriff \u201eFreiheit heute\u201c haben. Das Ergebnis dieser Umfrage wird dann auf unserer Webseite und \u00fcber die Presse ver\u00f6ffentlicht.<\/p>\n","protected":false},"excerpt":{"rendered":"<p>Mit einer besonderen Serie an Geschichts-Lesungen will der F\u00f6rderverein \u201eDemokratiegeschichte Bruchsal\u201c an die Ereignisse vor 175 Jahren erinnern, bei denen auch \u201eunsere sonst so ruhige Stadt\u201c in heftigen Aufruhr geraten war, wie damals berichtet wurde. Ein Aufruhr, der sich gegen das als Unrecht empfundene System der Feudal-F\u00fcrsten richtete und damit als einer der Vorg\u00e4nger unserer &hellip;<\/p>\n<p class=\"read-more\"> <a class=\"\" href=\"https:\/\/demokratiegeschichte-bruchsal.de\/?page_id=727\"> <span class=\"screen-reader-text\">Geschichts-Lesungen zu 175 Jahre Badische Revolution<\/span> Weiterlesen &raquo;<\/a><\/p>\n","protected":false},"author":2,"featured_media":0,"parent":0,"menu_order":0,"comment_status":"closed","ping_status":"closed","template":"","meta":[],"_links":{"self":[{"href":"https:\/\/demokratiegeschichte-bruchsal.de\/index.php?rest_route=\/wp\/v2\/pages\/727"}],"collection":[{"href":"https:\/\/demokratiegeschichte-bruchsal.de\/index.php?rest_route=\/wp\/v2\/pages"}],"about":[{"href":"https:\/\/demokratiegeschichte-bruchsal.de\/index.php?rest_route=\/wp\/v2\/types\/page"}],"author":[{"embeddable":true,"href":"https:\/\/demokratiegeschichte-bruchsal.de\/index.php?rest_route=\/wp\/v2\/users\/2"}],"replies":[{"embeddable":true,"href":"https:\/\/demokratiegeschichte-bruchsal.de\/index.php?rest_route=%2Fwp%2Fv2%2Fcomments&post=727"}],"version-history":[{"count":3,"href":"https:\/\/demokratiegeschichte-bruchsal.de\/index.php?rest_route=\/wp\/v2\/pages\/727\/revisions"}],"predecessor-version":[{"id":737,"href":"https:\/\/demokratiegeschichte-bruchsal.de\/index.php?rest_route=\/wp\/v2\/pages\/727\/revisions\/737"}],"wp:attachment":[{"href":"https:\/\/demokratiegeschichte-bruchsal.de\/index.php?rest_route=%2Fwp%2Fv2%2Fmedia&parent=727"}],"curies":[{"name":"wp","href":"https:\/\/api.w.org\/{rel}","templated":true}]}}