{"id":768,"date":"2024-05-08T08:51:28","date_gmt":"2024-05-08T06:51:28","guid":{"rendered":"http:\/\/bruchsal-bergfried.de\/?page_id=768"},"modified":"2024-05-08T15:18:25","modified_gmt":"2024-05-08T13:18:25","slug":"zukunft-braucht-herkunft","status":"publish","type":"page","link":"https:\/\/demokratiegeschichte-bruchsal.de\/?page_id=768","title":{"rendered":"Zukunft braucht Herkunft"},"content":{"rendered":"\n<h1>Sehenswertes Gastspiel des Axensprung-Theaters Hamburg zum 175-j\u00e4hrigen Jubil\u00e4um der badischen Revolution<\/h1>\n\n\n\n<p>Am Donnerstag, 15. Mai gastiert das Hamburger Tournee-Theater &#8222;Axensprung&#8220; mit einem besonders aktuellen Theaterst\u00fcck: <br><strong>Freiheit 1848 &#8211; Ein europ\u00e4ischer Traum<\/strong>.<br><strong>Eine Geschichte vom Kampf zwischen Befreiung und Unterdr\u00fcckung.<\/strong><br>Eine Inszenierung, die zu besuchen, vom F\u00f6rderverein &#8222;Demokratiegeschichte Bruchsal&#8220; dringend empfohlen wird. Sie bietet ungewohnte Einblicke hinter die Kulissen des Polit-Theaters dieser Zeit und  Hintergr\u00fcnde, die vor allem das Scheitern der Revolution erkl\u00e4ren.<\/p>\n\n\n\n<p>Zum St\u00fcck schreibt das Axensprung-Theater:<br>1848: Es wogt hin und her in Deutschlands F\u00fcrstent\u00fcmern: Radikale Demokraten proben den Aufstand. Liberale B\u00fcrger wollen Freiheit, haben aber Angst vor Anarchie. \u00dcberforderte Monarchen, hin und hergerissen zwischen Zugest\u00e4ndnissen und brutalem Gegenschlag \u2013 und mittendrin die Nationalversammlung, in der heftig um eine Verfassung gerungen und gestritten wird: Wie soll die deutsche Nation aussehen? Mit welchen Freiheiten f\u00fcr wen? Republik oder konstitutionelle Monarchie? Es scheint lange her und hat mit uns heute doch mehr zu tun, als wir glauben.<br>Ein Kampf zwischen Volkssouver\u00e4nit\u00e4t und Gottesgnadentum, zwischen Unterdr\u00fcckung und Selbstbestimmung, um die Einheit der Nation. Die Anf\u00e4nge deutscher Demokratie. Also um Freiheiten, wie wir sie heute kennen und um die weltweit wieder oder immer noch gerungen wird. <br>F\u00fcr das Hamburger Tourneetheater &#8222;Axensprung&#8220; Grund genug, diesen bis in unsere Zeit nachhallenden Ereignissen und Personen seine besondere Aufmerksamkeit zu schenken und sich ihrer lebendig zu erinnern.<br>\u201eDas Leben kann nur in der Schau nach r\u00fcckw\u00e4rts verstanden, aber nur in der Schau nach vorw\u00e4rts gelebt werden.\u201c (S\u00f6ren Kierkegaard)<br>Die Revolution wurde blutig niedergeschlagen. War sie gescheitert? Oder nur unvollendet? Wollte man zu fr\u00fch zu viel? Jedenfalls leitete sie einen Wandel ein, der nicht mehr aufzuhalten war.<br>Nat\u00fcrlich ist es unm\u00f6glich, die gesamte Komplexit\u00e4t dieser Zeit in einer Theaterproduktion aufzuzeigen. Aus diesem Grund fokussiert sich das Ensemble in dem selbst geschriebenen St\u00fcck in einer kompakten, ca. 90-min\u00fctigen Inszenierung auf einige Ereignisse und Personen der Epoche zwischen M\u00e4rz 1848 und Juli 1849 fokussieren, die als besonders entscheidend und wichtig erachten werden.<br>Die drei wesentlichen Orte:<br><strong>Berlin<\/strong> als Sitz des preu\u00dfischen K\u00f6nigs und als ein Zentrum der reaktion\u00e4ren Macht<br>Die Nationalversammlung in <strong>Frankfurt<\/strong> als Ort des z\u00e4hen Ringens um Demokratie und gleichzeitig rasanten Erfindens demokratischer Strukturen<br><strong>Baden<\/strong> als wesentlicher Brennpunkt revolution\u00e4rer Aufst\u00e4nde und schlie\u00dflich auch deren tragischen Scheiterns.<\/p>\n\n\n\n<p>Gef\u00f6rdert wurde die Inszenierung vom Bundesarchiv in Berlin, wo es im vergangenen Jahr uraufgef\u00fchrt wurde.<br><strong>Ort: Exil-Theater, Am Alten G\u00fcterbahnhof 12, 76646 Bruchsal<br>Beginn: 19:30<\/strong><br>Karten zum Preis von \u20ac 18,&#8211; (Erm\u00e4\u00dfigte \u20ac 15,&#8211;) erh\u00e4ltlich bei der Touristinformation Bruchsal, H7, Hoheneggerstra\u00dfe 7 oder \u00fcber die Abteilung Kultur beim Hauptamt der Stadt Bruchsal. Tel: 07251-79531 und 79583, Email: kultur@bruchsal.de<br>Weitere Informationen zum St\u00fcck und dem Ensemble &#8222;Axensprung&#8220;: <a href=\"http:\/\/axensprung-theater.de\">axensprung-theater.de<\/a><\/p>\n\n\n\n<p><\/p>\n","protected":false},"excerpt":{"rendered":"<p>Sehenswertes Gastspiel des Axensprung-Theaters Hamburg zum 175-j\u00e4hrigen Jubil\u00e4um der badischen Revolution Am Donnerstag, 15. Mai gastiert das Hamburger Tournee-Theater &#8222;Axensprung&#8220; mit einem besonders aktuellen Theaterst\u00fcck: Freiheit 1848 &#8211; Ein europ\u00e4ischer Traum.Eine Geschichte vom Kampf zwischen Befreiung und Unterdr\u00fcckung.Eine Inszenierung, die zu besuchen, vom F\u00f6rderverein &#8222;Demokratiegeschichte Bruchsal&#8220; dringend empfohlen wird. Sie bietet ungewohnte Einblicke hinter die &hellip;<\/p>\n<p class=\"read-more\"> <a class=\"\" href=\"https:\/\/demokratiegeschichte-bruchsal.de\/?page_id=768\"> <span class=\"screen-reader-text\">Zukunft braucht Herkunft<\/span> Weiterlesen &raquo;<\/a><\/p>\n","protected":false},"author":2,"featured_media":0,"parent":0,"menu_order":0,"comment_status":"closed","ping_status":"closed","template":"","meta":[],"_links":{"self":[{"href":"https:\/\/demokratiegeschichte-bruchsal.de\/index.php?rest_route=\/wp\/v2\/pages\/768"}],"collection":[{"href":"https:\/\/demokratiegeschichte-bruchsal.de\/index.php?rest_route=\/wp\/v2\/pages"}],"about":[{"href":"https:\/\/demokratiegeschichte-bruchsal.de\/index.php?rest_route=\/wp\/v2\/types\/page"}],"author":[{"embeddable":true,"href":"https:\/\/demokratiegeschichte-bruchsal.de\/index.php?rest_route=\/wp\/v2\/users\/2"}],"replies":[{"embeddable":true,"href":"https:\/\/demokratiegeschichte-bruchsal.de\/index.php?rest_route=%2Fwp%2Fv2%2Fcomments&post=768"}],"version-history":[{"count":4,"href":"https:\/\/demokratiegeschichte-bruchsal.de\/index.php?rest_route=\/wp\/v2\/pages\/768\/revisions"}],"predecessor-version":[{"id":781,"href":"https:\/\/demokratiegeschichte-bruchsal.de\/index.php?rest_route=\/wp\/v2\/pages\/768\/revisions\/781"}],"wp:attachment":[{"href":"https:\/\/demokratiegeschichte-bruchsal.de\/index.php?rest_route=%2Fwp%2Fv2%2Fmedia&parent=768"}],"curies":[{"name":"wp","href":"https:\/\/api.w.org\/{rel}","templated":true}]}}