{"id":789,"date":"2024-11-05T10:58:12","date_gmt":"2024-11-05T09:58:12","guid":{"rendered":"http:\/\/bruchsal-bergfried.de\/?page_id=789"},"modified":"2024-11-05T11:00:08","modified_gmt":"2024-11-05T10:00:08","slug":"der-9-november-ein-besonderer-jahrestag","status":"publish","type":"page","link":"https:\/\/demokratiegeschichte-bruchsal.de\/?page_id=789","title":{"rendered":"Der 9. November &#8211; ein besonderer Jahrestag"},"content":{"rendered":"\n<p>Der 9. November ist ohne Frage ein besonders wichtiger Jahrestag in Deutschland. Am 9. November 1938 wurden auf Gehei\u00df des Nazi-Regimes die j\u00fcdischen Synagogen im Reich abgefackelt, so auch die in der Bruchsaler Friedrichstra\u00dfe. Und die Feuerwehren hatten die klare Anweisung, nicht einzugreifen, sondern nur die umliegenden H\u00e4user vor einem \u00dcbergriff der Flammen zu sch\u00fctzen. Die weitere spezielle Bruchsaler Geschichte ist bekannt: Nach dem Krieg wurde ausgerechnet auf dem Gel\u00e4nde der abgefackelten Synagoge ein Feuerwehrhaus errichtet, das bis vor wenigen Jahren noch seinen Dienst versah. Die Feuerwehr ist mittlerweile ausgezogen, jetzt sind vor\u00fcbergehend die Malteser untergebacht, aber auch nicht mehr lange. Die Diskussion, was aus dem Haus unter dem von der Oberb\u00fcrgermeisterin ausgegebenen Logo &#8222;Denkort Fundamente&#8220; werden soll, ist im politischen Hintergrund aber noch lange nicht abgeschlossen. Im Gegenteil, es scheint nach derzeitigen vertraulichen Informationen alles relativ offen zu sein.<\/p>\n\n\n\n<p>Wir haben uns mit unserem &#8222;F\u00f6rderverein Demokratiegeschichte-Bruchsal&#8220; in mehreren Beitr\u00e4gen der letzten Jahre immer wieder konzeptionell in die Diskussion eingebracht und dabei die Position vertreten, dass die Erinnerung an die j\u00fcdische Bev\u00f6lkerung samt den Verbrechen an ihr ohne eine historisch-inhaltliche Verkn\u00fcpfung mit der deutschen Demokratiegeschichte &#8211; all ihren R\u00fcckschl\u00e4gen, aber auch all ihren Erfolgen &#8211; nicht denkbar ist. Deshalb ist es f\u00fcr uns mehr als bedauerlich, dass unser Verein und seine Vertreter aus allen weiteren Planungs-, Diskussions- und Beratungsgremien ausgeschlossen wurden. Es wird h\u00f6chste Zeit, dass sich die Verantwortlichen dar\u00fcber einmal Gedanken machen, was es hei\u00dft, jahrelanges b\u00fcrgerschaftliches Engagement in einer solch wichtigen Sache einfach zu ignorieren.<\/p>\n\n\n\n<p>Zum weiteren Hintergrund der gesamten Diskussion in Bruchsal: Jetzt ist ein Video aufgetaucht, das eine Gedenkstunde der Bruchsaler Friedensinititative vor dem Bruchsaler Feuerwehrhaus am 9. November 2017 dokumentiert. Diese Gedenkstunde war die erste \u00f6ffentlich wirksame Veranstaltung, bei der auf die besondere historische Verantwortung der Stadt Bruchsal beim Umgang mit diesem Gel\u00e4nde hingewiesen wurde. Die Beteiligten: Ruth Birkle (Friedensinitiative Bruchsal) und Rainer Kaufmann (F\u00f6rderverein Bergfried\/Demokratiegeschichte Bruchsal) als Redner und die Badische Landesb\u00fchne mit einer eindrucksvollen historischen Lesung. Diese Veranstaltung dokumentiert den eigentlichen Paradigmenwechsel im \u00f6ffentlichen Umgang mit diesem Gel\u00e4nde, denn bis zu diesem Zeitpunkt galt in Verwaltung, Gemeinderat und der Lokalpresse noch die Maxime: optimale Verwertung dieses innerst\u00e4dtischen Filet-Grundst\u00fccks durch einen Investor samt dem in der mittelfristigen Finanzplanung angeblich bereits &#8222;eingepreisten&#8220; Millionen-Ertrag f\u00fcr die Stadtkasse. Wie uns aus internen Quellen der Stadtverwaltung damals schon kurz nach dieser Veranstaltung mitgeteilt wurde, hat sich das Bewusstsein im Bruchsaler Rathaus mit den Reden, aber auch mit einem zeitgleich erschienenen Artikel in der &#8222;J\u00fcdischen Allgemeinen Wochenzeitung&#8220;, grunds\u00e4tzlich ge\u00e4ndert. Die Aussage war: &#8222;Wir wissen jetzt in der Verwaltung, dass wir mit diesem Gel\u00e4nde anders umgehen m\u00fcssen!&#8220; Die Folge war dann der \u00f6ffentliche Ideen-Wettbewerb und die Losung vom &#8222;Denkort Fundamente&#8220;. Es wird Zeit, dass diese Idee jetzt endlich konkretisiert wird, wobei uns wichtig erscheint, dass das End-Konzept eine breite Zustimmung in der \u00d6ffentlichkeit der Stadt findet. Deshalb sollten viele engagierte Strukturen jetzt schon in die weitere Diskussion eingebunden werden, die \u00fcberdies dringend aus den Hinterzimmern kommunaler Verwaltungs- und Politik-Zirkel herausgef\u00fchrt werden sollte. Die \u00d6ffentlichkeit hat in einem solch wichtigen Thema ein Interesse, aber auch ein Anrecht, auf rechtzeitige Information und Teilhabe, bevor alle Entscheidungen im Hintergrund getroffen sind. Und: Die politischen Akteure sollten sich rechtzeitig mit ihren Positionen einer \u00f6ffentlichen Diskussion stellen. Das w\u00e4re einem demokratischen Verfahren w\u00fcrdig.<\/p>\n\n\n\n<p class=\"has-text-align-right\">Ein Meinungsbeitrag von<br><strong>Rainer Kaufmann<\/strong><\/p>\n\n\n\n<p>F\u00fcr alle, die sich f\u00fcr die Gedenkfeier vom 9.11.2017 interessieren, hier der Link zum Video:  <\/p>\n\n\n\n<figure class=\"wp-block-embed is-type-video is-provider-youtube wp-block-embed-youtube wp-embed-aspect-16-9 wp-has-aspect-ratio\"><div class=\"wp-block-embed__wrapper\">\n<div class=\"ast-oembed-container\"><iframe title=\"Dokumentation - Gedenkveranstaltung zur Reichsprogromnacht\" width=\"500\" height=\"281\" src=\"https:\/\/www.youtube.com\/embed\/8HNjQdmvyn8?feature=oembed\" frameborder=\"0\" allow=\"accelerometer; autoplay; clipboard-write; encrypted-media; gyroscope; picture-in-picture; web-share\" referrerpolicy=\"strict-origin-when-cross-origin\" allowfullscreen><\/iframe><\/div>\n<\/div><\/figure>\n","protected":false},"excerpt":{"rendered":"<p>Der 9. November ist ohne Frage ein besonders wichtiger Jahrestag in Deutschland. Am 9. November 1938 wurden auf Gehei\u00df des Nazi-Regimes die j\u00fcdischen Synagogen im Reich abgefackelt, so auch die in der Bruchsaler Friedrichstra\u00dfe. Und die Feuerwehren hatten die klare Anweisung, nicht einzugreifen, sondern nur die umliegenden H\u00e4user vor einem \u00dcbergriff der Flammen zu sch\u00fctzen. &hellip;<\/p>\n<p class=\"read-more\"> <a class=\"\" href=\"https:\/\/demokratiegeschichte-bruchsal.de\/?page_id=789\"> <span class=\"screen-reader-text\">Der 9. November &#8211; ein besonderer Jahrestag<\/span> Weiterlesen &raquo;<\/a><\/p>\n","protected":false},"author":2,"featured_media":0,"parent":0,"menu_order":0,"comment_status":"closed","ping_status":"closed","template":"","meta":[],"_links":{"self":[{"href":"https:\/\/demokratiegeschichte-bruchsal.de\/index.php?rest_route=\/wp\/v2\/pages\/789"}],"collection":[{"href":"https:\/\/demokratiegeschichte-bruchsal.de\/index.php?rest_route=\/wp\/v2\/pages"}],"about":[{"href":"https:\/\/demokratiegeschichte-bruchsal.de\/index.php?rest_route=\/wp\/v2\/types\/page"}],"author":[{"embeddable":true,"href":"https:\/\/demokratiegeschichte-bruchsal.de\/index.php?rest_route=\/wp\/v2\/users\/2"}],"replies":[{"embeddable":true,"href":"https:\/\/demokratiegeschichte-bruchsal.de\/index.php?rest_route=%2Fwp%2Fv2%2Fcomments&post=789"}],"version-history":[{"count":3,"href":"https:\/\/demokratiegeschichte-bruchsal.de\/index.php?rest_route=\/wp\/v2\/pages\/789\/revisions"}],"predecessor-version":[{"id":792,"href":"https:\/\/demokratiegeschichte-bruchsal.de\/index.php?rest_route=\/wp\/v2\/pages\/789\/revisions\/792"}],"wp:attachment":[{"href":"https:\/\/demokratiegeschichte-bruchsal.de\/index.php?rest_route=%2Fwp%2Fv2%2Fmedia&parent=789"}],"curies":[{"name":"wp","href":"https:\/\/api.w.org\/{rel}","templated":true}]}}