{"id":822,"date":"2025-05-25T12:55:35","date_gmt":"2025-05-25T10:55:35","guid":{"rendered":"http:\/\/bruchsal-bergfried.de\/?page_id=822"},"modified":"2025-05-25T13:00:11","modified_gmt":"2025-05-25T11:00:11","slug":"brief-an-ob","status":"publish","type":"page","link":"https:\/\/demokratiegeschichte-bruchsal.de\/?page_id=822","title":{"rendered":"Brief an OB"},"content":{"rendered":"\n<p>Neben unz\u00e4hligen Gespr\u00e4chen in verschiedenen politischen Formaten, vieler Ver\u00f6ffentlichungen auf dieser Webseite und in den lokalen Medien hat der Vorstand des F\u00f6rdervereins &#8222;Demokratiegeschichte Bruchsal&#8220; e.V. am 22. M\u00e4rz 2025 folgenden Brief an die Oberb\u00fcrgermeisterin geschrieben. Wir m\u00fcssen ihn jetzt der \u00d6ffentlichkeit zug\u00e4nglich machen angesichts der Tatsache, dass am heutigen 25. Mai 2025, dem 500. Jahrestag der Enthauptung Anton Eisenhuts am Bruchsaler Bergfried, keiner unserer Vorschl\u00e4ge, diesem Ereignis w\u00fcrdig und vor allem Zukunfts-gerecht zu gedenken, aufgenommen wurde. Im Gegenteil, wir haben vom B\u00fcro der Oberb\u00fcrgermeisterin noch nicht einmal eine kurze, formale Best\u00e4tigung vom Erhalt dieses Briefes bekommen oder der Zusage einer zeitnahen Pr\u00fcfung und Antwort. Wer seit mehr als 50 Jahren immer wieder in verschiedenen Themen in Kontakt mit der Bruchsaler Stadtverwaltung war und dieses Verwaltungsverhalten von fr\u00fcher kennt, muss sich wundern, dass dies heute im Zeitalter von elektronischer Korrespondenz nicht mehr m\u00f6glich sein soll, schon gar, wenn man sich die personelle Ausstattung des B\u00fcros des Stadtoberhauptes ansieht. Dies und die Tatsache, dass wir mit unseren seit Jahren vorgetragenen Hinweisen auf den heutigen historischen Termin erkennen m\u00fcssen, dass man unser b\u00fcrgerschaftliches Engagement in Verwaltung und Politik unserer Stadt eher ignoriert als wertsch\u00e4tzt, f\u00fchrt uns dazu, diesen Brief jetzt der \u00d6ffentlichkeit zug\u00e4nglich zu machen. Dabei verweisen wir gerne auf alle Artikel und Informationen, die wir in den letzten Jahren auf dieser Webseite publiziert haben.<\/p>\n\n\n\n<p><\/p>\n\n\n\n<p><strong>Von:<\/strong> Vorstand Demokratiegeschichte Bruchsal &lt;<a href=\"mailto:vorstand@demokratiegeschichte-bruchsal.de\">vorstand@demokratiegeschichte-bruchsal.de<\/a>&gt;<br><strong>Gesendet:<\/strong> Samstag, 22. M\u00e4rz 2025 13:10<br><strong>An:<\/strong> &#8218;Vorzimmer.Oberbuergermeisterin&#8216; &lt;<a href=\"mailto:Vorzimmer.Oberbuergermeisterin@bruchsal.de\">Vorzimmer.Oberbuergermeisterin@bruchsal.de<\/a>&gt;<br><strong>Betreff:<\/strong> Vorschl\u00e4ge F\u00f6rderverein Demokratiegeschichte Bruchsal<\/p>\n\n\n\n<p>Sehr geehrte Frau Oberb\u00fcrgermeisterin,<br>liebe Frau Petzold-Schick,<\/p>\n\n\n\n<p>Ihre pers\u00f6nliche Erkl\u00e4rung zur n\u00e4chsten OB-Wahl haben wir mit gro\u00dfem Respekt zur Kenntnis genommen, auch Ihre per Video vorgetragene Bitte auf weitere gute Zusammenarbeit in den letzten Monaten Ihrer Amtszeit in Bruchsal. Diese Aufforderung wollen wir mit diesem Schreiben gerne nachkommen und Sie an zwei Themen erinnern, die wir mehrfach mit Ihnen kommuniziert hatten. Es w\u00e4re gut f\u00fcr Bruchsal, wenn Sie in beiden F\u00e4llen noch eine Entscheidung herbeif\u00fchren k\u00f6nnten.<\/p>\n\n\n\n<p><strong>Eisenhut-Gedenktafel am Bergfried<br><\/strong>Am 25. Mai ist der 500. Jahrestag der <strong>Hinrichtung des Kraichgauer Bauernf\u00fchrers Anton Eisenhut<\/strong> am Bruchsaler Bergfried, ein geschichtliches Ereignis, an das eigentlich in angemessener Form zu erinnern w\u00e4re. Die Stadt Bruchsal erinnert an dieser Stelle aber nur mit einer Gedenktafel an die Zerst\u00f6rung der Stadt am 1. M\u00e4rz 1945, was mit Sicherheit seine Berechtigung hat, und in einer Info-Tafel vornehmlich an den Bau des B\u00fcrgerzentrums in den 1980-er Jahren, was historisch vielleicht nicht so bedeutend ist wie von den Autoren angenommen. An den gewaltsamen Tod eines Protagonisten der fr\u00fchen Freiheitsbewegung und dessen Geschichte wird nicht erinnert. Unser Vorschlag: Nutzen Sie bitte den Gedenktag 25. Mai, um am Bergfried mit einer entsprechenden Informationstafel an diese historischen Ereignisse in Bruchsal zu erinnern: den Bauernaufstand und die Hinrichtung Eisenhuts.<\/p>\n\n\n\n<p><strong>Benennung der S\u00e4le im B\u00fcrgerzentrum<br><\/strong>Dieses Thema haben wir in den letzten Jahren mehrfach angesprochen und mit ihnen behandelt. Dabei haben Sie bei uns den Eindruck hinterlassen, dass Sie diese Initiative mittragen und unterst\u00fctzen. Es w\u00e4re sch\u00f6n, wenn wir gemeinsam dieses Ziel noch erreichen k\u00f6nnten und die Benennung der S\u00e4le des B\u00fcrgerzentrums nach mittelalterlichen Feudalherren, deren Wirken durchaus umstritten ist, korrigieren. Nach unseren Gespr\u00e4chen in der Stadtgesellschaft ist dies auf alle F\u00e4lle mehrheitsf\u00e4hig. Wir schlagen deshalb vor, die beiden S\u00e4le nach <strong>Anton Eisenhut<\/strong> und <strong>Amalie Struve<\/strong> zu benennen, die hier an diesem Platz gehandelt haben oder an denen hier gehandelt wurde. Um dann auch Lorenz Brentano, dessen Wohnhaus in der Huttenstra\u00dfe steht, angemessen zu w\u00fcrdigen, schlagen wir Ihnen vor, den ganzen B\u00fcrgerpark in <strong>Lorenz-Brentano-B\u00fcrgerpark<\/strong> zu benennen. Die gesamte Gr\u00fcnfl\u00e4che k\u00f6nnte so als kleine historische Erinnerungsst\u00e4tte gestaltet werden mit Wegen und Pl\u00e4tzen, die nach Personen und Ereignissen der Demokratiegeschichte benannt werden.<\/p>\n\n\n\n<p>Gerne stehen wir Ihnen zu weiteren Gespr\u00e4chen zur Verf\u00fcgung und erlauben uns, diese E-mail in der n\u00e4chsten Woche der Kommission f\u00fcr Stadtgeschichte, dem Gemeinderat und den Lokalmedien in Kopie zur Verf\u00fcgung zu stellen.<\/p>\n\n\n\n<p>Vielen Dank f\u00fcr Ihr Interesse und Ihre Zusammenarbeit in dieser Sache. Wir werden uns erlauben, Ihnen in K\u00fcrze weitere Themen vorzuschlagen, die vielleicht noch bis zum Ende Ihrer Amtszeit angemessen erledigt werden k\u00f6nnen.&nbsp;<\/p>\n\n\n\n<p>F\u00fcr den F\u00f6rderverein \u201eDemokratiegeschichte Bruchsal\u201c<\/p>\n\n\n\n<p>gez.<br>Rainer Kaufmann&nbsp;&nbsp;&nbsp;&nbsp;&nbsp; J\u00fcrgen Dick<\/p>\n","protected":false},"excerpt":{"rendered":"<p>Neben unz\u00e4hligen Gespr\u00e4chen in verschiedenen politischen Formaten, vieler Ver\u00f6ffentlichungen auf dieser Webseite und in den lokalen Medien hat der Vorstand des F\u00f6rdervereins &#8222;Demokratiegeschichte Bruchsal&#8220; e.V. am 22. M\u00e4rz 2025 folgenden Brief an die Oberb\u00fcrgermeisterin geschrieben. Wir m\u00fcssen ihn jetzt der \u00d6ffentlichkeit zug\u00e4nglich machen angesichts der Tatsache, dass am heutigen 25. Mai 2025, dem 500. Jahrestag &hellip;<\/p>\n<p class=\"read-more\"> <a class=\"\" href=\"https:\/\/demokratiegeschichte-bruchsal.de\/?page_id=822\"> <span class=\"screen-reader-text\">Brief an OB<\/span> Weiterlesen &raquo;<\/a><\/p>\n","protected":false},"author":2,"featured_media":0,"parent":0,"menu_order":0,"comment_status":"closed","ping_status":"closed","template":"","meta":[],"_links":{"self":[{"href":"https:\/\/demokratiegeschichte-bruchsal.de\/index.php?rest_route=\/wp\/v2\/pages\/822"}],"collection":[{"href":"https:\/\/demokratiegeschichte-bruchsal.de\/index.php?rest_route=\/wp\/v2\/pages"}],"about":[{"href":"https:\/\/demokratiegeschichte-bruchsal.de\/index.php?rest_route=\/wp\/v2\/types\/page"}],"author":[{"embeddable":true,"href":"https:\/\/demokratiegeschichte-bruchsal.de\/index.php?rest_route=\/wp\/v2\/users\/2"}],"replies":[{"embeddable":true,"href":"https:\/\/demokratiegeschichte-bruchsal.de\/index.php?rest_route=%2Fwp%2Fv2%2Fcomments&post=822"}],"version-history":[{"count":2,"href":"https:\/\/demokratiegeschichte-bruchsal.de\/index.php?rest_route=\/wp\/v2\/pages\/822\/revisions"}],"predecessor-version":[{"id":825,"href":"https:\/\/demokratiegeschichte-bruchsal.de\/index.php?rest_route=\/wp\/v2\/pages\/822\/revisions\/825"}],"wp:attachment":[{"href":"https:\/\/demokratiegeschichte-bruchsal.de\/index.php?rest_route=%2Fwp%2Fv2%2Fmedia&parent=822"}],"curies":[{"name":"wp","href":"https:\/\/api.w.org\/{rel}","templated":true}]}}