{"id":831,"date":"2025-06-25T14:46:17","date_gmt":"2025-06-25T12:46:17","guid":{"rendered":"http:\/\/demokratiegeschichte-bruchsal.de\/?page_id=831"},"modified":"2025-06-25T14:46:17","modified_gmt":"2025-06-25T12:46:17","slug":"buergerinitiativeder-baeren-gehoert-bruchsal","status":"publish","type":"page","link":"https:\/\/demokratiegeschichte-bruchsal.de\/?page_id=831","title":{"rendered":"B\u00fcrgerinitiative<br><strong>\u201eDer B\u00e4ren geh\u00f6rt Bruchsal\u201c<\/strong>"},"content":{"rendered":"\n<p>Der F\u00f6rderverein <strong>\u201eDemokratiegeschichte Bruchsal\u201c<\/strong> e.V. ruft die Bev\u00f6lkerung der Stadt dazu auf, eine B\u00fcrgerinitiative <strong>\u201eDer B\u00e4ren geh\u00f6rt Bruchsal\u201c<\/strong> zu gr\u00fcnden. Ziel dieser Initiative ist es, in einer breiten, Parteien-\u00fcbergreifenden Bewegung m\u00f6glichst viel Druck auf das Land Baden-W\u00fcrttemberg auszu\u00fcben, damit das Traditionsgasthaus <strong>\u201eZum B\u00e4ren\u201c<\/strong> \u2013 vormals <strong>\u201eHetterich`sches Bierhaus\u201c<\/strong> &#8211; in Zukunft wieder seine wertvolle Funktion als f\u00fcr die Stadt Bruchsal historisch bedeutendes Gasthaus erf\u00fcllen kann, aber auch als einer der Ankerpunkte auf dem geplanten Tourismus-Projekt <strong>\u201eDemokratiegeschichte Bruchsal\u201c<\/strong>. Der F\u00f6rderverein wird in wenigen Tagen bereits mit einem Gr\u00fcndungskomitee an die \u00d6ffentlichkeit treten, zu dem sich bereits einige in Politik und Gesellschaft bekannte Pers\u00f6nlichkeiten aus allen Bereichen der Stadtgesellschaft bereit erkl\u00e4rt haben. Wer Interesse hat, an dieser B\u00fcrgerinitiative mitzuwirken, kann sich gerne melden unter: <a href=\"mailto:vorstand@demokratiegeschichte-bruchsal.de\" target=\"_blank\" rel=\"noreferrer noopener\">vorstand@demokratiegeschichte-bruchsal.de<\/a> oder telefonisch unter 07257\/930390.&nbsp;<\/p>\n\n\n\n<p><strong><u>Gasthaus \u201eZum B\u00e4ren\u201c oder \u201eHetterich`sches Bierhaus\u201c<\/u><\/strong><\/p>\n\n\n\n<p>Das Traditionsgasthaus <strong><em>\u201eZum B\u00e4ren\u201c<\/em><\/strong> steht stadtausw\u00e4rts am Damianstor in direkter Nachbarschaft zum Zuchthaus. Urspr\u00fcnglich war es das <strong>\u201eHetterich`sche Bierhaus\u201c<\/strong>. Den <strong><em>\u201eB\u00e4ren\u201c<\/em><\/strong> gab es allerdings schon seit 1768 und zwar in der Stadtmitte, in der Kaiserstra\u00dfe, die damals noch Hauptmarktstra\u00dfe hie\u00df. Letzter Wirt war dort der Konditormeister Josef Dillmann, der es 1849 an einen Kaufmann Anton Bopp ver\u00e4u\u00dferte, der am 5.12.1855 erst die Schildgerechtigkeit <strong><em>\u201eZum B\u00e4ren\u201c<\/em><\/strong> an Georg Heinrich Hetterich ver\u00e4u\u00dferte. Der historisch interessante Hintergrund dieser Transaktion ist allerdings kaum bekannt. Das Hetterich`sche Bierhaus war einer der Treffpunkte des Bruchsaler Volksvereins und Heinrich Hetterich war einer der Hauptinitiatoren des Aufruhrs in Bruchsal, der am 13. Mai 1849 zur Befreiung der politischen Gefangenen aus dem Bruchsaler Zuchthaus f\u00fchrte. Nach der Niederlage der Revolution wurde er wegen Hochverrats angeklagt, zu einer 10-j\u00e4hrigen Freiheitsstrafe verurteilt und in das benachbarte Zuchthaus eingeliefert. Aus \u2013 nicht ganz unbegr\u00fcndeter &#8211; Angst vor weiteren Unruhen in Bruchsal lie\u00df ihn der Zuchthausverwalter aber ganz schnell nach Freiburg verlegen. 1853 wurde er begnadigt. Es ist wohl davon auszugehen, dass Hetterich zwei Jahre nach seiner Begnadigung den neuen Namen vor allem deshalb annahm, damit er in Zeiten der preu\u00dfischen Reaktion die wahre Geschichte seines Bierhauses wenigstens etwas verheimlichen konnte.<\/p>\n\n\n\n<p>Ein anderer Treffpunkt der Bruchsaler Volksvereine war das Gasthaus <strong><em>\u201eZum Schwanen\u201c<\/em><\/strong>, das an der Ecke W\u00fcrttemberger Stra\u00dfe zur Friedhofstra\u00dfe gelegen war. Dessen Wirt Johann Georg Jung f\u00fchrte die Bruchsaler Demokratischen Volksvereine. Die Stammtische radikaldemokratischer Wirte, an denen sich Lehrer, \u00c4rzte, Rechtsanw\u00e4lte, Apotheker und Handwerksmeister trafen, entwickelten sich zu Keimzellen der Bewegung. Zur Vorgeschichte dieser demokratischen Bewegung eine Zusammenfassung vom Bruchsaler Historiker Dr. J\u00fcrgen Dick:<\/p>\n\n\n\n<p><em>\u201eBereits in den Jahren vor der Revolution war es zu einer zunehmenden Politisierung der Bev\u00f6lkerung im Gro\u00dfherzogtum Baden gekommen. Im Dezember 1848 wurden die von der Frankfurter Nationalversammlung erlassenen Grundrechte ver\u00f6ffentlicht. Darin wurde auch das freie Vereins- und Versammlungsrecht garantiert, was einen enormen Aufschwung des demokratischen Vereinswesens zur Folge hatte. Anfang 1849 wurde mit dem Landesausschuss der Volksvereine in Mannheim ein Leitungsgremium etabliert. An der Spitze stand Lorenz Brentano, ein liberaler Jurist, der damals in Bruchsal wohnte. Es gelang ihm und vor allem seinem Stellvertreter Amand Goegg, eine straffe Organisation aufzubauen. Sie hatte mit ihrer Mitgliederzahl und ihrer Struktur bereits die Merkmale einer Volkspartei. Die Volksvereine verbreiteten demokratisches Gedankengut in der Bev\u00f6lkerung und haben mit ihrer politischen Basisarbeit wesentlich zum kurzfristigen Erfolg der Badischen Revolution im Mai 1849 beigetragen.\u201c<\/em><\/p>\n\n\n\n<p>Ein solch historisch wichtiges Geb\u00e4ude in der Nachbarschaft des Barockschlosses muss als Gasthaus erhalten werden, das sich in seiner Ausgestaltung vor allem den demokratischen Entwicklungen, die auch hier in dem Geb\u00e4ude stattgefunden haben, widmet. Ein <strong><em>\u201eHetterich`scher Bierkeller\u201c<\/em><\/strong> samt <strong><em>\u201eHetterich`schem Biergarten\u201c<\/em><\/strong> w\u00e4ren ganz sicher touristische Anziehungspunkte, die die Stadt problemlos in dem bundesweit agierenden Tourismus-Konzept <strong><em>\u201eRoute der Demokratiegeschichte&#8220;<\/em><\/strong>, das derzeit aufgebaut wird, als einen Ankerpunkt anbieten k\u00f6nnte. Und f\u00fcr das Schloss als bisherige Tourismus-Marken-Artikel der Stadt w\u00e4re solch eine wichtige historische Erg\u00e4nzung sicher mehr als nur eine Nebensache.<\/p>\n\n\n\n<p>Der F\u00f6rderverein <strong><em>\u201eDemokratiegeschichte Bruchsal\u201c<\/em><\/strong> ist jederzeit bereit, an der inhaltlichen Vorbereitung wie auch sp\u00e4ter an der Umsetzung dieses Projektes in Veranstaltungen und Ausstellungen auch an verantwortlicher Stelle mitzuarbeiten.<\/p>\n","protected":false},"excerpt":{"rendered":"<p>Der F\u00f6rderverein \u201eDemokratiegeschichte Bruchsal\u201c e.V. ruft die Bev\u00f6lkerung der Stadt dazu auf, eine B\u00fcrgerinitiative \u201eDer B\u00e4ren geh\u00f6rt Bruchsal\u201c zu gr\u00fcnden. Ziel dieser Initiative ist es, in einer breiten, Parteien-\u00fcbergreifenden Bewegung m\u00f6glichst viel Druck auf das Land Baden-W\u00fcrttemberg auszu\u00fcben, damit das Traditionsgasthaus \u201eZum B\u00e4ren\u201c \u2013 vormals \u201eHetterich`sches Bierhaus\u201c &#8211; in Zukunft wieder seine wertvolle Funktion als &hellip;<\/p>\n<p class=\"read-more\"> <a class=\"\" href=\"https:\/\/demokratiegeschichte-bruchsal.de\/?page_id=831\"> <span class=\"screen-reader-text\">B\u00fcrgerinitiative<br \/><strong>\u201eDer B\u00e4ren geh\u00f6rt Bruchsal\u201c<\/strong><\/span> Weiterlesen &raquo;<\/a><\/p>\n","protected":false},"author":1,"featured_media":0,"parent":0,"menu_order":0,"comment_status":"closed","ping_status":"closed","template":"","meta":[],"_links":{"self":[{"href":"https:\/\/demokratiegeschichte-bruchsal.de\/index.php?rest_route=\/wp\/v2\/pages\/831"}],"collection":[{"href":"https:\/\/demokratiegeschichte-bruchsal.de\/index.php?rest_route=\/wp\/v2\/pages"}],"about":[{"href":"https:\/\/demokratiegeschichte-bruchsal.de\/index.php?rest_route=\/wp\/v2\/types\/page"}],"author":[{"embeddable":true,"href":"https:\/\/demokratiegeschichte-bruchsal.de\/index.php?rest_route=\/wp\/v2\/users\/1"}],"replies":[{"embeddable":true,"href":"https:\/\/demokratiegeschichte-bruchsal.de\/index.php?rest_route=%2Fwp%2Fv2%2Fcomments&post=831"}],"version-history":[{"count":1,"href":"https:\/\/demokratiegeschichte-bruchsal.de\/index.php?rest_route=\/wp\/v2\/pages\/831\/revisions"}],"predecessor-version":[{"id":832,"href":"https:\/\/demokratiegeschichte-bruchsal.de\/index.php?rest_route=\/wp\/v2\/pages\/831\/revisions\/832"}],"wp:attachment":[{"href":"https:\/\/demokratiegeschichte-bruchsal.de\/index.php?rest_route=%2Fwp%2Fv2%2Fmedia&parent=831"}],"curies":[{"name":"wp","href":"https:\/\/api.w.org\/{rel}","templated":true}]}}