{"id":844,"date":"2025-12-01T14:57:57","date_gmt":"2025-12-01T13:57:57","guid":{"rendered":"http:\/\/demokratiegeschichte-bruchsal.de\/?page_id=844"},"modified":"2025-12-01T15:51:44","modified_gmt":"2025-12-01T14:51:44","slug":"rainer-blickle-preis-2025-fuer-den-foerderverein-demokratiegeschichte-bruchsal-e-v","status":"publish","type":"page","link":"https:\/\/demokratiegeschichte-bruchsal.de\/?page_id=844","title":{"rendered":"&#8222;Rainer-Blickle-Preis 2025&#8220; f\u00fcr den F\u00f6rderverein &#8222;Demokratiegeschichte Bruchsal&#8220; e.V."},"content":{"rendered":"\n<p>Eine ganz besondere Ehrung erhielt unser F\u00f6rderverein &#8222;Demokratiegeschichte Bruchsal&#8220; e.V. am 28. November 2025 in einem kleinen Festakt im Sitzungssaal des Bruchsaler Rathauses von der Bruchsaler Bildungsstiftung als Anerkennung f\u00fcr unsere jahrelange Erinnerungsarbeit in Sachen Demokratisierung Deutschlands am Beispiel der Stadt Bruchsal und dies in Anwesenheit von Vertretern aus Politik und Verwaltung, an ihrer Spitze Oberb\u00fcrgermeister Sven Weigt und die fr\u00fcheren Stadtoberh\u00e4upter Cornelia Petzold-Schick und Bernd Doll. Diese Auszeichnung, \u00fcberreicht vom Vorsitzenden der Stiftung Hans-J\u00f6rg Betz, ist uns vor allem eine Motivation f\u00fcr besondere Veranstaltungen im n\u00e4chsten Jahr, wenn am 18. M\u00e4rz 2026 der bundesweite &#8222;Gedenktag Demokratiegeschichte&#8220; unter der Schirmherrschaft des Bundespr\u00e4sidenten stattfindet. Geplant ist dann eine besondere Dokumentation von Bruchsaler Protagonisten dieses Teils der deutschen Geschichte und eine Ausstellung von Informations-Plakaten dazu, das alles in Zusammenarbeit mit der Sparkasse Kraichgau und in deren R\u00e4umen. Dazu spezielle Stadtf\u00fchrungen zu diesem Thema an den Folgetagen und online \u00fcber diese Webseite.<br>Nachfolgend eine Kopie aus der Bruchsaler Rundschau vom 1. Dezember 2025 und eine Reihe von Fotos von der Preisverleihung.<\/p>\n\n\n\n<figure class=\"wp-block-image size-large is-resized\"><img loading=\"lazy\" src=\"https:\/\/demokratiegeschichte-bruchsal.de\/wp-content\/uploads\/2025\/12\/BruRu_1_12..jpg\" alt=\"\" class=\"wp-image-846\" width=\"1089\" height=\"457\" srcset=\"https:\/\/demokratiegeschichte-bruchsal.de\/wp-content\/uploads\/2025\/12\/BruRu_1_12..jpg 715w, https:\/\/demokratiegeschichte-bruchsal.de\/wp-content\/uploads\/2025\/12\/BruRu_1_12.-300x126.jpg 300w, https:\/\/demokratiegeschichte-bruchsal.de\/wp-content\/uploads\/2025\/12\/BruRu_1_12.-150x63.jpg 150w\" sizes=\"(max-width: 1089px) 100vw, 1089px\" \/><\/figure>\n\n\n\n<div class=\"wp-block-group alignwide\"><div class=\"wp-block-group__inner-container\">\n<div class=\"wp-block-media-text alignwide is-stacked-on-mobile\" style=\"grid-template-columns:49% auto\"><figure class=\"wp-block-media-text__media\"><img loading=\"lazy\" width=\"768\" height=\"1024\" src=\"https:\/\/demokratiegeschichte-bruchsal.de\/wp-content\/uploads\/2025\/12\/20251128_153139-768x1024.jpg\" alt=\"\" class=\"wp-image-848 size-full\" srcset=\"https:\/\/demokratiegeschichte-bruchsal.de\/wp-content\/uploads\/2025\/12\/20251128_153139-768x1024.jpg 768w, https:\/\/demokratiegeschichte-bruchsal.de\/wp-content\/uploads\/2025\/12\/20251128_153139-225x300.jpg 225w, https:\/\/demokratiegeschichte-bruchsal.de\/wp-content\/uploads\/2025\/12\/20251128_153139-113x150.jpg 113w, https:\/\/demokratiegeschichte-bruchsal.de\/wp-content\/uploads\/2025\/12\/20251128_153139-1152x1536.jpg 1152w, https:\/\/demokratiegeschichte-bruchsal.de\/wp-content\/uploads\/2025\/12\/20251128_153139-1536x2048.jpg 1536w, https:\/\/demokratiegeschichte-bruchsal.de\/wp-content\/uploads\/2025\/12\/20251128_153139-scaled.jpg 1920w\" sizes=\"(max-width: 768px) 100vw, 768px\" \/><\/figure><div class=\"wp-block-media-text__content\">\n<p class=\"has-text-align-center has-small-font-size\"><strong>Die beiden Vorsitzenden des F\u00f6rdervereins, Rainer Kaufmann und Dr. J\u00fcrgen Dick, mit Daniela Schmitt von SEW-Eurodrive und dem Vorsitzenden der Bruchsaler Bildungsstiftung, Hans-J\u00f6rg Betz.<\/strong><\/p>\n<\/div><\/div>\n<\/div><\/div>\n\n\n\n<p><\/p>\n\n\n\n<div class=\"wp-block-media-text alignwide is-stacked-on-mobile\"><figure class=\"wp-block-media-text__media\"><img loading=\"lazy\" width=\"768\" height=\"1024\" src=\"https:\/\/demokratiegeschichte-bruchsal.de\/wp-content\/uploads\/2025\/12\/20251128_155747-768x1024.jpg\" alt=\"\" class=\"wp-image-851 size-full\" srcset=\"https:\/\/demokratiegeschichte-bruchsal.de\/wp-content\/uploads\/2025\/12\/20251128_155747-768x1024.jpg 768w, https:\/\/demokratiegeschichte-bruchsal.de\/wp-content\/uploads\/2025\/12\/20251128_155747-225x300.jpg 225w, https:\/\/demokratiegeschichte-bruchsal.de\/wp-content\/uploads\/2025\/12\/20251128_155747-113x150.jpg 113w, https:\/\/demokratiegeschichte-bruchsal.de\/wp-content\/uploads\/2025\/12\/20251128_155747-1152x1536.jpg 1152w, https:\/\/demokratiegeschichte-bruchsal.de\/wp-content\/uploads\/2025\/12\/20251128_155747-1536x2048.jpg 1536w, https:\/\/demokratiegeschichte-bruchsal.de\/wp-content\/uploads\/2025\/12\/20251128_155747-scaled.jpg 1920w\" sizes=\"(max-width: 768px) 100vw, 768px\" \/><\/figure><div class=\"wp-block-media-text__content\">\n<p class=\"has-text-align-center has-small-font-size\"><strong>Gruppenfoto nach der Preisverleihung u.a. mit OB Sven Weigt und den fr\u00fcheren Stadt-Oberh\u00e4uptern Cornelia Petzold-Schick und Bernd Doll (alle drei rechts am Bildrand).<\/strong><\/p>\n<\/div><\/div>\n\n\n\n<p><\/p>\n\n\n\n<div class=\"wp-block-media-text alignwide is-stacked-on-mobile\"><figure class=\"wp-block-media-text__media\"><img loading=\"lazy\" width=\"714\" height=\"408\" src=\"https:\/\/demokratiegeschichte-bruchsal.de\/wp-content\/uploads\/2025\/12\/Rainer-Blickle.jpg\" alt=\"\" class=\"wp-image-850 size-full\" srcset=\"https:\/\/demokratiegeschichte-bruchsal.de\/wp-content\/uploads\/2025\/12\/Rainer-Blickle.jpg 714w, https:\/\/demokratiegeschichte-bruchsal.de\/wp-content\/uploads\/2025\/12\/Rainer-Blickle-300x171.jpg 300w, https:\/\/demokratiegeschichte-bruchsal.de\/wp-content\/uploads\/2025\/12\/Rainer-Blickle-150x86.jpg 150w\" sizes=\"(max-width: 714px) 100vw, 714px\" \/><\/figure><div class=\"wp-block-media-text__content\">\n<p class=\"has-text-align-center has-small-font-size\"><strong>Rainer Blicke, der Gr\u00fcnder der Bruchsaler Bildungsstiftung und Stifter des nach ihm benannten Preises.<\/strong><\/p>\n<\/div><\/div>\n\n\n\n<p><\/p>\n\n\n\n<p><\/p>\n","protected":false},"excerpt":{"rendered":"<p>Eine ganz besondere Ehrung erhielt unser F\u00f6rderverein &#8222;Demokratiegeschichte Bruchsal&#8220; e.V. am 28. November 2025 in einem kleinen Festakt im Sitzungssaal des Bruchsaler Rathauses von der Bruchsaler Bildungsstiftung als Anerkennung f\u00fcr unsere jahrelange Erinnerungsarbeit in Sachen Demokratisierung Deutschlands am Beispiel der Stadt Bruchsal und dies in Anwesenheit von Vertretern aus Politik und Verwaltung, an ihrer Spitze &hellip;<\/p>\n<p class=\"read-more\"> <a class=\"\" href=\"https:\/\/demokratiegeschichte-bruchsal.de\/?page_id=844\"> <span class=\"screen-reader-text\">&#8222;Rainer-Blickle-Preis 2025&#8220; f\u00fcr den F\u00f6rderverein &#8222;Demokratiegeschichte Bruchsal&#8220; e.V.<\/span> Weiterlesen &raquo;<\/a><\/p>\n","protected":false},"author":2,"featured_media":0,"parent":0,"menu_order":0,"comment_status":"closed","ping_status":"closed","template":"","meta":[],"_links":{"self":[{"href":"https:\/\/demokratiegeschichte-bruchsal.de\/index.php?rest_route=\/wp\/v2\/pages\/844"}],"collection":[{"href":"https:\/\/demokratiegeschichte-bruchsal.de\/index.php?rest_route=\/wp\/v2\/pages"}],"about":[{"href":"https:\/\/demokratiegeschichte-bruchsal.de\/index.php?rest_route=\/wp\/v2\/types\/page"}],"author":[{"embeddable":true,"href":"https:\/\/demokratiegeschichte-bruchsal.de\/index.php?rest_route=\/wp\/v2\/users\/2"}],"replies":[{"embeddable":true,"href":"https:\/\/demokratiegeschichte-bruchsal.de\/index.php?rest_route=%2Fwp%2Fv2%2Fcomments&post=844"}],"version-history":[{"count":6,"href":"https:\/\/demokratiegeschichte-bruchsal.de\/index.php?rest_route=\/wp\/v2\/pages\/844\/revisions"}],"predecessor-version":[{"id":859,"href":"https:\/\/demokratiegeschichte-bruchsal.de\/index.php?rest_route=\/wp\/v2\/pages\/844\/revisions\/859"}],"wp:attachment":[{"href":"https:\/\/demokratiegeschichte-bruchsal.de\/index.php?rest_route=%2Fwp%2Fv2%2Fmedia&parent=844"}],"curies":[{"name":"wp","href":"https:\/\/api.w.org\/{rel}","templated":true}]}}