{"id":896,"date":"2026-03-19T09:55:20","date_gmt":"2026-03-19T08:55:20","guid":{"rendered":"http:\/\/demokratiegeschichte-bruchsal.de\/?page_id=896"},"modified":"2026-03-19T11:11:38","modified_gmt":"2026-03-19T10:11:38","slug":"tag-der-demokratiegeschichte","status":"publish","type":"page","link":"https:\/\/demokratiegeschichte-bruchsal.de\/?page_id=896","title":{"rendered":"Tag der Demokratiegeschichte"},"content":{"rendered":"\n<p>Am<strong> ersten bundesweiten &#8222;Tag der Demokratiegeschichte&#8220;<\/strong>, ausgerufen von Bundespr\u00e4sident Frank-Walter Steinmeier, war es in Bruchsal selbstverst\u00e4ndlich Aufgabe des F\u00f6rdervereins &#8222;Demokratiegeschichte Bruchsal&#8220;, diesen Gedenktag mit einer entsprechenden Veranstaltung zu begehen. Dankenswerterweise stellte die Sparkasse Kraichgau die Schalterhalle ihrer Bruchsaler Filiale in der Friedrichstra\u00dfe f\u00fcr einen Vortrag und die Er\u00f6ffnung einer Ausstellung von Informations-Plakaten zu diesem Thema zur Verf\u00fcgung. Er\u00f6ffnet wurde die Veranstaltung, die gut besucht war, vom Vorsitzenden der Sparkasse Kraichgau, Norbert Grie\u00dfhaber. In einem hoch-interessanten Vortrag unter dem Titel <strong>&#8222;In unsrer sonst so ruhigen Stadt&#8230;&#8220; <\/strong>spannte der <strong>Bruchsaler Historiker Dr. Dr. J\u00fcrgen Dick <\/strong>einen gro\u00dfen historischen Bogen von den Anf\u00e4ngen der b\u00fcrgerlichen Demokratiebewegungen der Jahre 1848\/49 bis zur heutigen Zeit und vor allem zu den notwendigen Themen einer zukunfts-gerechten Erinnerungskultur. Dass gerade die Stadt Bruchsal auf diesem Sektor jede Menge an Protagonisten und Ereignissen aufzuweisen hat wie vielleicht kaum eine andere Stadt unserer Gr\u00f6\u00dfenordnung, wurde in dem reichhaltig bebilderten Vortrag auf eindrucksvolle Weise pr\u00e4sentiert. Eine historische Zusammenfassung, wie sie in dieser Form in der Stadt wohl noch nie angeboten wurde. Vor allem die Lebensl\u00e4ufe der Bruchsaler Protagonisten dieser Zeit Lorenz Brentano, Amalie Struve, Otto von Corvin-Wiersbitzki, Heinrich Hetterich, Franz Sigel und Peter Lacher vermittelten ein lebhaftes Bild der Ereignisse dieser Jahre. Eingespielte Lieder und historische Text-Lesungen sprachen in der eineinhalbst\u00fcndigen Geschichts-Lektion auch die Gef\u00fchle dieser Zeit an, die ohne jeden Zweifel auch einen gro\u00dfen Einfluss auf die heutige demokratische Verfassung Deutschlands f\u00fcr sich reklamieren kann. <br>Die Veranstaltung war gut besucht, wenngleich das offizielle Bruchsal &#8211; Politik, Stadtverwaltung und Kommission f\u00fcr Stadtgeschichte &#8211; eher durch Abwesenheit gl\u00e4nzten. Lediglich zwei Mitglieder des Gemeinderates waren gekommen. OB Sven Weigt musste sich wegen einer Ortschaftsratssitzung entschuldigen. Er war aber am Nachmittag bereits pers\u00f6nlich gekommen, um sich die Wanderausstellung anzuschauen und mit unseren Vorstandsmitgliedern Rainer Kaufmann und J\u00fcrgen Dick das Thema des Abends und k\u00fcnftige Aktivit\u00e4ten in Bruchsal zu besprechen. F\u00fcr dieses besondere Interesse des Stadtoberhauptes bedanken wir uns ausdr\u00fccklich.<\/p>\n\n\n\n<p>Zum Tag der Demokratiegeschichte bietet der <strong>F\u00f6rderverein &#8222;Demokratiegeschichte Bruchsal e.V.&#8220; am Wochenende 21. und 23. M\u00e4rz noch drei Stadtf\u00fchrungen<\/strong> zu diesem Thema an <a href=\"https:\/\/demokratiegeschichte-bruchsal.de\/?page_id=872\">(Mehr Infos dazu auf dieser Webseite)<\/a>. Au\u00dferdem wird die an diesem Abend er\u00f6ffnete <strong>Plakat-Ausstellung noch bis zum 22. April <\/strong>in der Schalterhalle der Sparkasse zu sehen sein. Die <a href=\"https:\/\/bruchsal-baeren.de\/?page_id=352\">Plakate<\/a> werden danach als Wanderausstellung vor allem f\u00fcr Schulen angeboten. Au\u00dferdem beteiligt sich der Verein gerne an schulischen Veranstaltungen mit Informationsvortr\u00e4gen oder Videos. Anfragen an: <a href=\"mailto:vorstand@demokratiegeschichte-bruchsal.de\">vorstand@demokratiegeschichte-bruchsal.de<\/a><br>Der Verein bedankt sich bei dieser Gelegenheit bei der &#8222;Bruchsaler Bildungsstiftung&#8220;, die diese Bildungsarbeit u.a. mit der Verleihung des Rainer-Blickle-Preises 2025 erst erm\u00f6glicht. Hier ein Foto von der Veranstaltung:<br><\/p>\n\n\n\n<figure class=\"wp-block-gallery columns-1 is-cropped\"><ul class=\"blocks-gallery-grid\"><li class=\"blocks-gallery-item\"><figure><img loading=\"lazy\" width=\"1024\" height=\"768\" src=\"https:\/\/demokratiegeschichte-bruchsal.de\/wp-content\/uploads\/2026\/03\/OWFI4641-1024x768.jpg\" alt=\"\" data-id=\"899\" data-full-url=\"https:\/\/demokratiegeschichte-bruchsal.de\/wp-content\/uploads\/2026\/03\/OWFI4641.jpg\" data-link=\"https:\/\/demokratiegeschichte-bruchsal.de\/?attachment_id=899\" class=\"wp-image-899\" srcset=\"https:\/\/demokratiegeschichte-bruchsal.de\/wp-content\/uploads\/2026\/03\/OWFI4641-1024x768.jpg 1024w, https:\/\/demokratiegeschichte-bruchsal.de\/wp-content\/uploads\/2026\/03\/OWFI4641-300x225.jpg 300w, https:\/\/demokratiegeschichte-bruchsal.de\/wp-content\/uploads\/2026\/03\/OWFI4641-150x113.jpg 150w, https:\/\/demokratiegeschichte-bruchsal.de\/wp-content\/uploads\/2026\/03\/OWFI4641-768x576.jpg 768w, https:\/\/demokratiegeschichte-bruchsal.de\/wp-content\/uploads\/2026\/03\/OWFI4641-1536x1152.jpg 1536w, https:\/\/demokratiegeschichte-bruchsal.de\/wp-content\/uploads\/2026\/03\/OWFI4641.jpg 2000w\" sizes=\"(max-width: 1024px) 100vw, 1024px\" \/><\/figure><\/li><\/ul><\/figure>\n\n\n\n<p><\/p>\n","protected":false},"excerpt":{"rendered":"<p>Am ersten bundesweiten &#8222;Tag der Demokratiegeschichte&#8220;, ausgerufen von Bundespr\u00e4sident Frank-Walter Steinmeier, war es in Bruchsal selbstverst\u00e4ndlich Aufgabe des F\u00f6rdervereins &#8222;Demokratiegeschichte Bruchsal&#8220;, diesen Gedenktag mit einer entsprechenden Veranstaltung zu begehen. Dankenswerterweise stellte die Sparkasse Kraichgau die Schalterhalle ihrer Bruchsaler Filiale in der Friedrichstra\u00dfe f\u00fcr einen Vortrag und die Er\u00f6ffnung einer Ausstellung von Informations-Plakaten zu diesem Thema &hellip;<\/p>\n<p class=\"read-more\"> <a class=\"\" href=\"https:\/\/demokratiegeschichte-bruchsal.de\/?page_id=896\"> <span class=\"screen-reader-text\">Tag der Demokratiegeschichte<\/span> Weiterlesen &raquo;<\/a><\/p>\n","protected":false},"author":2,"featured_media":0,"parent":0,"menu_order":0,"comment_status":"closed","ping_status":"closed","template":"","meta":[],"_links":{"self":[{"href":"https:\/\/demokratiegeschichte-bruchsal.de\/index.php?rest_route=\/wp\/v2\/pages\/896"}],"collection":[{"href":"https:\/\/demokratiegeschichte-bruchsal.de\/index.php?rest_route=\/wp\/v2\/pages"}],"about":[{"href":"https:\/\/demokratiegeschichte-bruchsal.de\/index.php?rest_route=\/wp\/v2\/types\/page"}],"author":[{"embeddable":true,"href":"https:\/\/demokratiegeschichte-bruchsal.de\/index.php?rest_route=\/wp\/v2\/users\/2"}],"replies":[{"embeddable":true,"href":"https:\/\/demokratiegeschichte-bruchsal.de\/index.php?rest_route=%2Fwp%2Fv2%2Fcomments&post=896"}],"version-history":[{"count":5,"href":"https:\/\/demokratiegeschichte-bruchsal.de\/index.php?rest_route=\/wp\/v2\/pages\/896\/revisions"}],"predecessor-version":[{"id":921,"href":"https:\/\/demokratiegeschichte-bruchsal.de\/index.php?rest_route=\/wp\/v2\/pages\/896\/revisions\/921"}],"wp:attachment":[{"href":"https:\/\/demokratiegeschichte-bruchsal.de\/index.php?rest_route=%2Fwp%2Fv2%2Fmedia&parent=896"}],"curies":[{"name":"wp","href":"https:\/\/api.w.org\/{rel}","templated":true}]}}