{"id":934,"date":"2026-03-27T14:24:36","date_gmt":"2026-03-27T13:24:36","guid":{"rendered":"http:\/\/demokratiegeschichte-bruchsal.de\/?page_id=934"},"modified":"2026-03-27T14:27:28","modified_gmt":"2026-03-27T13:27:28","slug":"stellungnahme-zu-einem-bericht-im-amtsblatt-bruchsal-nr-13-s-3","status":"publish","type":"page","link":"https:\/\/demokratiegeschichte-bruchsal.de\/?page_id=934","title":{"rendered":"Stellungnahme zu einem Bericht im Amtsblatt Bruchsal, Nr. 13, S. 3"},"content":{"rendered":"\n<h3><strong>\u201eF\u00fcnfter Band zur Stadtgeschichte vorgestellt\u201c<\/strong><br>von Dr. med Dr. phil J\u00fcrgen Dick<\/h3>\n\n\n\n<p>Wie in dem Amtsblatt-Artikel berichtet, bilden \u201eBiografien zu f\u00fchrenden K\u00f6pfen der Badischen Revolution von 1848\/49\u201c den Schwerpunkt des neuen Sammelbandes der Kommission f\u00fcr Stadtgeschichte, der am 17. M\u00e4rz in einer Veranstaltung der Kommission im Sitzungssaal des Bruchsaler Rathauses pr\u00e4sentiert wurde. Grunds\u00e4tzlich ist es im Sinne der Ausgewogenheit zu begr\u00fc\u00dfen, dass dabei mit Johann Baptist Bekk auch eine historische Person vorgestellt wird, die vornehmlich versucht hat, die Revolution durch Reformen zu verhindern. Ich selbst habe eine Bekk-Biografie im Rahmen der Planungen zu diesem Sammelband vorgeschlagen. Im Sinne einer ausgewogenen Vorstellung des Bandes w\u00e4re es allerdings w\u00fcnschenswert gewesen, bei der Veranstaltung auch die Biografien \u00fcber die Demokraten Brentano, Hammer, von Corvin-Wiersbitzki, aber auch die Beitr\u00e4ge der Autoren Entzminger, Frey, Maisch, Birkle, Lang und Jung zumindest kurz zu erw\u00e4hnen. So handelte es sich um eine mehr oder weniger exklusive Vorstellung eines einzigen Artikels aus dem Sammelband, bei der der Autor des Artikels, Professor Janssen, einen ausf\u00fchrlichen Vortrag pr\u00e4sentieren durfte.<br><br>Zum Amtsblatt-Bericht \u00fcber diesen Vortrag sind einige Anmerkungen erforderlich: Wenn in dem Artikel davon die Rede ist, dass Bekk 1849 von \u201eradikalen Kr\u00e4ften gest\u00fcrzt wurde\u201c, so kann man davon ausgehen, dass diese Begrifflichkeit bei vielen Lesern negativ konnotiert ist. Tats\u00e4chlich ist in der Geschichtsschreibung von \u201eradikalen Demokraten\u201c die Rede, die sich selbst \u201eentschiedene Demokraten\u201c nannten. Hierzu sei angemerkt, dass deren im Artikel genannten Protagonisten Hecker, Struve und Brentano im Offenburger Programm von 1847 Forderungen formulierten, die in unserem heutigen Grundgesetz wiederzufinden sind. Unerw\u00e4hnt blieb auch, dass nur die Demokraten bereit waren, die von der Nationalversammlung der Paulskirche verabschiedete, aber vom preu\u00dfischen K\u00f6nig abgelehnte Verfassung zu verteidigen, w\u00e4hrend die konstitutionellen Kr\u00e4fte, zu denen auch Bekk geh\u00f6rte, diese Entscheidung der herrschenden Obrigkeit hingenommen haben.<\/p>\n\n\n\n<p>Der Vortrag nahm im Wesentlichen Bezug auf den Bericht des dem gem\u00e4\u00dfigt-liberalen bzw. konstitutionellen Lager angeh\u00f6renden Heidelberger Professors f\u00fcr Geschichte Ludwig H\u00e4usser.&nbsp; Dessen ereignishistorisch ausf\u00fchrlich geschriebene Abhandlung verfolgt recht eindeutig das Ziel, die Aktivit\u00e4ten der demokratischen Revolutionsregierung mittels einer unsachlichen und polemischen Kommentierung zu diffamieren. Die Behauptung des aktiven Sturzes von Bekk ist nicht korrekt. Tats\u00e4chlich hat sich Bekk im Zuge der durch den Rastatter Soldatenaufstand ausgel\u00f6sten Flucht des Gro\u00dfherzogs zusammen mit anderen Ministern aus Baden abgesetzt. Als daraufhin in der Residenz Karlsruhe chaotische Zust\u00e4nde herrschten, bat der Karlsruher Stadtrat den Landesausschuss der Volksvereine mit Lorenz Brentano an der Spitze die Regierungsgesch\u00e4fte zu \u00fcbernehmen.<\/p>\n\n\n\n<p>Im Rahmen der dem Vortrag folgenden Diskussion habe ich in Form eines kritisch-konstruktiven Beitrags entsprechend eindeutig Stellung genommen, was allerdings in dem Artikel keinen Niederschlag gefunden hat.<\/p>\n\n\n\n<p>Dr. med Dr. phil. J\u00fcrgen Dick<\/p>\n\n\n\n<p>Quellen:<\/p>\n\n\n\n<p>Ludwig H\u00e4usser: Denkw\u00fcrdigkeiten zur Geschichte der badischen Revolution,Heidelberg 1851.<br>Alfred Frei, Kurt Hochstuhl: Wegbereiter der Demokratie: Die badische Revolution 1848\/49.<br>Der Traum von der Freiheit, Karlsruhe 1997, S. 105-119.<\/p>\n","protected":false},"excerpt":{"rendered":"<p>\u201eF\u00fcnfter Band zur Stadtgeschichte vorgestellt\u201cvon Dr. med Dr. phil J\u00fcrgen Dick Wie in dem Amtsblatt-Artikel berichtet, bilden \u201eBiografien zu f\u00fchrenden K\u00f6pfen der Badischen Revolution von 1848\/49\u201c den Schwerpunkt des neuen Sammelbandes der Kommission f\u00fcr Stadtgeschichte, der am 17. M\u00e4rz in einer Veranstaltung der Kommission im Sitzungssaal des Bruchsaler Rathauses pr\u00e4sentiert wurde. Grunds\u00e4tzlich ist es im &hellip;<\/p>\n<p class=\"read-more\"> <a class=\"\" href=\"https:\/\/demokratiegeschichte-bruchsal.de\/?page_id=934\"> <span class=\"screen-reader-text\">Stellungnahme zu einem Bericht im Amtsblatt Bruchsal, Nr. 13, S. 3<\/span> Weiterlesen &raquo;<\/a><\/p>\n","protected":false},"author":2,"featured_media":0,"parent":0,"menu_order":0,"comment_status":"closed","ping_status":"closed","template":"","meta":[],"_links":{"self":[{"href":"https:\/\/demokratiegeschichte-bruchsal.de\/index.php?rest_route=\/wp\/v2\/pages\/934"}],"collection":[{"href":"https:\/\/demokratiegeschichte-bruchsal.de\/index.php?rest_route=\/wp\/v2\/pages"}],"about":[{"href":"https:\/\/demokratiegeschichte-bruchsal.de\/index.php?rest_route=\/wp\/v2\/types\/page"}],"author":[{"embeddable":true,"href":"https:\/\/demokratiegeschichte-bruchsal.de\/index.php?rest_route=\/wp\/v2\/users\/2"}],"replies":[{"embeddable":true,"href":"https:\/\/demokratiegeschichte-bruchsal.de\/index.php?rest_route=%2Fwp%2Fv2%2Fcomments&post=934"}],"version-history":[{"count":2,"href":"https:\/\/demokratiegeschichte-bruchsal.de\/index.php?rest_route=\/wp\/v2\/pages\/934\/revisions"}],"predecessor-version":[{"id":937,"href":"https:\/\/demokratiegeschichte-bruchsal.de\/index.php?rest_route=\/wp\/v2\/pages\/934\/revisions\/937"}],"wp:attachment":[{"href":"https:\/\/demokratiegeschichte-bruchsal.de\/index.php?rest_route=%2Fwp%2Fv2%2Fmedia&parent=934"}],"curies":[{"name":"wp","href":"https:\/\/api.w.org\/{rel}","templated":true}]}}